{"id":25050,"date":"2024-04-19T13:48:31","date_gmt":"2024-04-19T10:48:31","guid":{"rendered":"https:\/\/zooprekes24.lt\/produktas\/brit-veterinary-diets-recovery-wet-85g\/"},"modified":"2026-03-09T12:45:33","modified_gmt":"2026-03-09T10:45:33","slug":"brit-veterinarais-uzturs-atjaunojosais-mitrais-85g","status":"publish","type":"product","link":"https:\/\/zooprekes24.lt\/lv\/produktas\/brit-veterinary-diets-recovery-wet-85g\/","title":{"rendered":"Brit Veterinary Diets Recovery konservi ka\u0137iem"},"content":{"rendered":"<h3>Brit Veterinary Diets Recovery ir pilnv\u0113rt\u012bga un sabalans\u0113ta di\u0113tisk\u0101 bar\u012bba ka\u0137iem, kas atvese\u013cojas p\u0113c da\u017e\u0101d\u0101m slim\u012bb\u0101m vai oper\u0101cij\u0101m. Gar\u0161\u012bga la\u0161a formula.<\/h3>\n<h3><span style=\"color: #4079bf;\">Indik\u0101cijas:<\/span><\/h3>\n<ul>\n<li>Dz\u012bvnieka apet\u012bte ir stipri samazin\u0101jusies.<\/li>\n<li>Atvese\u013co\u0161an\u0101s (atvese\u013co\u0161an\u0101s) laik\u0101.<\/li>\n<li>atvese\u013co\u0161an\u0101s laik\u0101 p\u0113c oper\u0101cijas vai nopietnas slim\u012bbas.<\/li>\n<li>Papildin\u0101ts ar organiskiem mikroelementiem.<\/li>\n<li><a href=\"https:\/\/zooprekes24.lt\/lv\/?s=konservai&amp;post_type=product\">P\u0101rtikas konservi<\/a> piem\u0113rots jebkura vecuma ka\u0137iem.<\/li>\n<li>Brit Veterinary Diets Recovery neizmanto cukuru, soju vai \u0122MO.<\/li>\n<li>L-metion\u012bns \/ L-argin\u012bns \/ glutam\u012bns \/ L-karnit\u012bns - \u0101trai atvese\u013co\u0161anai.<\/li>\n<li>Lai sasniegtu vislab\u0101ko un efekt\u012bv\u0101ko rezult\u0101tu, ieteicams lietot kop\u0101 ar <a href=\"https:\/\/britvetdiets.com\/\" target=\"_blank\" rel=\"noopener\">Brit veterin\u0101r\u0101s di\u0113tas<\/a> saus\u0101 p\u0101rtika.<\/li>\n<\/ul>\n<p><a ref=\"magnificPopup\" href=\"https:\/\/zooprekes24.lt\/wp-content\/uploads\/Brit-Veterinary-Diets-Grain-free-logo.png\"><img loading=\"lazy\" decoding=\"async\" class=\"alignnone wp-image-16429\" src=\"https:\/\/zooprekes24.lt\/wp-content\/uploads\/Brit-Veterinary-Diets-Grain-free-logo.png\" alt=\"Brit Veterinary Diets Grain-free logo\" width=\"150\" height=\"151\" \/><\/a><\/p>","protected":false},"excerpt":{"rendered":"<p>Brit Veterinary Diets Recovery &#8211; visavertis ir subalansuotas dietinis pa\u0161aras skirtas ka\u010di\u0173 mitybos atk\u016brimui sveikstant po \u012fvairi\u0173 lig\u0173 arba sveikimui po operacij\u0173. Gardi la\u0161i\u0161os formul\u0117. Indikacijos: Stipriai suma\u017e\u0117jas gyv\u016bno apetitas. Pasveikimo (rekonvalescencijos) metu. Atsistatymo po operacijos ar sunkios ligos metu. Papildyta organiniais mikroelementais. Konservai tinkami vis\u0173 am\u017eiaus grupi\u0173 kat\u0117ms. Brit Veterinary Diets Recovery sud\u0117tyje n\u0117ra&#8230;<\/p>","protected":false},"featured_media":21061,"comment_status":"closed","ping_status":"closed","template":"","meta":{"_acf_changed":false,"slim_seo":{"title":"Brit Veterinary Diets Recovery konservai kat\u0117ms - Zooprekes24","description":"Brit Veterinary Diets Recovery ir pilnv\u0113rt\u012bga un sabalans\u0113ta di\u0113tisk\u0101 bar\u012bba ka\u0137iem, kas atvese\u013cojas p\u0113c da\u017e\u0101d\u0101m slim\u012bb\u0101m vai oper\u0101cij\u0101m."},"iawp_total_views":75},"product_brand":[],"product_cat":[9234,72,83,25,9020,9037],"product_tag":[1642,1643,1644,1646,1650,4730,4731,4732,4733,418],"class_list":{"0":"post-25050","1":"product","2":"type-product","3":"status-publish","4":"has-post-thumbnail","6":"product_cat-brit-veterinary-diets-katems","7":"product_cat-kaciu-maistas","8":"product_cat-kaciu-prekiu-gamintojai","9":"product_cat-katems","10":"product_cat-slapias-maistas-kaciu-maistas","11":"product_cat-veterinarine-dieta-kaciu-maistas","12":"product_tag-brit-care-konservuotas-edalas-sunims","13":"product_tag-brit-care-veterinariniai-konservai","14":"product_tag-brit-konservai-skardineje","15":"product_tag-brit-vd-konservai","16":"product_tag-brit-veterinariniai-konservai","17":"product_tag-konservai-po-ligos-katei","18":"product_tag-konservai-po-ligos-suniui","19":"product_tag-konservai-po-operacijos-katems","20":"product_tag-konservai-po-operacijos-sunims","21":"product_tag-konservuotas-maistas-sunims","22":"pa_pasaro-sudetis-kepeneles","23":"pa_pasaro-sudetis-lasisa","24":"pa_pasaro-sudetis-vistiena","25":"pa_pasaro-sudetis-zuvis","26":"pa_prekiu-zenklai-brit-veterinary-diets","28":"first","29":"instock","30":"featured","31":"taxable","32":"shipping-taxable","33":"purchasable","34":"product-type-variable"},"acf":[],"_links":{"self":[{"href":"https:\/\/zooprekes24.lt\/lv\/wp-json\/wp\/v2\/product\/25050","targetHints":{"allow":["GET"]}}],"collection":[{"href":"https:\/\/zooprekes24.lt\/lv\/wp-json\/wp\/v2\/product"}],"about":[{"href":"https:\/\/zooprekes24.lt\/lv\/wp-json\/wp\/v2\/types\/product"}],"replies":[{"embeddable":true,"href":"https:\/\/zooprekes24.lt\/lv\/wp-json\/wp\/v2\/comments?post=25050"}],"wp:featuredmedia":[{"embeddable":true,"href":"https:\/\/zooprekes24.lt\/lv\/wp-json\/wp\/v2\/media\/21061"}],"wp:attachment":[{"href":"https:\/\/zooprekes24.lt\/lv\/wp-json\/wp\/v2\/media?parent=25050"}],"wp:term":[{"taxonomy":"product_brand","embeddable":true,"href":"https:\/\/zooprekes24.lt\/lv\/wp-json\/wp\/v2\/product_brand?post=25050"},{"taxonomy":"product_cat","embeddable":true,"href":"https:\/\/zooprekes24.lt\/lv\/wp-json\/wp\/v2\/product_cat?post=25050"},{"taxonomy":"product_tag","embeddable":true,"href":"https:\/\/zooprekes24.lt\/lv\/wp-json\/wp\/v2\/product_tag?post=25050"}],"curies":[{"name":"wp","href":"https:\/\/api.w.org\/{rel}","templated":true}]}}