{"id":25044,"date":"2024-04-19T13:48:31","date_gmt":"2024-04-19T10:48:31","guid":{"rendered":"https:\/\/zooprekes24.lt\/produktas\/brit-veterinary-diets-renal-wet-85g\/"},"modified":"2026-01-13T11:18:51","modified_gmt":"2026-01-13T09:18:51","slug":"brit-veterinarais-uzturs-nieru-dieta-85g","status":"publish","type":"product","link":"https:\/\/zooprekes24.lt\/lv\/produktas\/brit-veterinary-diets-renal-wet-85g\/","title":{"rendered":"Brit Veterinary Diets Renal konservi ka\u0137iem"},"content":{"rendered":"<h3>Brit Veterinary Diets Renal ir pilnv\u0113rt\u012bgs un sabalans\u0113ts uzturs ka\u0137iem ar nieru mazsp\u0113ju. Gar\u0161\u012bga la\u0161a formula.<\/h3>\n<h3><span style=\"color: #f0a794;\">Indik\u0101cijas:\u00a0<\/span><\/h3>\n<ul>\n<li>Hroniska nieru mazsp\u0113ja.<\/li>\n<\/ul>\n<h3><span style=\"color: #f0a794;\">Kontrindik\u0101cijas:<\/span><\/h3>\n<ul>\n<li>Ka\u0137\u0113ni.<\/li>\n<li>Gr\u016btnieces un ka\u0137enes lakt\u0101cijas period\u0101.<\/li>\n<li>Papildin\u0101ts ar organiskiem mikroelementiem.<\/li>\n<li>K\u0101lija citr\u0101ts - nieru vesel\u012bbas uztur\u0113\u0161anai.<\/li>\n<li>Hitos\u0101ns - fosfora uz\u0146em\u0161anas kontrole.<\/li>\n<li><a href=\"https:\/\/zooprekes24.lt\/lv\/kategorija\/prekes-katems\/ciema-partika\/slapias-kaciu-maistas\/\" target=\"_blank\" rel=\"noopener\">P\u0101rtikas konservi<\/a> piem\u0113rots jebkura vecuma ka\u0137iem.<\/li>\n<li>Brit Veterinary Diets Renal neizmanto cukuru, soju vai \u0122MO.<\/li>\n<li>Lai sasniegtu vislab\u0101ko un efekt\u012bv\u0101ko rezult\u0101tu, ieteicams lietot kop\u0101 ar <a href=\"https:\/\/britvetdiets.com\/\" target=\"_blank\" rel=\"noopener\">Brit veterin\u0101r\u0101s di\u0113tas<\/a> saus\u0101 p\u0101rtika.<\/li>\n<\/ul>\n<p><a ref=\"magnificPopup\" href=\"https:\/\/zooprekes24.lt\/wp-content\/uploads\/Brit-Veterinary-Diets-Grain-free-logo.png\"><img loading=\"lazy\" decoding=\"async\" class=\"alignnone wp-image-16429\" src=\"https:\/\/zooprekes24.lt\/wp-content\/uploads\/Brit-Veterinary-Diets-Grain-free-logo.png\" alt=\"Brit Veterinary Diets Grain-free logo\" width=\"150\" height=\"151\" \/><\/a><\/p>","protected":false},"excerpt":{"rendered":"<p>Brit Veterinary Diets Renal &#8211; visavertis ir subalansuotas dietinis pa\u0161aras skirtas kat\u0117ms sergan\u010dioms inkst\u0173 nepakankamumu. Gardi la\u0161i\u0161os formul\u0117. Indikacijos:\u00a0 L\u0117tinis inkst\u0173 nepakankamumas. Kontraindikacijos: Ka\u010diukai. N\u0117\u0161\u010dios ir \u017eindan\u010dios kat\u0117s. Papildyta organiniais mikroelementais. Kalio citratas &#8211; inkst\u0173 b\u016bkl\u0117s palaikymas. Chitozanas &#8211; fosforo suvartojimo kontrol\u0117. Konservai tinkami vis\u0173 am\u017eiaus grupi\u0173 kat\u0117ms. Brit Veterinary Diets Renal sud\u0117tyje n\u0117ra naudojamas&#8230;<\/p>","protected":false},"featured_media":21058,"comment_status":"closed","ping_status":"closed","template":"","meta":{"_acf_changed":false,"slim_seo":{"title":"Brit Veterinary Diets Renal konservai kat\u0117ms - Zooprekes24","description":"Brit Veterinary Diets Renal ir pilnv\u0113rt\u012bgs un sabalans\u0113ts uzturs ka\u0137iem ar nieru mazsp\u0113ju. Gar\u0161\u012bga la\u0161a formula. Indik\u0101cijas:\u00a0"},"iawp_total_views":314},"product_brand":[],"product_cat":[9234,72,83,25,9020,9037],"product_tag":[4971,1643,1644,1646,1650,5004,2173],"class_list":{"0":"post-25044","1":"product","2":"type-product","3":"status-publish","4":"has-post-thumbnail","6":"product_cat-brit-veterinary-diets-katems","7":"product_cat-kaciu-maistas","8":"product_cat-kaciu-prekiu-gamintojai","9":"product_cat-katems","10":"product_cat-slapias-maistas-kaciu-maistas","11":"product_cat-veterinarine-dieta-kaciu-maistas","12":"product_tag-brit-care-konservuotas-edalas-katems","13":"product_tag-brit-care-veterinariniai-konservai","14":"product_tag-brit-konservai-skardineje","15":"product_tag-brit-vd-konservai","16":"product_tag-brit-veterinariniai-konservai","17":"product_tag-kaciu-inkstu-nepakankamumas","18":"product_tag-konservuotas-maistas-katems","19":"pa_pasaro-sudetis-kepeneles","20":"pa_pasaro-sudetis-lasisa","21":"pa_pasaro-sudetis-vistiena","22":"pa_pasaro-sudetis-zuvis","23":"pa_prekiu-zenklai-brit-veterinary-diets","25":"first","26":"instock","27":"featured","28":"taxable","29":"shipping-taxable","30":"purchasable","31":"product-type-variable"},"acf":[],"_links":{"self":[{"href":"https:\/\/zooprekes24.lt\/lv\/wp-json\/wp\/v2\/product\/25044","targetHints":{"allow":["GET"]}}],"collection":[{"href":"https:\/\/zooprekes24.lt\/lv\/wp-json\/wp\/v2\/product"}],"about":[{"href":"https:\/\/zooprekes24.lt\/lv\/wp-json\/wp\/v2\/types\/product"}],"replies":[{"embeddable":true,"href":"https:\/\/zooprekes24.lt\/lv\/wp-json\/wp\/v2\/comments?post=25044"}],"wp:featuredmedia":[{"embeddable":true,"href":"https:\/\/zooprekes24.lt\/lv\/wp-json\/wp\/v2\/media\/21058"}],"wp:attachment":[{"href":"https:\/\/zooprekes24.lt\/lv\/wp-json\/wp\/v2\/media?parent=25044"}],"wp:term":[{"taxonomy":"product_brand","embeddable":true,"href":"https:\/\/zooprekes24.lt\/lv\/wp-json\/wp\/v2\/product_brand?post=25044"},{"taxonomy":"product_cat","embeddable":true,"href":"https:\/\/zooprekes24.lt\/lv\/wp-json\/wp\/v2\/product_cat?post=25044"},{"taxonomy":"product_tag","embeddable":true,"href":"https:\/\/zooprekes24.lt\/lv\/wp-json\/wp\/v2\/product_tag?post=25044"}],"curies":[{"name":"wp","href":"https:\/\/api.w.org\/{rel}","templated":true}]}}