{"id":25041,"date":"2024-04-19T13:48:21","date_gmt":"2024-04-19T10:48:21","guid":{"rendered":"https:\/\/zooprekes24.lt\/produktas\/brit-veterinary-diets-gastro-wet-85g\/"},"modified":"2025-07-28T14:36:55","modified_gmt":"2025-07-28T12:36:55","slug":"brit-veterinaras-dietas-gastro-wet-85g","status":"publish","type":"product","link":"https:\/\/zooprekes24.lt\/lv\/produktas\/brit-veterinary-diets-gastro-wet-85g\/","title":{"rendered":"Brit Veterinary Diets Gastrointestinal konservu bar\u012bba ka\u0137iem"},"content":{"rendered":"<h3>Brit Veterinary Diets Gastrointestinal ir pilnv\u0113rt\u012bgs un sabalans\u0113ts uzturs ka\u0137iem ar ku\u0146\u0123a un zarnu trakta probl\u0113m\u0101m. Gar\u0161\u012bga j\u0113ra ga\u013cas formula.<\/h3>\n<h3><span style=\"color: #b6b6da;\">Indik\u0101cijas:<\/span><\/h3>\n<ul>\n<li>Gremo\u0161anas trauc\u0113jumi.<\/li>\n<li>Pastiprin\u0101ta v\u0113dera p\u016b\u0161an\u0101s.<\/li>\n<li>Ak\u016bts un hronisks pankreat\u012bts.<\/li>\n<li>Eksokr\u012bn\u0101 aizku\u0146\u0123a dziedzera nepietiekam\u012bba (EPI).<\/li>\n<li>Ku\u0146\u0123a un zarnu trakta darb\u012bbas trauc\u0113jumi (caureja, vem\u0161ana).<\/li>\n<li>Ku\u0146\u0123a un zarnu trakta nomierino\u0161s l\u012bdzeklis p\u0113c caurejas vai vem\u0161anas.<\/li>\n<\/ul>\n<hr \/>\n<ul>\n<li>Papildin\u0101ts ar organiskiem mikroelementiem.<\/li>\n<li><a href=\"https:\/\/zooprekes24.lt\/lv\/kategorija\/prekes-katems\/ciema-partika\/slapias-kaciu-maistas\/\" target=\"_blank\" rel=\"noopener\">P\u0101rtikas konservi<\/a> piem\u0113rots jebkura vecuma ka\u0137iem.<\/li>\n<li>Raugs un kl\u012bnoptilol\u012bts - gremo\u0161anas trakta darb\u012bbas atbalsts.<\/li>\n<li>Brit Veterinary Diets Gastrointestinal neizmanto cukuru, soju vai \u0122MO.<\/li>\n<li>Lai sasniegtu vislab\u0101ko un efekt\u012bv\u0101ko rezult\u0101tu, ieteicams lietot kop\u0101 ar <a href=\"https:\/\/britvetdiets.com\/\" target=\"_blank\" rel=\"noopener\">Brit veterin\u0101r\u0101s di\u0113tas<\/a> saus\u0101 p\u0101rtika.<\/li>\n<\/ul>\n<p><a ref=\"magnificPopup\" href=\"https:\/\/zooprekes24.lt\/wp-content\/uploads\/Brit-Veterinary-Diets-Grain-free-logo.png\"><img loading=\"lazy\" decoding=\"async\" class=\"alignnone wp-image-16429\" src=\"https:\/\/zooprekes24.lt\/wp-content\/uploads\/Brit-Veterinary-Diets-Grain-free-logo.png\" alt=\"Brit Veterinary Diets Grain-free logo\" width=\"150\" height=\"151\" \/><\/a><\/p>","protected":false},"excerpt":{"rendered":"<p>Brit Veterinary Diets Gastrointestinal &#8211; visavertis ir subalansuotas dietinis pa\u0161aras skirtas kat\u0117ms su skrand\u017eio ir \u017earnyno problemomis. Gardi \u0117rienos formul\u0117. Indikacijos: Vir\u0161kinimo sutrikimai. Padid\u0117j\u0119s viduri\u0173 p\u016btimas. \u016aminis ir l\u0117tinis pankreatitas. Egzokrininis kasos nepakankamumas (EPI). Vir\u0161kinimo trakto sutrikimai (viduriavimas, v\u0117mimas). Vir\u0161kinimo trakto raminimas po viduriavimo ar v\u0117mimo. Papildyta organiniais mikroelementais. Konservai tinkami vis\u0173 am\u017eiaus grupi\u0173 kat\u0117ms&#8230;.<\/p>","protected":false},"featured_media":21057,"comment_status":"closed","ping_status":"closed","template":"","meta":{"_acf_changed":false,"slim_seo":{"title":"Brit Veterinary Diets Gastrointestinal konservai kat\u0117ms - Zooprekes24","description":"Brit Veterinary Diets Gastrointestinal ir pilnv\u0113rt\u012bgs un sabalans\u0113ts uzturs ka\u0137iem ar ku\u0146\u0123a un zarnu trakta probl\u0113m\u0101m. Gar\u0161\u012bga j\u0113ra ga\u013cas formula."},"iawp_total_views":198},"product_brand":[],"product_cat":[9234,72,83,25,9020,9037],"product_tag":[4971,1643,1644,1646,1650,5004,2173],"class_list":{"0":"post-25041","1":"product","2":"type-product","3":"status-publish","4":"has-post-thumbnail","6":"product_cat-brit-veterinary-diets-katems","7":"product_cat-kaciu-maistas","8":"product_cat-kaciu-prekiu-gamintojai","9":"product_cat-katems","10":"product_cat-slapias-maistas-kaciu-maistas","11":"product_cat-veterinarine-dieta-kaciu-maistas","12":"product_tag-brit-care-konservuotas-edalas-katems","13":"product_tag-brit-care-veterinariniai-konservai","14":"product_tag-brit-konservai-skardineje","15":"product_tag-brit-vd-konservai","16":"product_tag-brit-veterinariniai-konservai","17":"product_tag-kaciu-inkstu-nepakankamumas","18":"product_tag-konservuotas-maistas-katems","19":"pa_pasaro-sudetis-eriena","20":"pa_pasaro-sudetis-kepeneles","21":"pa_pasaro-sudetis-vistiena","22":"pa_prekiu-zenklai-brit-veterinary-diets","24":"first","25":"instock","26":"featured","27":"taxable","28":"shipping-taxable","29":"purchasable","30":"product-type-variable"},"acf":[],"_links":{"self":[{"href":"https:\/\/zooprekes24.lt\/lv\/wp-json\/wp\/v2\/product\/25041","targetHints":{"allow":["GET"]}}],"collection":[{"href":"https:\/\/zooprekes24.lt\/lv\/wp-json\/wp\/v2\/product"}],"about":[{"href":"https:\/\/zooprekes24.lt\/lv\/wp-json\/wp\/v2\/types\/product"}],"replies":[{"embeddable":true,"href":"https:\/\/zooprekes24.lt\/lv\/wp-json\/wp\/v2\/comments?post=25041"}],"wp:featuredmedia":[{"embeddable":true,"href":"https:\/\/zooprekes24.lt\/lv\/wp-json\/wp\/v2\/media\/21057"}],"wp:attachment":[{"href":"https:\/\/zooprekes24.lt\/lv\/wp-json\/wp\/v2\/media?parent=25041"}],"wp:term":[{"taxonomy":"product_brand","embeddable":true,"href":"https:\/\/zooprekes24.lt\/lv\/wp-json\/wp\/v2\/product_brand?post=25041"},{"taxonomy":"product_cat","embeddable":true,"href":"https:\/\/zooprekes24.lt\/lv\/wp-json\/wp\/v2\/product_cat?post=25041"},{"taxonomy":"product_tag","embeddable":true,"href":"https:\/\/zooprekes24.lt\/lv\/wp-json\/wp\/v2\/product_tag?post=25041"}],"curies":[{"name":"wp","href":"https:\/\/api.w.org\/{rel}","templated":true}]}}