{"id":25035,"date":"2024-04-19T13:48:21","date_gmt":"2024-04-19T10:48:21","guid":{"rendered":"https:\/\/zooprekes24.lt\/produktas\/brit-care-tuna-soup-katems\/"},"modified":"2026-04-01T18:24:53","modified_gmt":"2026-04-01T16:24:53","slug":"britu-aprupes-tunzivju-zupa-katems","status":"publish","type":"product","link":"https:\/\/zooprekes24.lt\/lv\/produktas\/brit-care-tuna-soup-katems\/","title":{"rendered":"Brit Care Tunzivju zupa zupas dz\u0113riens ka\u0137iem"},"content":{"rendered":"<div class=\"benefits\">\n<h3>Brit Care Tunzivju zupa - gar\u0161\u012bga tunzivju zupa pieaugu\u0161iem ka\u0137iem. Ide\u0101li piem\u0113rots k\u0101 saus\u0101s bar\u012bbas papildin\u0101jums m\u0101jdz\u012bvniekiem, kuri aizmirst dzert. Piem\u0113rota steriliz\u0113tiem ka\u0137iem.<\/h3>\n<ul>\n<li>Lielisks saus\u0101s bar\u012bbas papildin\u0101jums.<\/li>\n<li>Piem\u0113rots steriliz\u0113tiem <a href=\"https:\/\/zooprekes24.lt\/lv\/kategorija\/prekes-katems\/\" target=\"_blank\" rel=\"noopener\">ka\u0137iem<\/a>.<\/li>\n<li>Papildin\u0101ts ar taur\u012bnu, ka\u0137u z\u0101li un probiotik\u0101m.<\/li>\n<li>Nodro\u0161ina \u0161\u0137idrumu ka\u0137iem ar zemu \u016bdens pat\u0113ri\u0146u.<\/li>\n<li>Viena porcija iepakojum\u0101 nodro\u0161ina perfektu gar\u0161u.<\/li>\n<li><a href=\"https:\/\/brit-petfood.com\/en\/\" target=\"_blank\" rel=\"noopener\">Brit<\/a> Care Tunzivju zupa ir ide\u0101li piem\u0113rota vesel\u012bgu un jut\u012bgu ka\u0137u di\u0113tas da\u017e\u0101do\u0161anai.<\/li>\n<li>Regul\u0101ra un pietiekama \u0161\u0137idruma uz\u0146em\u0161ana var pal\u012bdz\u0113t mazin\u0101t ur\u012bnce\u013cu probl\u0113mas.<\/li>\n<\/ul>\n<\/div>","protected":false},"excerpt":{"rendered":"<p>Brit Care Tunzivju zupa - gar\u0161\u012bga tunzivju zupa pieaugu\u0161iem ka\u0137iem. Ide\u0101li piem\u0113rots k\u0101 saus\u0101s bar\u012bbas papildin\u0101jums m\u0101jdz\u012bvniekiem, kuri aizmirst dzert. Piem\u0113rota steriliz\u0113tiem ka\u0137iem. Lielisks saus\u0101s bar\u012bbas papildin\u0101jums. Piem\u0113rots steriliz\u0113tiem ka\u0137iem. Papildin\u0101ta ar taur\u012bnu, ka\u0137u z\u0101li un probiotik\u0101m. Sniedz \u0161\u0137idrumu ka\u0137iem ar zemu \u016bdens pat\u0113ri\u0146u. Viena porcija iepakojum\u0101 nodro\u0161ina lielisku gar\u0161u. Brit Care Tunzivju zupa...<\/p>","protected":false},"featured_media":27875,"comment_status":"closed","ping_status":"closed","template":"","meta":{"_acf_changed":false,"slim_seo":{"title":"Brit Care Tuna Soup sriubos g\u0117rimas kat\u0117ms - Zooprekes24","description":"Brit Care Tunzivju zupa - gar\u0161\u012bga tunzivju zupa pieaugu\u0161iem ka\u0137iem. Ide\u0101li piem\u0113rots k\u0101 saus\u0101s bar\u012bbas papildin\u0101jums m\u0101jdz\u012bvniekiem, kuri aizmirst dzert. Piem\u0113rots"},"iawp_total_views":213},"product_brand":[],"product_cat":[9027,9047,72,83,25,9020],"product_tag":[8211,2168,1675,2173,6919],"class_list":{"0":"post-25035","1":"product","2":"type-product","3":"status-publish","4":"has-post-thumbnail","6":"product_cat-begrudis-maistas-kaciu-maistas","7":"product_cat-brit-care-kaciu-prekiu-gamintojai","8":"product_cat-kaciu-maistas","9":"product_cat-kaciu-prekiu-gamintojai","10":"product_cat-katems","11":"product_cat-slapias-maistas-kaciu-maistas","12":"product_tag-brit-care-sriuba-katems","13":"product_tag-brit-slapias-maistas","14":"product_tag-kaciu-edalas","15":"product_tag-konservuotas-maistas-katems","16":"product_tag-sriuba-katems","17":"pa_pasaro-sudetis-katzole","18":"pa_pasaro-sudetis-tunas","19":"pa_pasaro-sudetis-vistiena","20":"pa_pasaro-sudetis-zuvis","21":"pa_prekiu-zenklai-brit-care","23":"first","24":"instock","25":"featured","26":"taxable","27":"shipping-taxable","28":"purchasable","29":"product-type-variable"},"acf":[],"_links":{"self":[{"href":"https:\/\/zooprekes24.lt\/lv\/wp-json\/wp\/v2\/product\/25035","targetHints":{"allow":["GET"]}}],"collection":[{"href":"https:\/\/zooprekes24.lt\/lv\/wp-json\/wp\/v2\/product"}],"about":[{"href":"https:\/\/zooprekes24.lt\/lv\/wp-json\/wp\/v2\/types\/product"}],"replies":[{"embeddable":true,"href":"https:\/\/zooprekes24.lt\/lv\/wp-json\/wp\/v2\/comments?post=25035"}],"wp:featuredmedia":[{"embeddable":true,"href":"https:\/\/zooprekes24.lt\/lv\/wp-json\/wp\/v2\/media\/27875"}],"wp:attachment":[{"href":"https:\/\/zooprekes24.lt\/lv\/wp-json\/wp\/v2\/media?parent=25035"}],"wp:term":[{"taxonomy":"product_brand","embeddable":true,"href":"https:\/\/zooprekes24.lt\/lv\/wp-json\/wp\/v2\/product_brand?post=25035"},{"taxonomy":"product_cat","embeddable":true,"href":"https:\/\/zooprekes24.lt\/lv\/wp-json\/wp\/v2\/product_cat?post=25035"},{"taxonomy":"product_tag","embeddable":true,"href":"https:\/\/zooprekes24.lt\/lv\/wp-json\/wp\/v2\/product_tag?post=25035"}],"curies":[{"name":"wp","href":"https:\/\/api.w.org\/{rel}","templated":true}]}}