{"id":25032,"date":"2024-04-19T13:48:21","date_gmt":"2024-04-19T10:48:21","guid":{"rendered":"https:\/\/zooprekes24.lt\/produktas\/brit-care-salmon-soup-katems\/"},"modified":"2026-04-01T18:23:52","modified_gmt":"2026-04-01T16:23:52","slug":"britu-aprupe-lasa-zupa-katems","status":"publish","type":"product","link":"https:\/\/zooprekes24.lt\/lv\/produktas\/brit-care-salmon-soup-katems\/","title":{"rendered":"Brit Care La\u0161a zupas dz\u0113riens ka\u0137iem"},"content":{"rendered":"<div class=\"benefits\">\n<h3>Brit Care La\u0161a zupa - gar\u0161\u012bga la\u0161a zupa pieaugu\u0161iem ka\u0137iem. Ide\u0101li piem\u0113rots k\u0101 saus\u0101s bar\u012bbas papildin\u0101jums m\u0101jdz\u012bvniekiem, kuri aizmirst dzert. Piem\u0113rota steriliz\u0113tiem ka\u0137iem.<\/h3>\n<ul>\n<li>Lielisks saus\u0101s bar\u012bbas papildin\u0101jums.<\/li>\n<li>Piem\u0113rots steriliz\u0113tiem <a href=\"https:\/\/zooprekes24.lt\/lv\/kategorija\/prekes-katems\/\" target=\"_blank\" rel=\"noopener\">ka\u0137iem<\/a>.<\/li>\n<li>Papildin\u0101ts ar taur\u012bnu, ka\u0137u z\u0101li un probiotik\u0101m.<\/li>\n<li>Nodro\u0161ina \u0161\u0137idrumu ka\u0137iem ar zemu \u016bdens pat\u0113ri\u0146u.<\/li>\n<li>Viena porcija iepakojum\u0101 nodro\u0161ina perfektu gar\u0161u.<\/li>\n<li><a href=\"https:\/\/brit-petfood.com\/en\/\" target=\"_blank\" rel=\"noopener\">Brit<\/a> Care La\u0161a zupa ir ide\u0101li piem\u0113rota vesel\u012bgu un jut\u012bgu ka\u0137u di\u0113tas da\u017e\u0101do\u0161anai.<\/li>\n<li>Regul\u0101ra un pietiekama \u0161\u0137idruma uz\u0146em\u0161ana var pal\u012bdz\u0113t mazin\u0101t ur\u012bnce\u013cu probl\u0113mas.<\/li>\n<\/ul>\n<\/div>","protected":false},"excerpt":{"rendered":"<p>Brit Care Salmon Soup &#8211; sriuba su skania la\u0161i\u0161a suaugusioms kat\u0117ms. Puikiai tinka kaip sauso \u0117dalo papildymas augintiniams, kurie pamir\u0161ta, jog reikia gerti. Tinka sterilizuotoms kat\u0117ms. Puikus sauso \u0117dalo papildas. Tinka sterilizuotoms kat\u0117ms. Sud\u0117tis papildyta taurinu, kat\u017eole ir probiotikais. Suteikia skys\u010di\u0173 ma\u017eai vandens lakan\u010dioms kat\u0117ms. Vienkartin\u0117 porcija pakuot\u0117je u\u017etikrina nepriekai\u0161ting\u0105 skon\u012f. Brit Care Salmon Soup&#8230;<\/p>","protected":false},"featured_media":27807,"comment_status":"closed","ping_status":"closed","template":"","meta":{"_acf_changed":false,"slim_seo":{"title":"Brit Care Salmon Soup sriubos g\u0117rimas kat\u0117ms - Zooprekes24","description":"Brit Care La\u0161a zupa - gar\u0161\u012bga la\u0161a zupa pieaugu\u0161iem ka\u0137iem. Ide\u0101li piem\u0113rots k\u0101 saus\u0101s bar\u012bbas papildin\u0101jums m\u0101jdz\u012bvniekiem, kuri aizmirst dzert. Ti"},"iawp_total_views":287},"product_brand":[],"product_cat":[9027,9047,72,83,25,9020],"product_tag":[8211,2168,1675,2173,6919],"class_list":{"0":"post-25032","1":"product","2":"type-product","3":"status-publish","4":"has-post-thumbnail","6":"product_cat-begrudis-maistas-kaciu-maistas","7":"product_cat-brit-care-kaciu-prekiu-gamintojai","8":"product_cat-kaciu-maistas","9":"product_cat-kaciu-prekiu-gamintojai","10":"product_cat-katems","11":"product_cat-slapias-maistas-kaciu-maistas","12":"product_tag-brit-care-sriuba-katems","13":"product_tag-brit-slapias-maistas","14":"product_tag-kaciu-edalas","15":"product_tag-konservuotas-maistas-katems","16":"product_tag-sriuba-katems","17":"pa_pasaro-sudetis-katzole","18":"pa_pasaro-sudetis-lasisa","19":"pa_pasaro-sudetis-vistiena","20":"pa_pasaro-sudetis-zuvis","21":"pa_prekiu-zenklai-brit-care","23":"first","24":"instock","25":"featured","26":"taxable","27":"shipping-taxable","28":"purchasable","29":"product-type-variable"},"acf":[],"_links":{"self":[{"href":"https:\/\/zooprekes24.lt\/lv\/wp-json\/wp\/v2\/product\/25032","targetHints":{"allow":["GET"]}}],"collection":[{"href":"https:\/\/zooprekes24.lt\/lv\/wp-json\/wp\/v2\/product"}],"about":[{"href":"https:\/\/zooprekes24.lt\/lv\/wp-json\/wp\/v2\/types\/product"}],"replies":[{"embeddable":true,"href":"https:\/\/zooprekes24.lt\/lv\/wp-json\/wp\/v2\/comments?post=25032"}],"wp:featuredmedia":[{"embeddable":true,"href":"https:\/\/zooprekes24.lt\/lv\/wp-json\/wp\/v2\/media\/27807"}],"wp:attachment":[{"href":"https:\/\/zooprekes24.lt\/lv\/wp-json\/wp\/v2\/media?parent=25032"}],"wp:term":[{"taxonomy":"product_brand","embeddable":true,"href":"https:\/\/zooprekes24.lt\/lv\/wp-json\/wp\/v2\/product_brand?post=25032"},{"taxonomy":"product_cat","embeddable":true,"href":"https:\/\/zooprekes24.lt\/lv\/wp-json\/wp\/v2\/product_cat?post=25032"},{"taxonomy":"product_tag","embeddable":true,"href":"https:\/\/zooprekes24.lt\/lv\/wp-json\/wp\/v2\/product_tag?post=25032"}],"curies":[{"name":"wp","href":"https:\/\/api.w.org\/{rel}","templated":true}]}}