{"id":25023,"date":"2024-04-19T13:48:10","date_gmt":"2024-04-19T10:48:10","guid":{"rendered":"https:\/\/zooprekes24.lt\/produktas\/josera-adult-turkey-konservai-katems\/"},"modified":"2026-03-02T15:04:31","modified_gmt":"2026-03-02T13:04:31","slug":"josera-pieauguso-titara-konservi-kakiem","status":"publish","type":"product","link":"https:\/\/zooprekes24.lt\/lv\/produktas\/josera-adult-turkey-konservai-katems\/","title":{"rendered":"Josera Adult Turkey konservi ka\u0137iem"},"content":{"rendered":"<h3>Josera Adult Turkey &#8211; visavertis \u0161lapias maistas suaugusioms kat\u0117ms su sultinga kalakutiena. Naudingas augintinio \u0161lapimo tak\u0173 ir skrand\u017eio veiklai. Be gr\u016bd\u0173.<\/h3>\n<ul>\n<li>Pritaikytas suaugusioms kat\u0117ms.<\/li>\n<li>Galimyb\u0117 rinktis i\u0161 dviej\u0173 skardini\u0173 dyd\u017ei\u0173 85 g arba 200 g.<\/li>\n<li>La\u0161i\u0161\u0173 aliejus suteikia verting\u0173 Omega-3 ir Omega-6 riebal\u0173 r\u016bg\u0161\u010di\u0173.<\/li>\n<li>Optimalus mineralini\u0173 med\u017eiag\u0173 kiekis palaiko \u0161lapimo pH\u00a0ir suma\u017eina \u0161lapimo akmen\u0173 susidarymo tikimyb\u0119.<\/li>\n<li>Su specialiomis augalin\u0117mis skaidulomis i\u0161 gyslo\u010dio s\u0117kl\u0173, padedan\u010diomis i\u0161vengti plauk\u0173 kamuoliuk\u0173 susidarymo.<\/li>\n<li><a href=\"https:\/\/www.josera.lt\/\">Josera Adult Turkey<\/a>\u00a0sukurtas atsi\u017evelgiant \u012f <a href=\"https:\/\/zooprekes24.lt\/kategorija\/prekes-katems\/kaciu-maistas\/slapias-kaciu-maistas\/?filters=kates-amzius[381]\">suaugusi\u0173 ka\u010di\u0173<\/a> poreikius tad ne tik apr\u016bpina kat\u0117s organizm\u0105 reikalingais mineralais ir vitaminais, bet ir yra optimalus kasdien\u0117s dietos be gr\u016bd\u0173 pasirinkimas sveikoms ir jautrioms kat\u0117ms.<\/li>\n<\/ul>\n","protected":false},"excerpt":{"rendered":"<p>Josera Adult Turkey &#8211; visavertis \u0161lapias maistas suaugusioms kat\u0117ms su sultinga kalakutiena. Naudingas augintinio \u0161lapimo tak\u0173 ir skrand\u017eio veiklai. Be gr\u016bd\u0173. Pritaikytas suaugusioms kat\u0117ms. Galimyb\u0117 rinktis i\u0161 dviej\u0173 skardini\u0173 dyd\u017ei\u0173 85 g arba 200 g. La\u0161i\u0161\u0173 aliejus suteikia verting\u0173 Omega-3 ir Omega-6 riebal\u0173 r\u016bg\u0161\u010di\u0173. Optimalus mineralini\u0173 med\u017eiag\u0173 kiekis palaiko \u0161lapimo pH\u00a0ir suma\u017eina \u0161lapimo akmen\u0173 susidarymo&#8230;<\/p>","protected":false},"featured_media":21036,"comment_status":"closed","ping_status":"closed","template":"","meta":{"_acf_changed":false,"slim_seo":{"title":"Josera Adult Turkey konservai kat\u0117ms - Zooprekes24","description":"Josera Adult Turkey ir pilnv\u0113rt\u012bga mitr\u0101 bar\u012bba pieaugu\u0161iem ka\u0137iem ar sul\u012bgu t\u012btaru ga\u013cu. Labi piem\u0113rota m\u0101jdz\u012bvnieka ur\u012bnce\u013ciem un ku\u0146\u0123im. Nesatur graudus. P"},"iawp_total_views":70},"product_brand":[],"product_cat":[9027,9081,72,83,25,9020],"product_tag":[6851,6883],"class_list":{"0":"post-25023","1":"product","2":"type-product","3":"status-publish","4":"has-post-thumbnail","6":"product_cat-begrudis-maistas-kaciu-maistas","7":"product_cat-josera-kaciu-prekiu-gamintojai","8":"product_cat-kaciu-maistas","9":"product_cat-kaciu-prekiu-gamintojai","10":"product_cat-katems","11":"product_cat-slapias-maistas-kaciu-maistas","12":"product_tag-josera-pasaras-katems","13":"product_tag-josera-slapias-edalas-katems","14":"pa_pasaro-sudetis-darzoves","15":"pa_pasaro-sudetis-kalakutiena","16":"pa_pasaro-sudetis-kepeneles","17":"pa_pasaro-sudetis-paukstiena","18":"pa_pasaro-sudetis-sirdys","19":"pa_pasaro-sudetis-vistiena","20":"pa_prekiu-zenklai-josera","22":"first","23":"instock","24":"featured","25":"taxable","26":"shipping-taxable","27":"purchasable","28":"product-type-variable"},"acf":[],"_links":{"self":[{"href":"https:\/\/zooprekes24.lt\/lv\/wp-json\/wp\/v2\/product\/25023","targetHints":{"allow":["GET"]}}],"collection":[{"href":"https:\/\/zooprekes24.lt\/lv\/wp-json\/wp\/v2\/product"}],"about":[{"href":"https:\/\/zooprekes24.lt\/lv\/wp-json\/wp\/v2\/types\/product"}],"replies":[{"embeddable":true,"href":"https:\/\/zooprekes24.lt\/lv\/wp-json\/wp\/v2\/comments?post=25023"}],"wp:featuredmedia":[{"embeddable":true,"href":"https:\/\/zooprekes24.lt\/lv\/wp-json\/wp\/v2\/media\/21036"}],"wp:attachment":[{"href":"https:\/\/zooprekes24.lt\/lv\/wp-json\/wp\/v2\/media?parent=25023"}],"wp:term":[{"taxonomy":"product_brand","embeddable":true,"href":"https:\/\/zooprekes24.lt\/lv\/wp-json\/wp\/v2\/product_brand?post=25023"},{"taxonomy":"product_cat","embeddable":true,"href":"https:\/\/zooprekes24.lt\/lv\/wp-json\/wp\/v2\/product_cat?post=25023"},{"taxonomy":"product_tag","embeddable":true,"href":"https:\/\/zooprekes24.lt\/lv\/wp-json\/wp\/v2\/product_tag?post=25023"}],"curies":[{"name":"wp","href":"https:\/\/api.w.org\/{rel}","templated":true}]}}