{"id":25014,"date":"2024-04-19T13:48:10","date_gmt":"2024-04-19T10:48:10","guid":{"rendered":"https:\/\/zooprekes24.lt\/produktas\/josera-adult-beef-konservai-katems\/"},"modified":"2026-03-02T15:04:29","modified_gmt":"2026-03-02T13:04:29","slug":"josera-liellopu-galas-konservi-kakiem-pieaugusajiem","status":"publish","type":"product","link":"https:\/\/zooprekes24.lt\/lv\/produktas\/josera-adult-beef-konservai-katems\/","title":{"rendered":"Josera Adult liellopa ga\u013cas konservi ka\u0137iem"},"content":{"rendered":"<h3>Josera Adult Beef &#8211; visavertis \u0161lapias maistas suaugusioms kat\u0117ms su sultinga jautiena. Naudingas augintinio \u0161lapimo tak\u0173 ir skrand\u017eio veiklai. Be gr\u016bd\u0173.<\/h3>\n<ul>\n<li>Pritaikytas suaugusioms kat\u0117ms.<\/li>\n<li>Galimyb\u0117 rinktis i\u0161 dviej\u0173 skardini\u0173 dyd\u017ei\u0173 85 g arba 200 g.<\/li>\n<li>La\u0161i\u0161\u0173 aliejus suteikia verting\u0173 Omega-3 ir Omega-6 riebal\u0173 r\u016bg\u0161\u010di\u0173.<\/li>\n<li>Optimalus mineralini\u0173 med\u017eiag\u0173 kiekis palaiko \u0161lapimo pH\u00a0ir suma\u017eina \u0161lapimo akmen\u0173 susidarymo tikimyb\u0119.<\/li>\n<li>Su specialiomis augalin\u0117mis skaidulomis i\u0161 gyslo\u010dio s\u0117kl\u0173, padedan\u010diomis i\u0161vengti plauk\u0173 kamuoliuk\u0173 susidarymo.<\/li>\n<li><a href=\"https:\/\/www.josera.lt\/\">Josera Adult Beef<\/a>\u00a0sukurtas atsi\u017evelgiant \u012f <a href=\"https:\/\/zooprekes24.lt\/kategorija\/prekes-katems\/kaciu-maistas\/slapias-kaciu-maistas\/?filters=kates-amzius[381]\">suaugusi\u0173 ka\u010di\u0173<\/a> poreikius tad ne tik apr\u016bpina kat\u0117s organizm\u0105 reikalingais mineralais ir vitaminais, bet ir yra optimalus kasdien\u0117s dietos be gr\u016bd\u0173 pasirinkimas sveikoms ir jautrioms kat\u0117ms.<\/li>\n<\/ul>\n","protected":false},"excerpt":{"rendered":"<p>Josera Adult Beef &#8211; visavertis \u0161lapias maistas suaugusioms kat\u0117ms su sultinga jautiena. Naudingas augintinio \u0161lapimo tak\u0173 ir skrand\u017eio veiklai. Be gr\u016bd\u0173. Pritaikytas suaugusioms kat\u0117ms. Galimyb\u0117 rinktis i\u0161 dviej\u0173 skardini\u0173 dyd\u017ei\u0173 85 g arba 200 g. La\u0161i\u0161\u0173 aliejus suteikia verting\u0173 Omega-3 ir Omega-6 riebal\u0173 r\u016bg\u0161\u010di\u0173. Optimalus mineralini\u0173 med\u017eiag\u0173 kiekis palaiko \u0161lapimo pH\u00a0ir suma\u017eina \u0161lapimo akmen\u0173 susidarymo&#8230;<\/p>","protected":false},"featured_media":21027,"comment_status":"closed","ping_status":"closed","template":"","meta":{"_acf_changed":false,"slim_seo":{"title":"Josera Adult Beef konservai kat\u0117ms - Zooprekes24","description":"Josera Adult Beef ir pilnv\u0113rt\u012bga mitr\u0101 bar\u012bba pieaugu\u0161iem ka\u0137iem ar sul\u012bgu liellopu ga\u013cu. Labi piem\u0113rota m\u0101jdz\u012bvnieka ur\u012bnce\u013ciem un ku\u0146\u0123im. Nesatur graudus. Priti"},"iawp_total_views":148},"product_brand":[],"product_cat":[9027,9081,72,83,25,9020],"product_tag":[6851,6883],"class_list":{"0":"post-25014","1":"product","2":"type-product","3":"status-publish","4":"has-post-thumbnail","6":"product_cat-begrudis-maistas-kaciu-maistas","7":"product_cat-josera-kaciu-prekiu-gamintojai","8":"product_cat-kaciu-maistas","9":"product_cat-kaciu-prekiu-gamintojai","10":"product_cat-katems","11":"product_cat-slapias-maistas-kaciu-maistas","12":"product_tag-josera-pasaras-katems","13":"product_tag-josera-slapias-edalas-katems","14":"pa_pasaro-sudetis-jautiena","15":"pa_pasaro-sudetis-kepeneles","16":"pa_pasaro-sudetis-kiauliena","17":"pa_pasaro-sudetis-sirdys","18":"pa_pasaro-sudetis-vistiena","19":"pa_prekiu-zenklai-josera","21":"first","22":"instock","23":"featured","24":"taxable","25":"shipping-taxable","26":"purchasable","27":"product-type-variable"},"acf":[],"_links":{"self":[{"href":"https:\/\/zooprekes24.lt\/lv\/wp-json\/wp\/v2\/product\/25014","targetHints":{"allow":["GET"]}}],"collection":[{"href":"https:\/\/zooprekes24.lt\/lv\/wp-json\/wp\/v2\/product"}],"about":[{"href":"https:\/\/zooprekes24.lt\/lv\/wp-json\/wp\/v2\/types\/product"}],"replies":[{"embeddable":true,"href":"https:\/\/zooprekes24.lt\/lv\/wp-json\/wp\/v2\/comments?post=25014"}],"wp:featuredmedia":[{"embeddable":true,"href":"https:\/\/zooprekes24.lt\/lv\/wp-json\/wp\/v2\/media\/21027"}],"wp:attachment":[{"href":"https:\/\/zooprekes24.lt\/lv\/wp-json\/wp\/v2\/media?parent=25014"}],"wp:term":[{"taxonomy":"product_brand","embeddable":true,"href":"https:\/\/zooprekes24.lt\/lv\/wp-json\/wp\/v2\/product_brand?post=25014"},{"taxonomy":"product_cat","embeddable":true,"href":"https:\/\/zooprekes24.lt\/lv\/wp-json\/wp\/v2\/product_cat?post=25014"},{"taxonomy":"product_tag","embeddable":true,"href":"https:\/\/zooprekes24.lt\/lv\/wp-json\/wp\/v2\/product_tag?post=25014"}],"curies":[{"name":"wp","href":"https:\/\/api.w.org\/{rel}","templated":true}]}}