{"id":25008,"date":"2024-04-19T13:48:10","date_gmt":"2024-04-19T10:48:10","guid":{"rendered":"https:\/\/zooprekes24.lt\/produktas\/honeycat-silikoninis-kraikas-katems-3-8l\/"},"modified":"2024-08-14T17:13:54","modified_gmt":"2024-08-14T14:13:54","slug":"honeycat-silikona-kaku-pakaisi-3-8l","status":"publish","type":"product","link":"https:\/\/zooprekes24.lt\/lv\/produktas\/honeycat-silikoninis-kraikas-katems-3-8l\/","title":{"rendered":"HoneyCat silikona ka\u0137u pakai\u0161i 3.8L"},"content":{"rendered":"<h3>HoneyCat Silikona ka\u0137u pakai\u0161iem - 100% 100% dab\u012bgs, biolo\u0123iski no\u0101rd\u0101ms, netoksisks un videi draudz\u012bgs produkts.<\/h3>\n<ul>\n<li>Antibakteri\u0101la formula bez smar\u017eviel\u0101m.<\/li>\n<li>Nesatur toksiskas vai kait\u012bgas vielas.<\/li>\n<li>Izv\u0113lieties sev piem\u0113rotu daudzumu: vien\u0101 iepakojum\u0101 ir 3,8 l (1,5 kg), kast\u0113 ir 3,8 l x 8 gabali (12 kg).<\/li>\n<li>Silikona <a href=\"https:\/\/zooprekes24.lt\/lv\/kategorija\/prekes-katems\/higienas-un-tirisanas-lidzekli-kakiem\/kraikas-katems\/\" target=\"_blank\" rel=\"noopener\">ka\u0137u pakai\u0161i<\/a> ir 100% dab\u012bgs, biolo\u0123iski no\u0101rd\u0101ms, netoksisks un videi draudz\u012bgs.<\/li>\n<li>Pateicoties ka\u0137u pakai\u0161u granulu \u012bpa\u0161ajai formai un izm\u0113ram, t\u0101s nepielipst pie ka\u0137a ka\u017eoka vai \u0137ep\u0101m un nekairina saimnieka acis vai degunu, str\u0101d\u0101jot ar pakai\u0161iem.<\/li>\n<li><a href=\"https:\/\/www.youtube.com\/watch?v=J5Jk8yzu_Jg\" target=\"_blank\" rel=\"noopener\">Miljoniem mikroskopisku poru<\/a> katr\u0101 HoneyCat granul\u012bt\u0113 eso\u0161\u0101s granulas \u0101tri uzs\u016bc \u0161\u0137idrumus k\u0101 s\u016bklis, t\u0101p\u0113c nepat\u012bkamas smakas un net\u012brumi tiek notur\u0113ti iek\u0161pus\u0113 un gaiss un vide paliek t\u012bra.<\/li>\n<\/ul>","protected":false},"excerpt":{"rendered":"<p>HoneyCat silikoninis kraikas kat\u0117ms &#8211; 100% procent\u0173 nat\u016bralus, skaidomas bioorganizm\u0173, netoksi\u0161kas ir ekologi\u0161kas produktas. Bekvap\u0117, antibakterin\u0117 formul\u0117. Sud\u0117tyje n\u0117ra toksi\u0161k\u0173 ar kenksming\u0173 med\u017eiag\u0173. Rinkit\u0117s Jums patog\u0173 kiek\u012f: vienoje pakuot\u0117je yra 3.8L (1.5 kg), d\u0117\u017e\u0117je rasite 3.8L x 8 vnt (12 kg). Silikoninis ka\u010di\u0173 kraikas yra 100 procent\u0173 nat\u016bralus, skaidomas bioorganizm\u0173, netoksi\u0161kas ir ekologi\u0161kas. D\u0117ka specialios&#8230;<\/p>","protected":false},"featured_media":21025,"comment_status":"closed","ping_status":"closed","template":"","meta":{"_acf_changed":false,"slim_seo":{"title":"HoneyCat silikoninis kraikas kat\u0117ms 3.8L - Zooprekes24","description":"HoneyCat Silikona ka\u0137u pakai\u0161iem - 100% 100% dab\u012bgs, biolo\u0123iski no\u0101rd\u0101ms, netoksisks un videi draudz\u012bgs produkts. Bez smar\u017eas, antibakteri\u0101la formula. Sud"},"iawp_total_views":62},"product_brand":[],"product_cat":[78,25,9009],"product_tag":[],"class_list":{"0":"post-25008","1":"product","2":"type-product","3":"status-publish","4":"has-post-thumbnail","6":"product_cat-higiena-ir-prieziura-katems","7":"product_cat-katems","8":"product_cat-kraikas","9":"pa_kraiko-rusis-silikagelis","10":"pa_prekiu-zenklai-honeycat","12":"first","13":"instock","14":"featured","15":"taxable","16":"shipping-taxable","17":"purchasable","18":"product-type-variable"},"acf":[],"_links":{"self":[{"href":"https:\/\/zooprekes24.lt\/lv\/wp-json\/wp\/v2\/product\/25008","targetHints":{"allow":["GET"]}}],"collection":[{"href":"https:\/\/zooprekes24.lt\/lv\/wp-json\/wp\/v2\/product"}],"about":[{"href":"https:\/\/zooprekes24.lt\/lv\/wp-json\/wp\/v2\/types\/product"}],"replies":[{"embeddable":true,"href":"https:\/\/zooprekes24.lt\/lv\/wp-json\/wp\/v2\/comments?post=25008"}],"wp:featuredmedia":[{"embeddable":true,"href":"https:\/\/zooprekes24.lt\/lv\/wp-json\/wp\/v2\/media\/21025"}],"wp:attachment":[{"href":"https:\/\/zooprekes24.lt\/lv\/wp-json\/wp\/v2\/media?parent=25008"}],"wp:term":[{"taxonomy":"product_brand","embeddable":true,"href":"https:\/\/zooprekes24.lt\/lv\/wp-json\/wp\/v2\/product_brand?post=25008"},{"taxonomy":"product_cat","embeddable":true,"href":"https:\/\/zooprekes24.lt\/lv\/wp-json\/wp\/v2\/product_cat?post=25008"},{"taxonomy":"product_tag","embeddable":true,"href":"https:\/\/zooprekes24.lt\/lv\/wp-json\/wp\/v2\/product_tag?post=25008"}],"curies":[{"name":"wp","href":"https:\/\/api.w.org\/{rel}","templated":true}]}}