{"id":24957,"date":"2024-04-19T13:47:28","date_gmt":"2024-04-19T10:47:28","guid":{"rendered":"https:\/\/zooprekes24.lt\/produktas\/belocat-tofu-kaciu-kraikas-citrinu-kvapo\/"},"modified":"2024-06-19T15:16:57","modified_gmt":"2024-06-19T12:16:57","slug":"belocat-tofu-pilu-pakaisi-ar-citrona-garsu","status":"publish","type":"product","link":"https:\/\/zooprekes24.lt\/lv\/produktas\/belocat-tofu-kaciu-kraikas-citrinu-kvapo\/","title":{"rendered":"Belocat Tofu ka\u0137u pakai\u0161i, citronu smar\u017ea"},"content":{"rendered":"<h3>Belocat Tofu ir viena no jaun\u0101kaj\u0101m dab\u012bgo pakai\u0161u \u0161\u0137irn\u0113m ka\u0137iem. Izgatavots no 100% dabisk\u0101s zir\u0146u \u0161\u0137iedras, bez sint\u0113tisk\u0101m piedev\u0101m un kr\u0101sviel\u0101m. <a href=\"https:\/\/zooprekes24.lt\/lv\/?s=Kraikas&amp;post_type=product&amp;product_cat=0\" target=\"_blank\" rel=\"noopener noreferrer\">Ka\u0137u pakai\u0161i<\/a> \u0101tri absorb\u0113 mitrumu un neitraliz\u0113 nepat\u012bkamas smakas. Tas ir ar\u012b \u012bpa\u0161i saudz\u012bgs pret jut\u012bg\u0101m ka\u0137u p\u0113d\u0101m. Kad tas k\u013c\u016bst mitrs, \u0161is pakai\u0161s sabl\u012bv\u0113jas cietos gabali\u0146os, kurus j\u016bs varat viegli un \u0101tri iz\u0146emt no ka\u0137a tualetes.<\/h3>\n<ul>\n<li>Svaigs citrona arom\u0101ts, kas lieliski neitraliz\u0113 nepat\u012bkamas smakas.<\/li>\n<li>J\u016bsu m\u012blu\u013ca p\u0113das vienm\u0113r paliek t\u012bras, neatst\u0101jot p\u0113das, un j\u016bsu m\u0101joklis ir piln\u012bgi t\u012brs.<\/li>\n<li>Pateicoties dabiskajam sast\u0101vam, pakai\u0161i ir biolo\u0123iski no\u0101rd\u0101mi un \u0161\u0137\u012bst \u016bden\u012b. Var dro\u0161i izskalot tualet\u0113.<\/li>\n<li>Atkritumi ir piln\u012bgi videi draudz\u012bgi. Produkts ir biolo\u0123iski no\u0101rd\u0101ms, to var kompost\u0113t un izmantot k\u0101 dabisku m\u0113slojumu.<\/li>\n<li>Zir\u0146u \u0161\u0137iedra ir Belocat pakai\u0161u galven\u0101 sast\u0101vda\u013ca. T\u0101 nesatur sint\u0113tiskas piedevas un kr\u0101svielas, t\u0101p\u0113c t\u0101 nav toksiska un 100% dro\u0161a ka\u0137iem.<\/li>\n<li>Tofu pakai\u0161u izgatavo\u0161anai netiek izmantota koksne, t\u0101p\u0113c netiek izcirsti koki, t\u0101d\u0113j\u0101di aizsarg\u0101jot vidi. Pateicoties unik\u0101laj\u0101m sast\u0101vda\u013c\u0101m, pakai\u0161u pakai\u0161i nesadal\u0101s, t\u0101p\u0113c tie ir dro\u0161i gan m\u0101jdz\u012bvniekiem, gan vi\u0146u saimniekiem.<\/li>\n<\/ul>","protected":false},"excerpt":{"rendered":"<p>Belocat Tofu ir viena no jaun\u0101kaj\u0101m dab\u012bgo pakai\u0161u \u0161\u0137irn\u0113m ka\u0137iem. Izgatavots no 100% dabisk\u0101s zir\u0146u \u0161\u0137iedras, bez sint\u0113tisk\u0101m piedev\u0101m un kr\u0101sviel\u0101m. Ka\u0137u pakai\u0161i \u0101tri uzs\u016bc mitrumu un neitraliz\u0113 nepat\u012bkamas smakas. Tas ir ar\u012b \u012bpa\u0161i saudz\u012bgs pret jut\u012bg\u0101m ka\u0137u p\u0113d\u0101m. Kad tas k\u013c\u016bst slapj\u0161, \u0161is pakai\u0161s sabl\u012bv\u0113jas cietos gabali\u0146os, kurus var viegli un \u0101tri iz\u0146emt no ka\u0137a pakai\u0161u kastes. Svaigais citrona arom\u0101ts, kas...<\/p>","protected":false},"featured_media":21014,"comment_status":"closed","ping_status":"closed","template":"","meta":{"_acf_changed":false,"slim_seo":{"title":"Belocat Tofu ka\u010di\u0173 kraikas, Citrin\u0173 kvapo - Zooprekes24","description":"Belocat Tofu ir viena no jaun\u0101kaj\u0101m dab\u012bgo pakai\u0161u \u0161\u0137irn\u0113m ka\u0137iem. Izgatavots no 100% dabisk\u0101s zir\u0146u \u0161\u0137iedras, bez sint\u0113tisk\u0101m piedev\u0101m un kr\u0101sviel\u0101m."},"iawp_total_views":131},"product_brand":[],"product_cat":[9080,78,83,25,9009],"product_tag":[],"class_list":{"0":"post-24957","1":"product","2":"type-product","3":"status-publish","4":"has-post-thumbnail","6":"product_cat-belocat-katems","7":"product_cat-higiena-ir-prieziura-katems","8":"product_cat-kaciu-prekiu-gamintojai","9":"product_cat-katems","10":"product_cat-kraikas","11":"pa_kraiko-rusis-tofu","12":"pa_prekiu-zenklai-belocat","14":"first","15":"instock","16":"sale","17":"featured","18":"taxable","19":"shipping-taxable","20":"purchasable","21":"product-type-variable"},"acf":[],"_links":{"self":[{"href":"https:\/\/zooprekes24.lt\/lv\/wp-json\/wp\/v2\/product\/24957","targetHints":{"allow":["GET"]}}],"collection":[{"href":"https:\/\/zooprekes24.lt\/lv\/wp-json\/wp\/v2\/product"}],"about":[{"href":"https:\/\/zooprekes24.lt\/lv\/wp-json\/wp\/v2\/types\/product"}],"replies":[{"embeddable":true,"href":"https:\/\/zooprekes24.lt\/lv\/wp-json\/wp\/v2\/comments?post=24957"}],"wp:featuredmedia":[{"embeddable":true,"href":"https:\/\/zooprekes24.lt\/lv\/wp-json\/wp\/v2\/media\/21014"}],"wp:attachment":[{"href":"https:\/\/zooprekes24.lt\/lv\/wp-json\/wp\/v2\/media?parent=24957"}],"wp:term":[{"taxonomy":"product_brand","embeddable":true,"href":"https:\/\/zooprekes24.lt\/lv\/wp-json\/wp\/v2\/product_brand?post=24957"},{"taxonomy":"product_cat","embeddable":true,"href":"https:\/\/zooprekes24.lt\/lv\/wp-json\/wp\/v2\/product_cat?post=24957"},{"taxonomy":"product_tag","embeddable":true,"href":"https:\/\/zooprekes24.lt\/lv\/wp-json\/wp\/v2\/product_tag?post=24957"}],"curies":[{"name":"wp","href":"https:\/\/api.w.org\/{rel}","templated":true}]}}