{"id":24791,"date":"2024-04-19T13:45:41","date_gmt":"2024-04-19T10:45:41","guid":{"rendered":"https:\/\/zooprekes24.lt\/produktas\/josera-josicat-beef-in-sauce-katems\/"},"modified":"2026-03-02T15:04:35","modified_gmt":"2026-03-02T13:04:35","slug":"josera-josicat-liellopu-gala-merce-katems","status":"publish","type":"product","link":"https:\/\/zooprekes24.lt\/lv\/produktas\/josera-josicat-beef-in-sauce-katems\/","title":{"rendered":"Josera JosiCat JosiCat Liellopu ga\u013ca m\u0113rc\u0113 Konservi ka\u0137u bar\u012bbai m\u0113rc\u0113"},"content":{"rendered":"<h3>Josera JosiCat Beef in Sauce &#8211; visavertis, \u0161lapias maistas su jautiena pada\u017ee suaugusioms kat\u0117ms.<strong>\u00a0<\/strong>Be da\u017eikli\u0173 ir konservant\u0173.<\/h3>\n<ul>\n<li>Idealiai tinka kasdienei mitybai.<\/li>\n<li>Vitaminas D3 padeda palaikyti stipri\u0173 kaul\u0173 vystym\u0105si.<\/li>\n<li>Vitaminas E prisideda prie augintinio l\u0105steli\u0173 apsaugos gerinimo.<\/li>\n<li>Be dirbtini\u0173 produkt\u0173:\u00a0da\u017eikli\u0173, kvapi\u0173j\u0173 med\u017eiag\u0173 ar konservant\u0173.<\/li>\n<li>Burnoje tirpstantys jautienos gabal\u0117liai gard\u017eiame pada\u017ee patiks net i\u0161rankiausiems gurmanams.<\/li>\n<li><a href=\"https:\/\/www.josera.lt\/\">Josera JosiCat Beef in Sauce<\/a> sukurtas atsi\u017evelgiant \u012f <a href=\"https:\/\/zooprekes24.lt\/kategorija\/prekes-katems\/kaciu-maistas\/slapias-kaciu-maistas\/?filters=kates-amzius[381]\">suaugusi\u0173 ka\u010di\u0173<\/a> poreikius tad ne tik apr\u016bpina kat\u0117s organizm\u0105 reikalingais mineralais ir vitaminais, bet ir yra be da\u017eikli\u0173 ir konservant\u0173.<\/li>\n<\/ul>\n","protected":false},"excerpt":{"rendered":"<p>Josera JosiCat Beef in Sauce &#8211; visavertis, \u0161lapias maistas su jautiena pada\u017ee suaugusioms kat\u0117ms.\u00a0Be da\u017eikli\u0173 ir konservant\u0173. Idealiai tinka kasdienei mitybai. Vitaminas D3 padeda palaikyti stipri\u0173 kaul\u0173 vystym\u0105si. Vitaminas E prisideda prie augintinio l\u0105steli\u0173 apsaugos gerinimo. Be dirbtini\u0173 produkt\u0173:\u00a0da\u017eikli\u0173, kvapi\u0173j\u0173 med\u017eiag\u0173 ar konservant\u0173. Burnoje tirpstantys jautienos gabal\u0117liai gard\u017eiame pada\u017ee patiks net i\u0161rankiausiems gurmanams. Josera JosiCat&#8230;<\/p>","protected":false},"featured_media":20870,"comment_status":"closed","ping_status":"closed","template":"","meta":{"_acf_changed":false,"slim_seo":{"title":"Josera JosiCat Beef in Sauce konservai kat\u0117ms pada\u017ee - Zooprekes24","description":"Josera JosiCat JosiCat Beef in Sauce ir pilnv\u0113rt\u012bga, mitra bar\u012bba ar liellopu ga\u013cu m\u0113rc\u0113 pieaugu\u0161iem ka\u0137iem.   Nesatur kr\u0101svielas un konservantus. Ide\u0101li piem\u0113rots ikdienas baro\u0161anai"},"iawp_total_views":49},"product_brand":[],"product_cat":[9081,72,83,25,9020],"product_tag":[],"class_list":{"0":"post-24791","1":"product","2":"type-product","3":"status-publish","4":"has-post-thumbnail","6":"product_cat-josera-kaciu-prekiu-gamintojai","7":"product_cat-kaciu-maistas","8":"product_cat-kaciu-prekiu-gamintojai","9":"product_cat-katems","10":"product_cat-slapias-maistas-kaciu-maistas","11":"pa_pasaro-sudetis-jautiena","12":"pa_pasaro-sudetis-zuvis","13":"pa_prekiu-zenklai-josera","15":"first","16":"instock","17":"featured","18":"taxable","19":"shipping-taxable","20":"purchasable","21":"product-type-variable"},"acf":[],"_links":{"self":[{"href":"https:\/\/zooprekes24.lt\/lv\/wp-json\/wp\/v2\/product\/24791","targetHints":{"allow":["GET"]}}],"collection":[{"href":"https:\/\/zooprekes24.lt\/lv\/wp-json\/wp\/v2\/product"}],"about":[{"href":"https:\/\/zooprekes24.lt\/lv\/wp-json\/wp\/v2\/types\/product"}],"replies":[{"embeddable":true,"href":"https:\/\/zooprekes24.lt\/lv\/wp-json\/wp\/v2\/comments?post=24791"}],"wp:featuredmedia":[{"embeddable":true,"href":"https:\/\/zooprekes24.lt\/lv\/wp-json\/wp\/v2\/media\/20870"}],"wp:attachment":[{"href":"https:\/\/zooprekes24.lt\/lv\/wp-json\/wp\/v2\/media?parent=24791"}],"wp:term":[{"taxonomy":"product_brand","embeddable":true,"href":"https:\/\/zooprekes24.lt\/lv\/wp-json\/wp\/v2\/product_brand?post=24791"},{"taxonomy":"product_cat","embeddable":true,"href":"https:\/\/zooprekes24.lt\/lv\/wp-json\/wp\/v2\/product_cat?post=24791"},{"taxonomy":"product_tag","embeddable":true,"href":"https:\/\/zooprekes24.lt\/lv\/wp-json\/wp\/v2\/product_tag?post=24791"}],"curies":[{"name":"wp","href":"https:\/\/api.w.org\/{rel}","templated":true}]}}