{"id":24789,"date":"2024-04-19T13:45:41","date_gmt":"2024-04-19T10:45:41","guid":{"rendered":"https:\/\/zooprekes24.lt\/produktas\/josera-josicat-fish-in-sauce-katems\/"},"modified":"2026-03-02T15:04:34","modified_gmt":"2026-03-02T13:04:34","slug":"josera-josicat-zivis-merce-katems","status":"publish","type":"product","link":"https:\/\/zooprekes24.lt\/lv\/produktas\/josera-josicat-fish-in-sauce-katems\/","title":{"rendered":"Josera JosiCat Fish in Sauce Konservi ka\u0137iem m\u0113rc\u0113"},"content":{"rendered":"<h3>Josera JosiCat Fish in Sauce &#8211; visavertis, \u0161lapias maistas su \u017euvimi pada\u017ee suaugusioms kat\u0117ms.<strong>\u00a0<\/strong>Be da\u017eikli\u0173 ir konservant\u0173.<\/h3>\n<ul>\n<li>Idealiai tinka kasdienei mitybai.<\/li>\n<li>Vitaminas D3 padeda palaikyti stipri\u0173 kaul\u0173 vystym\u0105si.<\/li>\n<li>Vitaminas E prisideda prie augintinio l\u0105steli\u0173 apsaugos gerinimo.<\/li>\n<li>Be dirbtini\u0173 produkt\u0173:\u00a0da\u017eikli\u0173, kvapi\u0173j\u0173 med\u017eiag\u0173 ar konservant\u0173.<\/li>\n<li>Burnoje tirpstantys menk\u0117s gabal\u0117liai gard\u017eiame pada\u017ee patiks net i\u0161rankiausiems gurmanams.<\/li>\n<li><a href=\"https:\/\/www.josera.lt\/\">Josera JosiCat Fish in Sauce<\/a> sukurtas atsi\u017evelgiant \u012f <a href=\"https:\/\/zooprekes24.lt\/kategorija\/prekes-katems\/kaciu-maistas\/slapias-kaciu-maistas\/?filters=kates-amzius[381]\">suaugusi\u0173 ka\u010di\u0173<\/a> poreikius tad ne tik apr\u016bpina kat\u0117s organizm\u0105 reikalingais mineralais ir vitaminais, bet ir yra be da\u017eikli\u0173 ir konservant\u0173.<\/li>\n<\/ul>\n","protected":false},"excerpt":{"rendered":"<p>Josera JosiCat Fish in Sauce &#8211; visavertis, \u0161lapias maistas su \u017euvimi pada\u017ee suaugusioms kat\u0117ms.\u00a0Be da\u017eikli\u0173 ir konservant\u0173. Idealiai tinka kasdienei mitybai. Vitaminas D3 padeda palaikyti stipri\u0173 kaul\u0173 vystym\u0105si. Vitaminas E prisideda prie augintinio l\u0105steli\u0173 apsaugos gerinimo. Be dirbtini\u0173 produkt\u0173:\u00a0da\u017eikli\u0173, kvapi\u0173j\u0173 med\u017eiag\u0173 ar konservant\u0173. Burnoje tirpstantys menk\u0117s gabal\u0117liai gard\u017eiame pada\u017ee patiks net i\u0161rankiausiems gurmanams. Josera JosiCat&#8230;<\/p>","protected":false},"featured_media":20868,"comment_status":"closed","ping_status":"closed","template":"","meta":{"_acf_changed":false,"slim_seo":{"title":"Josera JosiCat Fish in Sauce konservai kat\u0117ms pada\u017ee - Zooprekes24","description":"Josera JosiCat Fish in Sauce ir pilnv\u0113rt\u012bga mitr\u0101 bar\u012bba ar ziv\u012bm m\u0113rc\u0113 pieaugu\u0161iem ka\u0137iem.   Bez kr\u0101sviel\u0101m un konservantiem. Ide\u0101li piem\u0113rots ikdienas baro\u0161anai."},"iawp_total_views":48},"product_brand":[],"product_cat":[9081,72,83,25,9020],"product_tag":[],"class_list":{"0":"post-24789","1":"product","2":"type-product","3":"status-publish","4":"has-post-thumbnail","6":"product_cat-josera-kaciu-prekiu-gamintojai","7":"product_cat-kaciu-maistas","8":"product_cat-kaciu-prekiu-gamintojai","9":"product_cat-katems","10":"product_cat-slapias-maistas-kaciu-maistas","11":"pa_pasaro-sudetis-zuvis","12":"pa_prekiu-zenklai-josera","14":"first","15":"instock","16":"featured","17":"taxable","18":"shipping-taxable","19":"purchasable","20":"product-type-variable"},"acf":[],"_links":{"self":[{"href":"https:\/\/zooprekes24.lt\/lv\/wp-json\/wp\/v2\/product\/24789","targetHints":{"allow":["GET"]}}],"collection":[{"href":"https:\/\/zooprekes24.lt\/lv\/wp-json\/wp\/v2\/product"}],"about":[{"href":"https:\/\/zooprekes24.lt\/lv\/wp-json\/wp\/v2\/types\/product"}],"replies":[{"embeddable":true,"href":"https:\/\/zooprekes24.lt\/lv\/wp-json\/wp\/v2\/comments?post=24789"}],"wp:featuredmedia":[{"embeddable":true,"href":"https:\/\/zooprekes24.lt\/lv\/wp-json\/wp\/v2\/media\/20868"}],"wp:attachment":[{"href":"https:\/\/zooprekes24.lt\/lv\/wp-json\/wp\/v2\/media?parent=24789"}],"wp:term":[{"taxonomy":"product_brand","embeddable":true,"href":"https:\/\/zooprekes24.lt\/lv\/wp-json\/wp\/v2\/product_brand?post=24789"},{"taxonomy":"product_cat","embeddable":true,"href":"https:\/\/zooprekes24.lt\/lv\/wp-json\/wp\/v2\/product_cat?post=24789"},{"taxonomy":"product_tag","embeddable":true,"href":"https:\/\/zooprekes24.lt\/lv\/wp-json\/wp\/v2\/product_tag?post=24789"}],"curies":[{"name":"wp","href":"https:\/\/api.w.org\/{rel}","templated":true}]}}