{"id":24787,"date":"2024-04-19T13:45:41","date_gmt":"2024-04-19T10:45:41","guid":{"rendered":"https:\/\/zooprekes24.lt\/produktas\/josera-josicat-chicken-in-jelly-katems\/"},"modified":"2026-03-02T15:04:33","modified_gmt":"2026-03-02T13:04:33","slug":"josera-josicat-vistas-zeleja-katemas","status":"publish","type":"product","link":"https:\/\/zooprekes24.lt\/lv\/produktas\/josera-josicat-chicken-in-jelly-katems\/","title":{"rendered":"Josera JosiCat Chicken in Jelly \u017eeleja ka\u0137iem \u017eelej\u0101"},"content":{"rendered":"<h3>Josera JosiCat Chicken in Jelly &#8211; visavertis, begr\u016bdis \u0161lapias maistas su vi\u0161tiena drebu\u010diuose suaugusioms kat\u0117ms.<strong>\u00a0<\/strong>Be cukraus, da\u017eikli\u0173 ir konservant\u0173.<\/h3>\n<ul>\n<li>Vitaminas D3 padeda palaikyti stipri\u0173 kaul\u0173 vystym\u0105si.<\/li>\n<li>Vitaminas E prisideda prie augintinio l\u0105steli\u0173 apsaugos gerinimo.<\/li>\n<li>Be dirbtini\u0173 produkt\u0173:\u00a0da\u017eikli\u0173, kvapi\u0173j\u0173 med\u017eiag\u0173 ar konservant\u0173.<\/li>\n<li>Gard\u016bs gabal\u0117liai drebu\u010diuose su vi\u0161tiena tikrai patiks kiekvienam gurmanui.<\/li>\n<li><a href=\"https:\/\/www.josera.lt\/\">Josera JosiCat Chicken in Jelly<\/a>\u00a0sukurtas atsi\u017evelgiant \u012f <a href=\"https:\/\/zooprekes24.lt\/kategorija\/prekes-katems\/kaciu-maistas\/slapias-kaciu-maistas\/?filters=kates-amzius[381]\">suaugusi\u0173 ka\u010di\u0173<\/a> poreikius tad ne tik apr\u016bpina kat\u0117s organizm\u0105 reikalingais mineralais ir vitaminais, bet ir yra optimalus kasdien\u0117s dietos be gr\u016bd\u0173 pasirinkimas sveikoms ir jautrioms kat\u0117ms.<\/li>\n<\/ul>\n","protected":false},"excerpt":{"rendered":"<p>Josera JosiCat Chicken in Jelly &#8211; visavertis, begr\u016bdis \u0161lapias maistas su vi\u0161tiena drebu\u010diuose suaugusioms kat\u0117ms.\u00a0Be cukraus, da\u017eikli\u0173 ir konservant\u0173. Vitaminas D3 padeda palaikyti stipri\u0173 kaul\u0173 vystym\u0105si. Vitaminas E prisideda prie augintinio l\u0105steli\u0173 apsaugos gerinimo. Be dirbtini\u0173 produkt\u0173:\u00a0da\u017eikli\u0173, kvapi\u0173j\u0173 med\u017eiag\u0173 ar konservant\u0173. Gard\u016bs gabal\u0117liai drebu\u010diuose su vi\u0161tiena tikrai patiks kiekvienam gurmanui. Josera JosiCat Chicken in Jelly\u00a0sukurtas&#8230;<\/p>","protected":false},"featured_media":20866,"comment_status":"closed","ping_status":"closed","template":"","meta":{"_acf_changed":false,"slim_seo":{"title":"Josera JosiCat Chicken in Jelly konservai kat\u0117ms drebu\u010diuose - Zooprekes24","description":"Josera JosiCat Chicken in Jelly ir pilnv\u0113rt\u012bga, graudaugu nesaturo\u0161a mitr\u0101 bar\u012bba ar vistas ga\u013cu \u017eelej\u0101 pieaugu\u0161iem ka\u0137iem.   Nesatur cukuru, kr\u0101svielas un konservantus. Vitami"},"iawp_total_views":61},"product_brand":[],"product_cat":[9027,9081,72,83,25,9020],"product_tag":[],"class_list":{"0":"post-24787","1":"product","2":"type-product","3":"status-publish","4":"has-post-thumbnail","6":"product_cat-begrudis-maistas-kaciu-maistas","7":"product_cat-josera-kaciu-prekiu-gamintojai","8":"product_cat-kaciu-maistas","9":"product_cat-kaciu-prekiu-gamintojai","10":"product_cat-katems","11":"product_cat-slapias-maistas-kaciu-maistas","12":"pa_pasaro-sudetis-darzoves","13":"pa_pasaro-sudetis-vistiena","14":"pa_pasaro-sudetis-zuvis","15":"pa_prekiu-zenklai-josera","17":"first","18":"instock","19":"featured","20":"taxable","21":"shipping-taxable","22":"purchasable","23":"product-type-variable"},"acf":[],"_links":{"self":[{"href":"https:\/\/zooprekes24.lt\/lv\/wp-json\/wp\/v2\/product\/24787","targetHints":{"allow":["GET"]}}],"collection":[{"href":"https:\/\/zooprekes24.lt\/lv\/wp-json\/wp\/v2\/product"}],"about":[{"href":"https:\/\/zooprekes24.lt\/lv\/wp-json\/wp\/v2\/types\/product"}],"replies":[{"embeddable":true,"href":"https:\/\/zooprekes24.lt\/lv\/wp-json\/wp\/v2\/comments?post=24787"}],"wp:featuredmedia":[{"embeddable":true,"href":"https:\/\/zooprekes24.lt\/lv\/wp-json\/wp\/v2\/media\/20866"}],"wp:attachment":[{"href":"https:\/\/zooprekes24.lt\/lv\/wp-json\/wp\/v2\/media?parent=24787"}],"wp:term":[{"taxonomy":"product_brand","embeddable":true,"href":"https:\/\/zooprekes24.lt\/lv\/wp-json\/wp\/v2\/product_brand?post=24787"},{"taxonomy":"product_cat","embeddable":true,"href":"https:\/\/zooprekes24.lt\/lv\/wp-json\/wp\/v2\/product_cat?post=24787"},{"taxonomy":"product_tag","embeddable":true,"href":"https:\/\/zooprekes24.lt\/lv\/wp-json\/wp\/v2\/product_tag?post=24787"}],"curies":[{"name":"wp","href":"https:\/\/api.w.org\/{rel}","templated":true}]}}