{"id":24766,"date":"2024-04-19T13:45:01","date_gmt":"2024-04-19T10:45:01","guid":{"rendered":"https:\/\/zooprekes24.lt\/produktas\/brit-care-hypoallergenic-senior-lamb\/"},"modified":"2024-06-20T18:20:37","modified_gmt":"2024-06-20T15:20:37","slug":"brit-care-hipoalergiska-vecaka-jera-gala","status":"publish","type":"product","link":"https:\/\/zooprekes24.lt\/lv\/produktas\/brit-care-hypoallergenic-senior-lamb\/","title":{"rendered":"Brit Care Hypoallergenic Senior Lamb &amp; Rice saus\u0101 bar\u012bba su\u0146iem"},"content":{"rendered":"<h3>Brit Care Hypoallergenic Senior Lamb &amp; Rice ir hipoaler\u0123iska j\u0113ra ga\u013cas un r\u012bsu bar\u012bba visu \u0161\u0137ir\u0146u vec\u0101kiem su\u0146iem, kas izstr\u0101d\u0101ta, lai nov\u0113rstu p\u0101rtikas aler\u0123ijas, kas izraisa \u0101das un gremo\u0161anas probl\u0113mas. Visaptvero\u0161ais j\u0113ra ga\u013cas olbaltumvielu un aminosk\u0101bju profils pal\u012bdz veidot un atjaunot musku\u013cus, k\u0101 ar\u012b atbalsta t\u0101du svar\u012bgu sist\u0113mu pareizu darb\u012bbu k\u0101 sirds, asinsvadi un redze.<\/h3>\n<ul>\n<li>Hondroprotektori uztur vesel\u012bgas loc\u012btavas, kaulus un skrim\u0161\u013cus, kas ir \u012bpa\u0161i svar\u012bgi vec\u0101kiem su\u0146iem.<\/li>\n<li>Tas stiprina im\u016bnsist\u0113mu un veicina gremo\u0161anas sist\u0113mas vesel\u012bbu, savuk\u0101rt major\u0101ns veicina aknu darb\u012bbu un pal\u012bdz nov\u0113rst sezon\u0101l\u0101s aler\u0123ijas.<\/li>\n<li><a href=\"https:\/\/krmivo-brit.cz\/cs\" target=\"_blank\" rel=\"noopener\">Brit Care<\/a> Hypoallergenic Senior Lamb &amp; Rice bezglut\u0113na formula ir bag\u0101ta ar \u0161\u0137iedrviel\u0101m, kas ir lieliska uzturviela su\u0146u svara regul\u0113\u0161anai.<\/li>\n<\/ul>","protected":false},"excerpt":{"rendered":"<p>Brit Care Hypoallergenic Senior Lamb &amp; Rice &#8211; hipoalergin\u0117 \u0117rienos ir ry\u017ei\u0173 formul\u0117 vis\u0173 veisli\u0173 vyresnio am\u017eiaus \u0161unims, skirta alergij\u0173 maistui prevencijai, pasirei\u0161kian\u010diai odos ir vir\u0161kinimo problemomis. Visapusi\u0161kas \u0117rienos baltym\u0173 ir aminor\u016bg\u0161\u010di\u0173 profilis padeda formuoti bei atkurti raumenis taip pat palaiko tinkam\u0105 svarbiausi\u0173 sistem\u0173 \u2013 \u0161irdies, kraujagysli\u0173 bei reg\u0117jimo funkcijas. Chondroprotektoriai palaiko sveikus s\u0105narius, kaulus&#8230;<\/p>","protected":false},"featured_media":27601,"comment_status":"closed","ping_status":"closed","template":"","meta":{"_acf_changed":false,"slim_seo":{"title":"Brit Care Hypoallergenic Senior Lamb & Rice sausas maistas \u0161unims - Zooprekes24","description":"Brit Care Hypoallergenic Senior Lamb &amp; Rice - hipoaler\u0123iska j\u0113ra ga\u013cas un r\u012bsu bar\u012bba visu \u0161\u0137ir\u0146u su\u0146u vec\u0101kiem su\u0146iem, lai nov\u0113rstu p\u0101rtikas aler\u0123ijas."},"iawp_total_views":324},"product_brand":[],"product_cat":[9029,9002,8999,29,31],"product_tag":[176,177,200],"class_list":{"0":"post-24766","1":"product","2":"type-product","3":"status-publish","4":"has-post-thumbnail","6":"product_cat-brit-care","7":"product_cat-sausas-maistas","8":"product_cat-sunims","9":"product_cat-sunu-maistas","10":"product_cat-sunu-prekiu-gamintojai","11":"product_tag-begrudis-sunu-maistas","12":"product_tag-edalas-sunims","13":"product_tag-super-premium-maistas-sunims","14":"pa_pasaro-sudetis-eriena","15":"pa_pasaro-sudetis-ryziai","16":"pa_pasaro-sudetis-vaisiai","17":"pa_prekiu-zenklai-brit-care","18":"pa_suns-amzius-senjorams","19":"pa_veisles-dydis-didelems-veislems","20":"pa_veisles-dydis-mazoms-veislems","21":"pa_veisles-dydis-vidutinems-veislems","22":"pa_veisles-dydis-visu-dydziu-veislems","24":"first","25":"instock","26":"taxable","27":"shipping-taxable","28":"purchasable","29":"product-type-variable"},"acf":[],"_links":{"self":[{"href":"https:\/\/zooprekes24.lt\/lv\/wp-json\/wp\/v2\/product\/24766","targetHints":{"allow":["GET"]}}],"collection":[{"href":"https:\/\/zooprekes24.lt\/lv\/wp-json\/wp\/v2\/product"}],"about":[{"href":"https:\/\/zooprekes24.lt\/lv\/wp-json\/wp\/v2\/types\/product"}],"replies":[{"embeddable":true,"href":"https:\/\/zooprekes24.lt\/lv\/wp-json\/wp\/v2\/comments?post=24766"}],"wp:featuredmedia":[{"embeddable":true,"href":"https:\/\/zooprekes24.lt\/lv\/wp-json\/wp\/v2\/media\/27601"}],"wp:attachment":[{"href":"https:\/\/zooprekes24.lt\/lv\/wp-json\/wp\/v2\/media?parent=24766"}],"wp:term":[{"taxonomy":"product_brand","embeddable":true,"href":"https:\/\/zooprekes24.lt\/lv\/wp-json\/wp\/v2\/product_brand?post=24766"},{"taxonomy":"product_cat","embeddable":true,"href":"https:\/\/zooprekes24.lt\/lv\/wp-json\/wp\/v2\/product_cat?post=24766"},{"taxonomy":"product_tag","embeddable":true,"href":"https:\/\/zooprekes24.lt\/lv\/wp-json\/wp\/v2\/product_tag?post=24766"}],"curies":[{"name":"wp","href":"https:\/\/api.w.org\/{rel}","templated":true}]}}