{"id":24762,"date":"2024-04-19T13:45:01","date_gmt":"2024-04-19T10:45:01","guid":{"rendered":"https:\/\/zooprekes24.lt\/produktas\/brit-care-hypoallergenic-adult-small-lamb\/"},"modified":"2024-06-20T17:52:25","modified_gmt":"2024-06-20T14:52:25","slug":"brit-care-hypoallergenic-pieauguso-maza-jera-gala","status":"publish","type":"product","link":"https:\/\/zooprekes24.lt\/lv\/produktas\/brit-care-hypoallergenic-adult-small-lamb\/","title":{"rendered":"Brit Care Hypoallergenic Adult Small Breed Lamb &amp; Rice saus\u0101 bar\u012bba su\u0146iem"},"content":{"rendered":"<h3>Mazo un pundurc\u016bku \u0161\u0137ir\u0146u dz\u012bvniekiem ir nepiecie\u0161ama bar\u012bba ar augstu ener\u0123\u0113tisko v\u0113rt\u012bbu, kas atbilst \u0161o akt\u012bvo un temperament\u012bgo m\u0101jdz\u012bvnieku vajadz\u012bb\u0101m p\u0113c bar\u012bbas viel\u0101m, \u0113dinot maz\u0101s porcij\u0101s. \u0160\u012b Brit Care Hypoallergenic Adult Small Breed Lamb &amp; Rice saus\u0101 bar\u012bba ir lieliska izv\u0113le pieaugu\u0161iem mazo \u0161\u0137ir\u0146u su\u0146iem. Pateicoties t\u0101s unik\u0101lajai formulai, t\u0101 var pal\u012bdz\u0113t uztur\u0113t vesel\u012bgu gremo\u0161anas sist\u0113mu, uzlabot fizisko formu un att\u012bst\u012bt sp\u0113c\u012bgu im\u016bnsist\u0113mu.<\/h3>\n<ul>\n<li>La\u0161a e\u013c\u013ca nervu sist\u0113mas, vesel\u012bgas \u0101das un sp\u012bd\u012bga ka\u017eoka uztur\u0113\u0161anai.<\/li>\n<li>Augsts olbaltumvielu un tauku saturs, lai apmierin\u0101tu mazo \u0161\u0137ir\u0146u su\u0146u liel\u0101kas ener\u0123\u0113tisk\u0101s vajadz\u012bbas.<\/li>\n<li>Fruktooligosahar\u012bdi un mannooligosahar\u012bdi veicina zarnu mikrofloru. Svar\u012bgi im\u016bnsist\u0113mai.<\/li>\n<li><a href=\"https:\/\/krmivo-brit.cz\/cs\" target=\"_blank\" rel=\"noopener\">Brit Care<\/a> Hipoaler\u0123isks <a href=\"https:\/\/zooprekes24.lt\/lv\/?s=adult+small+breed&amp;post_type=product\" target=\"_blank\" rel=\"noopener\">Pieaugu\u0161o mazo \u0161\u0137ir\u0146u<\/a> \u0160is \u0113diens uzlabo vielmai\u0146u, att\u012bro\u0161\u0101s un pretiekaisuma \u012bpa\u0161\u012bbas, k\u0101 ar\u012b aknu darb\u012bbu un re\u0123ener\u0101ciju.<\/li>\n<\/ul>","protected":false},"excerpt":{"rendered":"<p>Ma\u017e\u0173 ir nyk\u0161tukini\u0173 veisli\u0173 \u0161unims reikia \u0117dalo su dideliu energijos kiekiu, kuriuo \u0161eriant ma\u017eomis porcijomis, b\u016bt\u0173 patenkintas aktyvi\u0173 ir temperamenting\u0173 \u0161i\u0173 augintini\u0173 maisto med\u017eiag\u0173 poreikis. \u0160is hipoalerginis Brit Care Hypoallergenic Adult Small Breed Lamb &amp; Rice sausas maistas yra puikus pasirinkimas suaugusiems ma\u017e\u0173 veisli\u0173 \u0161unims. Unikalios formul\u0117s d\u0117ka \u0117dalas gali pad\u0117ti palaikyti sveik\u0105 vir\u0161kinimo sistem\u0105,&#8230;<\/p>","protected":false},"featured_media":27592,"comment_status":"closed","ping_status":"closed","template":"","meta":{"_acf_changed":false,"slim_seo":{"title":"Brit Care Hypoallergenic Adult Small Breed Lamb & Rice sausas maistas \u0161unims - Zooprekes24","description":"Mazo un pundurc\u016bku \u0161\u0137ir\u0146u dz\u012bvniekiem ir nepiecie\u0161ama bar\u012bba ar augstu ener\u0123\u0113tisko v\u0113rt\u012bbu, kas, izbarojot neliel\u0101s porcij\u0101s, atbilst to akt\u012bv\u0101s un temperament\u012bg\u0101s dabas vajadz\u012bb\u0101m."},"iawp_total_views":385},"product_brand":[],"product_cat":[9029,9002,8999,29,31],"product_tag":[177,200],"class_list":{"0":"post-24762","1":"product","2":"type-product","3":"status-publish","4":"has-post-thumbnail","6":"product_cat-brit-care","7":"product_cat-sausas-maistas","8":"product_cat-sunims","9":"product_cat-sunu-maistas","10":"product_cat-sunu-prekiu-gamintojai","11":"product_tag-edalas-sunims","12":"product_tag-super-premium-maistas-sunims","13":"pa_pasaro-sudetis-eriena","14":"pa_pasaro-sudetis-ryziai","15":"pa_pasaro-sudetis-vaisiai","16":"pa_prekiu-zenklai-brit-care","17":"pa_suns-amzius-suaugusiems","18":"pa_veisles-dydis-mazoms-veislems","20":"first","21":"instock","22":"featured","23":"taxable","24":"shipping-taxable","25":"purchasable","26":"product-type-variable"},"acf":[],"_links":{"self":[{"href":"https:\/\/zooprekes24.lt\/lv\/wp-json\/wp\/v2\/product\/24762","targetHints":{"allow":["GET"]}}],"collection":[{"href":"https:\/\/zooprekes24.lt\/lv\/wp-json\/wp\/v2\/product"}],"about":[{"href":"https:\/\/zooprekes24.lt\/lv\/wp-json\/wp\/v2\/types\/product"}],"replies":[{"embeddable":true,"href":"https:\/\/zooprekes24.lt\/lv\/wp-json\/wp\/v2\/comments?post=24762"}],"wp:featuredmedia":[{"embeddable":true,"href":"https:\/\/zooprekes24.lt\/lv\/wp-json\/wp\/v2\/media\/27592"}],"wp:attachment":[{"href":"https:\/\/zooprekes24.lt\/lv\/wp-json\/wp\/v2\/media?parent=24762"}],"wp:term":[{"taxonomy":"product_brand","embeddable":true,"href":"https:\/\/zooprekes24.lt\/lv\/wp-json\/wp\/v2\/product_brand?post=24762"},{"taxonomy":"product_cat","embeddable":true,"href":"https:\/\/zooprekes24.lt\/lv\/wp-json\/wp\/v2\/product_cat?post=24762"},{"taxonomy":"product_tag","embeddable":true,"href":"https:\/\/zooprekes24.lt\/lv\/wp-json\/wp\/v2\/product_tag?post=24762"}],"curies":[{"name":"wp","href":"https:\/\/api.w.org\/{rel}","templated":true}]}}