{"id":24759,"date":"2024-04-19T13:45:01","date_gmt":"2024-04-19T10:45:01","guid":{"rendered":"https:\/\/zooprekes24.lt\/produktas\/orijen-small-breed-puppy\/"},"modified":"2026-03-31T15:08:51","modified_gmt":"2026-03-31T13:08:51","slug":"orijen-mazo-skirnu-kucens","status":"publish","type":"product","link":"https:\/\/zooprekes24.lt\/lv\/produktas\/orijen-small-breed-puppy\/","title":{"rendered":"Orijen Small Breed Puppy saus\u0101 bar\u012bba kuc\u0113niem"},"content":{"rendered":"<h3>Orijen Small Breed Puppy satur 85 % kvalitat\u012bvu dz\u012bvnieku izcelsmes sast\u0101vda\u013cu, piem\u0113ram, svaigu vai neapstr\u0101d\u0101tu vistas ga\u013cu, lasi un t\u012btaru, tostarp un <a href=\"https:\/\/www.orijenpetfoods.co.uk\/why-orijen\/biologically-appropriate\/\" target=\"_blank\" rel=\"noopener noreferrer\">WholePrey\u2122<\/a> (veselu bar\u012bbu) dz\u012bvnieku sast\u0101vda\u013cas, piem\u0113ram, org\u0101ni un kauli. Bar\u012bbu gatavo no barojo\u0161\u0101kaj\u0101m un sul\u012bg\u0101kaj\u0101m med\u012bjuma da\u013c\u0101m, lai nodro\u0161in\u0101tu m\u0101jdz\u012bvniekam nepiecie\u0161amo uzturv\u0113rt\u012bbu. Rezult\u0101ts ir nesal\u012bdzin\u0101ms <a href=\"https:\/\/zooprekes24.lt\/lv\/kategorija\/prekes-sunims\/sunu-bariba\/sausas-maistas-sunims\/\" target=\"_blank\" rel=\"noopener\">saus\u0101 bar\u012bba j\u016bsu sunim.<\/a><\/h3>\n<div class=\"food-feature\">\n<ul>\n<li>Granulas ir p\u0101rkl\u0101tas ar liofiliz\u0113t\u0101m akn\u0101m, kas pie\u0161\u0137ir lielisku gar\u0161u.<\/li>\n<li>Antioksidanti no dz\u0113rven\u0113m, mellen\u0113m un augu izcelsmes viel\u0101m pal\u012bdz uztur\u0113t im\u016bnsist\u0113mu.<\/li>\n<li>Pirm\u0101s 5 sast\u0101vda\u013cas ir svaiga vai neapstr\u0101d\u0101ta vistas ga\u013ca, lasis, t\u012btars, j\u016bras br\u0113tli\u0146a un si\u013c\u0137e.<\/li>\n<li>85 % kvalitat\u012bvas m\u0101jputnu un zivju sast\u0101vda\u013cas, kas ir svar\u012bg\u0101ko olbaltumvielu, vitam\u012bnu un miner\u0101lvielu avots.<\/li>\n<li>L\u012bdzsvarotas olbaltumvielas un miner\u0101lvielas no dz\u012bvnieku izcelsmes sast\u0101vda\u013c\u0101m pal\u012bdz kuc\u0113niem att\u012bst\u012bt sp\u0113c\u012bgus musku\u013cus un kaulus.<\/li>\n<li>Autentisks Orijen Small Breed Puppy WholePrey uzturs, kur\u0101 izmantotas bar\u012bbas vielas no med\u012bjuma, tostarp ga\u013ca, org\u0101ni un kauli.<\/li>\n<\/ul>\n<\/div>","protected":false},"excerpt":{"rendered":"<p>Orijen Small Breed Puppy bar\u012bba satur 85 % kvalitat\u012bvu dz\u012bvnieku izcelsmes sast\u0101vda\u013cu, piem\u0113ram, svaigu vai neapstr\u0101d\u0101tu vistas ga\u013cu, lasi un t\u012btaru, tostarp WholePrey\u2122 dz\u012bvnieku izcelsmes sast\u0101vda\u013cas, piem\u0113ram, org\u0101nus un kaulus. Bar\u012bba ir pagatavota no barojo\u0161\u0101kaj\u0101m, sul\u012bg\u0101kaj\u0101m med\u012bjumu da\u013c\u0101m, lai nodro\u0161in\u0101tu j\u016bsu m\u0101jdz\u012bvniekam nepiecie\u0161amo uzturv\u0113rt\u012bbu. Rezult\u0101ts ir unik\u0101la saus\u0101 bar\u012bba j\u016bsu sunim. Granulas ir p\u0101rkl\u0101tas ar...<\/p>","protected":false},"featured_media":20841,"comment_status":"closed","ping_status":"closed","template":"","meta":{"_acf_changed":false,"slim_seo":{"title":"Orijen Small Breed Puppy sausas maistas \u0161uniukams - Zooprekes24","description":"Orijen Small Breed Puppy satur 85 % kvalitat\u012bvu dz\u012bvnieku izcelsmes sast\u0101vda\u013cu, piem\u0113ram, svaigu vai neapstr\u0101d\u0101tu vistas ga\u013cu, lasi un t\u012btaru, tostarp un"},"iawp_total_views":85},"product_brand":[],"product_cat":[9001,9011,9002,8999,29,31],"product_tag":[175,176,177,260,200],"class_list":{"0":"post-24759","1":"product","2":"type-product","3":"status-publish","4":"has-post-thumbnail","6":"product_cat-begrudis-maistas","7":"product_cat-orijen","8":"product_cat-sausas-maistas","9":"product_cat-sunims","10":"product_cat-sunu-maistas","11":"product_cat-sunu-prekiu-gamintojai","12":"product_tag-begrudis-maistas-sunims","13":"product_tag-begrudis-sunu-maistas","14":"product_tag-edalas-sunims","15":"product_tag-maistas-alergiskiems-sunims","16":"product_tag-super-premium-maistas-sunims","17":"pa_pasaro-sudetis-darzoves","18":"pa_pasaro-sudetis-kalakutiena","19":"pa_pasaro-sudetis-kepeneles","20":"pa_pasaro-sudetis-kiausiniai","21":"pa_pasaro-sudetis-lasisa","22":"pa_pasaro-sudetis-sirdys","23":"pa_pasaro-sudetis-uogos","24":"pa_pasaro-sudetis-vaisiai","25":"pa_pasaro-sudetis-vistiena","26":"pa_pasaro-sudetis-zuvis","27":"pa_prekiu-zenklai-orijen","28":"pa_suns-amzius-jauniems","29":"pa_veisles-dydis-mazoms-veislems","31":"first","32":"instock","33":"featured","34":"taxable","35":"shipping-taxable","36":"purchasable","37":"product-type-variable"},"acf":[],"_links":{"self":[{"href":"https:\/\/zooprekes24.lt\/lv\/wp-json\/wp\/v2\/product\/24759","targetHints":{"allow":["GET"]}}],"collection":[{"href":"https:\/\/zooprekes24.lt\/lv\/wp-json\/wp\/v2\/product"}],"about":[{"href":"https:\/\/zooprekes24.lt\/lv\/wp-json\/wp\/v2\/types\/product"}],"replies":[{"embeddable":true,"href":"https:\/\/zooprekes24.lt\/lv\/wp-json\/wp\/v2\/comments?post=24759"}],"wp:featuredmedia":[{"embeddable":true,"href":"https:\/\/zooprekes24.lt\/lv\/wp-json\/wp\/v2\/media\/20841"}],"wp:attachment":[{"href":"https:\/\/zooprekes24.lt\/lv\/wp-json\/wp\/v2\/media?parent=24759"}],"wp:term":[{"taxonomy":"product_brand","embeddable":true,"href":"https:\/\/zooprekes24.lt\/lv\/wp-json\/wp\/v2\/product_brand?post=24759"},{"taxonomy":"product_cat","embeddable":true,"href":"https:\/\/zooprekes24.lt\/lv\/wp-json\/wp\/v2\/product_cat?post=24759"},{"taxonomy":"product_tag","embeddable":true,"href":"https:\/\/zooprekes24.lt\/lv\/wp-json\/wp\/v2\/product_tag?post=24759"}],"curies":[{"name":"wp","href":"https:\/\/api.w.org\/{rel}","templated":true}]}}