{"id":24756,"date":"2024-04-19T13:44:50","date_gmt":"2024-04-19T10:44:50","guid":{"rendered":"https:\/\/zooprekes24.lt\/produktas\/orijen-small-breed-marine-fish\/"},"modified":"2026-03-31T15:14:28","modified_gmt":"2026-03-31T13:14:28","slug":"orijen-mazo-skirnu-juras-zivis","status":"publish","type":"product","link":"https:\/\/zooprekes24.lt\/lv\/produktas\/orijen-small-breed-marine-fish\/","title":{"rendered":"Orijen Small Breed Marine Fish saus\u0101 bar\u012bba su\u0146iem"},"content":{"rendered":"<h3>Orijen Small Breed Marine Fish satur 85 % kvalitat\u012bvu dz\u012bvnieku izcelsmes sast\u0101vda\u013cu, piem\u0113ram, la\u0161us un si\u013c\u0137es, tostarp un <a href=\"https:\/\/www.orijenpetfoods.co.uk\/why-orijen\/biologically-appropriate\/\" target=\"_blank\" rel=\"noopener noreferrer\">WholePrey\u2122<\/a> (veselu bar\u012bbu) dz\u012bvnieku sast\u0101vda\u013cas, piem\u0113ram, org\u0101ni un kauli. Bar\u012bbu gatavo no barojo\u0161\u0101kaj\u0101m un sul\u012bg\u0101kaj\u0101m med\u012bjuma da\u013c\u0101m, lai nodro\u0161in\u0101tu m\u0101jdz\u012bvniekam nepiecie\u0161amo uzturv\u0113rt\u012bbu. Rezult\u0101ts ir nesal\u012bdzin\u0101ms <a href=\"https:\/\/zooprekes24.lt\/lv\/kategorija\/prekes-sunims\/sunu-bariba\/sausas-maistas-sunims\/\" target=\"_blank\" rel=\"noopener\">saus\u0101 bar\u012bba j\u016bsu sunim.<\/a><\/h3>\n<div class=\"food-feature\">\n<ul>\n<li>Bez graudaugu un m\u0101jputnu ga\u013cas sast\u0101vda\u013c\u0101m.<\/li>\n<li>J\u016bras ziv\u012bs ir maz\u0101k tauku, t\u0101p\u0113c t\u0101s pal\u012bdz uztur\u0113t vesel\u012bgu svaru.<\/li>\n<li>Bag\u0101ts ar Omega 3 un Omega 6 tauksk\u0101b\u0113m, kas veicina \u0101das un ka\u017eoka vesel\u012bbu.<\/li>\n<li>85 % kvalitat\u012bvas zivju sast\u0101vda\u013cas, kas ir svar\u012bgu olbaltumvielu, vitam\u012bnu un miner\u0101lvielu avots.<\/li>\n<li>Pirm\u0101s 6 sast\u0101vda\u013cas ir neapstr\u0101d\u0101ts lasis, si\u013c\u0137e, j\u016bras zeltplekste, heks, j\u016bras asaris un j\u016brasm\u0113le.<\/li>\n<li>Autentisks Orijen Small Breed Marine Fish WholePrey uzturs, kur\u0101 tiek izmantotas bar\u012bbas vielas, tostarp ga\u013ca, org\u0101ni un kauli.<\/li>\n<\/ul>\n<\/div>","protected":false},"excerpt":{"rendered":"<p>Orijen Small Breed Marine Fish maisto sud\u0117tyje &#8211; 85 % kokybi\u0161k\u0173 gyv\u016bnini\u0173 ingredient\u0173, toki\u0173 kaip la\u0161i\u0161a ir silk\u0117 \u012fskaitant ir WholePrey\u2122 (viso grobio) gyv\u016bninius ingredientus, tokius kaip organai ir kaulai. Maistas gaminamas i\u0161 maistingiausi\u0173, sultingiausi\u0173 grobio dali\u0173, kad b\u016bt\u0173 u\u017etikrinta augintiniui reikalinga mityba. Rezultatas &#8211; nepakartojamas sausas maistas J\u016bs\u0173 \u0161uniui. Be gr\u016bd\u0173 ir pauk\u0161tienos ingredient\u0173&#8230;.<\/p>","protected":false},"featured_media":20839,"comment_status":"closed","ping_status":"closed","template":"","meta":{"_acf_changed":false,"slim_seo":{"title":"Orijen Small Breed Marine Fish sausas maistas \u0161unims - Zooprekes24","description":"Orijen Small Breed Marine Fish satur 85 % kvalitat\u012bvu dz\u012bvnieku izcelsmes sast\u0101vda\u013cu, piem\u0113ram, la\u0161us un si\u013c\u0137es, tostarp WholePrey\u2122 (nesadal\u012btu bar\u012bbu)."},"iawp_total_views":113},"product_brand":[],"product_cat":[9001,9011,9002,8999,29,31],"product_tag":[175,176,177,260,200],"class_list":{"0":"post-24756","1":"product","2":"type-product","3":"status-publish","4":"has-post-thumbnail","6":"product_cat-begrudis-maistas","7":"product_cat-orijen","8":"product_cat-sausas-maistas","9":"product_cat-sunims","10":"product_cat-sunu-maistas","11":"product_cat-sunu-prekiu-gamintojai","12":"product_tag-begrudis-maistas-sunims","13":"product_tag-begrudis-sunu-maistas","14":"product_tag-edalas-sunims","15":"product_tag-maistas-alergiskiems-sunims","16":"product_tag-super-premium-maistas-sunims","17":"pa_pasaro-sudetis-darzoves","18":"pa_pasaro-sudetis-juros-gerybes","19":"pa_pasaro-sudetis-lasisa","20":"pa_pasaro-sudetis-uogos","21":"pa_pasaro-sudetis-vaisiai","22":"pa_pasaro-sudetis-zuvis","23":"pa_prekiu-zenklai-orijen","24":"pa_suns-amzius-jauniems","25":"pa_suns-amzius-senjorams","26":"pa_suns-amzius-suaugusiems","27":"pa_suns-amzius-visiems-amziams","28":"pa_veisles-dydis-mazoms-veislems","30":"first","31":"instock","32":"featured","33":"taxable","34":"shipping-taxable","35":"purchasable","36":"product-type-variable"},"acf":[],"_links":{"self":[{"href":"https:\/\/zooprekes24.lt\/lv\/wp-json\/wp\/v2\/product\/24756","targetHints":{"allow":["GET"]}}],"collection":[{"href":"https:\/\/zooprekes24.lt\/lv\/wp-json\/wp\/v2\/product"}],"about":[{"href":"https:\/\/zooprekes24.lt\/lv\/wp-json\/wp\/v2\/types\/product"}],"replies":[{"embeddable":true,"href":"https:\/\/zooprekes24.lt\/lv\/wp-json\/wp\/v2\/comments?post=24756"}],"wp:featuredmedia":[{"embeddable":true,"href":"https:\/\/zooprekes24.lt\/lv\/wp-json\/wp\/v2\/media\/20839"}],"wp:attachment":[{"href":"https:\/\/zooprekes24.lt\/lv\/wp-json\/wp\/v2\/media?parent=24756"}],"wp:term":[{"taxonomy":"product_brand","embeddable":true,"href":"https:\/\/zooprekes24.lt\/lv\/wp-json\/wp\/v2\/product_brand?post=24756"},{"taxonomy":"product_cat","embeddable":true,"href":"https:\/\/zooprekes24.lt\/lv\/wp-json\/wp\/v2\/product_cat?post=24756"},{"taxonomy":"product_tag","embeddable":true,"href":"https:\/\/zooprekes24.lt\/lv\/wp-json\/wp\/v2\/product_tag?post=24756"}],"curies":[{"name":"wp","href":"https:\/\/api.w.org\/{rel}","templated":true}]}}