{"id":24750,"date":"2024-04-19T13:44:50","date_gmt":"2024-04-19T10:44:50","guid":{"rendered":"https:\/\/zooprekes24.lt\/produktas\/kimo-tofu-kraikas-katems-green-tea\/"},"modified":"2026-04-13T10:52:30","modified_gmt":"2026-04-13T08:52:30","slug":"kimo-tofu-pakaisi-kakiem-zala-teja","status":"publish","type":"product","link":"https:\/\/zooprekes24.lt\/lv\/produktas\/kimo-tofu-kraikas-katems-green-tea\/","title":{"rendered":"Kimo Tofu ka\u0137u pakai\u0161i, za\u013c\u0101s t\u0113jas arom\u0101ts"},"content":{"rendered":"<h3>Kimo Tofu ka\u0137u pakai\u0161i - izgatavoti no 100% dab\u012bg\u0101m \u0161\u0137iedrviel\u0101m un nesatur \u0137\u012bmiskas vielas, t\u0101p\u0113c ir dro\u0161i m\u0101jdz\u012bvniekiem. \u0160is <a href=\"https:\/\/zooprekes24.lt\/lv\/?s=Kraikas&amp;post_type=product&amp;product_cat=0\" target=\"_blank\" rel=\"noopener\">ka\u0137u pakai\u0161i<\/a> tr\u012bsk\u0101rt liel\u0101ks uzs\u016bk\u0161an\u0101s \u0101trums, kas efekt\u012bvi absorb\u0113 ur\u012bnu, \u0161\u0137idrumus un nepat\u012bkamas smakas. \u0160is pakai\u0161s ir videi draudz\u012bgs un biolo\u0123iski no\u0101rd\u0101ms, t\u0101p\u0113c ar to ir viegli r\u012bkoties, jo to var izskalot tie\u0161i tualet\u0113.<\/h3>\n<ul>\n<li>Maz\u0101k putek\u013cu.<\/li>\n<li>Lieliska smaku kontrole.<\/li>\n<li>Dab\u012bgs un bez \u0137\u012bmisk\u0101m viel\u0101m.<\/li>\n<li>\u0100tri uzs\u016bc mitrumu un \u0101tri piegu\u013c.<\/li>\n<li>Var izskalot tualet\u0113, videi draudz\u012bgi.<\/li>\n<\/ul>","protected":false},"excerpt":{"rendered":"<p>Kimo Tofu kraikas kat\u0117ms &#8211; pagamintas i\u0161 100% nat\u016brali\u0173 maistini\u0173 skaidul\u0173 ir be chemini\u0173 med\u017eiag\u0173 tod\u0117l yra saugus augintiniui. \u0160is ka\u010di\u0173 kraikas tris kartus vir\u0161ija absorbcijos greit\u012f, efektyviai sugeria \u0161lapim\u0105, skys\u010dius bei nemalonius kvapus. Kraikas yra draugi\u0161kas gamtai ir biologi\u0161kai skaidus, tod\u0117l j\u012f patogu tvarkyti, kadangi galima nuleisti tiesiai \u012f tualet\u0105. Ma\u017eiau dulki\u0173. Puiki kvap\u0173&#8230;<\/p>","protected":false},"featured_media":20837,"comment_status":"closed","ping_status":"closed","template":"","meta":{"_acf_changed":false,"slim_seo":{"title":"Kimo Tofu kraikas kat\u0117ms, \u017ealiosios arbatos kvapo - Zooprekes24","description":"Kimo Tofu ka\u0137u pakai\u0161i - izgatavoti no 100% dab\u012bg\u0101m \u0161\u0137iedrviel\u0101m un nesatur \u0137\u012bmiskas vielas, t\u0101p\u0113c ir dro\u0161i m\u0101jdz\u012bvniekiem. \u0160is ka\u0137u pakai\u0161s ir tr\u012bsk\u0101r\u0161s."},"iawp_total_views":376},"product_brand":[],"product_cat":[78,25,9009],"product_tag":[],"class_list":{"0":"post-24750","1":"product","2":"type-product","3":"status-publish","4":"has-post-thumbnail","6":"product_cat-higiena-ir-prieziura-katems","7":"product_cat-katems","8":"product_cat-kraikas","9":"pa_kraiko-rusis-tofu","10":"pa_prekiu-zenklai-kimo","12":"first","13":"instock","14":"sale","15":"featured","16":"taxable","17":"shipping-taxable","18":"purchasable","19":"product-type-variable"},"acf":[],"_links":{"self":[{"href":"https:\/\/zooprekes24.lt\/lv\/wp-json\/wp\/v2\/product\/24750","targetHints":{"allow":["GET"]}}],"collection":[{"href":"https:\/\/zooprekes24.lt\/lv\/wp-json\/wp\/v2\/product"}],"about":[{"href":"https:\/\/zooprekes24.lt\/lv\/wp-json\/wp\/v2\/types\/product"}],"replies":[{"embeddable":true,"href":"https:\/\/zooprekes24.lt\/lv\/wp-json\/wp\/v2\/comments?post=24750"}],"wp:featuredmedia":[{"embeddable":true,"href":"https:\/\/zooprekes24.lt\/lv\/wp-json\/wp\/v2\/media\/20837"}],"wp:attachment":[{"href":"https:\/\/zooprekes24.lt\/lv\/wp-json\/wp\/v2\/media?parent=24750"}],"wp:term":[{"taxonomy":"product_brand","embeddable":true,"href":"https:\/\/zooprekes24.lt\/lv\/wp-json\/wp\/v2\/product_brand?post=24750"},{"taxonomy":"product_cat","embeddable":true,"href":"https:\/\/zooprekes24.lt\/lv\/wp-json\/wp\/v2\/product_cat?post=24750"},{"taxonomy":"product_tag","embeddable":true,"href":"https:\/\/zooprekes24.lt\/lv\/wp-json\/wp\/v2\/product_tag?post=24750"}],"curies":[{"name":"wp","href":"https:\/\/api.w.org\/{rel}","templated":true}]}}