{"id":24747,"date":"2024-04-19T13:44:50","date_gmt":"2024-04-19T10:44:50","guid":{"rendered":"https:\/\/zooprekes24.lt\/produktas\/brit-care-sterilized-hearty-duck-cat-wet\/"},"modified":"2024-06-27T13:40:10","modified_gmt":"2024-06-27T10:40:10","slug":"brit-care-sterilizeta-sirsniga-pile-kakis-mitrs","status":"publish","type":"product","link":"https:\/\/zooprekes24.lt\/lv\/produktas\/brit-care-sterilized-hearty-duck-cat-wet\/","title":{"rendered":"Brit Care Steriliz\u0113tas Hearty Duck konservi ka\u0137iem m\u0113rc\u0113"},"content":{"rendered":"<div class=\"benefits\">\n<h3>Ka\u0137a di\u0113tai j\u0101b\u016bt daudzveid\u012bgai, gar\u0161\u012bgai un vesel\u012bgai. Brit Care Sterilised Hearty Duck p\u012bles konservus p\u012bles m\u0113rc\u0113 var lietot k\u0101 pilnv\u0113rt\u012bgu bar\u012bbu vai k\u0101 saus\u0101s bar\u012bbas papildin\u0101jumu, lai da\u017e\u0101dotu un pie\u0161\u0137irtu gar\u0161u. \u012apa\u0161i piem\u0113rots \u013coti izv\u0113l\u012bgiem ka\u0137iem vai dz\u012bvniekiem ar di\u0113tas probl\u0113m\u0101m. Satur <a href=\"https:\/\/krmivo-brit.cz\/cs\/brit-care-cat-kapsicky\" target=\"_blank\" rel=\"noopener\">nasturcija un smilts\u0113rk\u0161\u0137i<\/a>\u00a0pal\u012bdz nov\u0113rst ur\u012bnce\u013cu slim\u012bbas.<\/h3>\n<ul>\n<li>Satur pat 85% gar\u0161\u012bgas ga\u013cas.<\/li>\n<li>Bez pievienot\u0101 cukura - bez sojas - bez \u0122MO.<\/li>\n<li>Konserv\u0113\u0161an\u0101 neizmanto graudaugus.<\/li>\n<li>\u013boti gar\u0161\u012bgi, t\u0101p\u0113c pat vispras\u012bg\u0101kajiem gar\u0161as k\u0101rpi\u0146\u0101m tie patiks. <a href=\"https:\/\/zooprekes24.lt\/lv\/kategorija\/prekes-katems\/\" target=\"_blank\" rel=\"noopener\">ka\u0137iem<\/a>.<\/li>\n<li>Satur dabiskus antioksidantus: rozmar\u012bna ekstraktu.<\/li>\n<\/ul>\n<\/div>","protected":false},"excerpt":{"rendered":"<p>Kat\u0117s racionas tur\u0117t\u0173 b\u016bti \u012fvairus, skanus ir sveikas. Gard\u016bs Brit Care Sterilized Hearty Duck konservai su antiena pada\u017ee gali b\u016bti naudojami kaip visavertis maistas arba kaip papildas prie sauso pa\u0161aro, siekiant padidinti \u012fvairov\u0119 ir skon\u012f. Ypa\u010d tinka labai i\u0161rankioms kat\u0117ms arba gyv\u016bnams, turintiems problem\u0173 su mityba. Sud\u0117tyje esanti nasturt\u0117 ir \u0161altalankiai\u00a0padeda u\u017ekirsti keli\u0105 \u0161lapimo tak\u0173&#8230;<\/p>","protected":false},"featured_media":20836,"comment_status":"closed","ping_status":"closed","template":"","meta":{"_acf_changed":false,"slim_seo":{"title":"Brit Care Sterilized Hearty Duck konservai kat\u0117ms pada\u017ee - Zooprekes24","description":"Ka\u0137a di\u0113tai j\u0101b\u016bt daudzveid\u012bgai, gar\u0161\u012bgai un vesel\u012bgai. Gardu Brit Care Sterilised Hearty Duck konservi \"P\u012ble p\u012bles m\u0113rc\u0113\" var izmantot k\u0101 pilnv\u0113rt\u012bgu malt\u012bti."},"iawp_total_views":117},"product_brand":[],"product_cat":[9047,72,83,25,9020],"product_tag":[2168,1675,2173],"class_list":{"0":"post-24747","1":"product","2":"type-product","3":"status-publish","4":"has-post-thumbnail","6":"product_cat-brit-care-kaciu-prekiu-gamintojai","7":"product_cat-kaciu-maistas","8":"product_cat-kaciu-prekiu-gamintojai","9":"product_cat-katems","10":"product_cat-slapias-maistas-kaciu-maistas","11":"product_tag-brit-slapias-maistas","12":"product_tag-kaciu-edalas","13":"product_tag-konservuotas-maistas-katems","14":"pa_pasaro-sudetis-antiena","15":"pa_pasaro-sudetis-kepeneles","16":"pa_pasaro-sudetis-vistiena","17":"pa_prekiu-zenklai-brit-care","19":"first","20":"instock","21":"featured","22":"taxable","23":"shipping-taxable","24":"purchasable","25":"product-type-variable"},"acf":[],"_links":{"self":[{"href":"https:\/\/zooprekes24.lt\/lv\/wp-json\/wp\/v2\/product\/24747","targetHints":{"allow":["GET"]}}],"collection":[{"href":"https:\/\/zooprekes24.lt\/lv\/wp-json\/wp\/v2\/product"}],"about":[{"href":"https:\/\/zooprekes24.lt\/lv\/wp-json\/wp\/v2\/types\/product"}],"replies":[{"embeddable":true,"href":"https:\/\/zooprekes24.lt\/lv\/wp-json\/wp\/v2\/comments?post=24747"}],"wp:featuredmedia":[{"embeddable":true,"href":"https:\/\/zooprekes24.lt\/lv\/wp-json\/wp\/v2\/media\/20836"}],"wp:attachment":[{"href":"https:\/\/zooprekes24.lt\/lv\/wp-json\/wp\/v2\/media?parent=24747"}],"wp:term":[{"taxonomy":"product_brand","embeddable":true,"href":"https:\/\/zooprekes24.lt\/lv\/wp-json\/wp\/v2\/product_brand?post=24747"},{"taxonomy":"product_cat","embeddable":true,"href":"https:\/\/zooprekes24.lt\/lv\/wp-json\/wp\/v2\/product_cat?post=24747"},{"taxonomy":"product_tag","embeddable":true,"href":"https:\/\/zooprekes24.lt\/lv\/wp-json\/wp\/v2\/product_tag?post=24747"}],"curies":[{"name":"wp","href":"https:\/\/api.w.org\/{rel}","templated":true}]}}