{"id":24744,"date":"2024-04-19T13:44:50","date_gmt":"2024-04-19T10:44:50","guid":{"rendered":"https:\/\/zooprekes24.lt\/produktas\/fitmin-nutritional-programme-beef-dog-wet\/"},"modified":"2026-02-05T15:18:39","modified_gmt":"2026-02-05T13:18:39","slug":"fitmin-nutricionala-programma-liellopu-galas-suns-mitrs","status":"publish","type":"product","link":"https:\/\/zooprekes24.lt\/lv\/produktas\/fitmin-nutritional-programme-beef-dog-wet\/","title":{"rendered":"Fitmin Uztura programma pieaugu\u0161ajiem liellopu ga\u013cas past\u0113te su\u0146iem konserv\u0113ta"},"content":{"rendered":"<h3>Fitmin Nutritional Programme Adult Beef Pate ir mitr\u0101 bar\u012bba visu \u0161\u0137ir\u0146u pieaugu\u0161iem su\u0146iem ar augstu svaigas liellopu ga\u013cas saturu. Bag\u0101tin\u0101ta ar lins\u0113klu e\u013c\u013cu. Pilnv\u0113rt\u012bga bar\u012bba su\u0146iem.<\/h3>\n<ul>\n<li>Bezkaun\u012bgs.<\/li>\n<li>Lielisk\u0101 ga\u013cas kvalit\u0101te un r\u016bp\u012bg\u0101 apstr\u0101de garant\u0113 \u012bpa\u0161i gardu gar\u0161u un arom\u0101tu.<\/li>\n<li>Tas ir ide\u0101ls saus\u0101s bar\u012bbas papildin\u0101jums, kas pal\u012bdz uzlabot bar\u012bbas uz\u0146em\u0161anu un nodro\u0161ina nepiecie\u0161amo \u0161\u0137idruma daudzumu.<\/li>\n<li>Lins\u0113klu e\u013c\u013ca veicina labu ku\u0146\u0123a un zarnu trakta darb\u012bbu un uzlabo su\u0146a ka\u017eoka kvalit\u0101ti.<\/li>\n<li><a href=\"https:\/\/zooprekes24.lt\/lv\/kategorija\/prekes-sunims\/sunu-produktu-razotaji\/fitmin-uztura-programma\/\" target=\"_blank\" rel=\"noopener\">Fitmin uztura programma<\/a> Liellopu ga\u013cas past\u0113te pieaugu\u0161ajiem - Konservi - <a href=\"https:\/\/www.youtube.com\/watch?v=1yoQTbErEss&amp;feature=emb_title\" target=\"_blank\" rel=\"noopener\">Bez lipek\u013ca, bez sojas, bez \u0122MO, bez konservantiem un kr\u0101sviel\u0101m.<\/a><\/li>\n<\/ul>","protected":false},"excerpt":{"rendered":"<p>Fitmin Nutritional Programme Adult Beef Pate &#8211; \u0161lapias \u0117dalas vis\u0173 veisli\u0173 suaugusiems \u0161unims su dideliu \u0161vie\u017eios jautienos kiekiu. Sud\u0117tis praturtinta lin\u0173 s\u0117men\u0173 aliejumi. Visavertis pa\u0161aras \u0161unims. Begr\u016bdis. Puikios kokyb\u0117s m\u0117sa ir kruop\u0161tus perdirbimas garantuoja ypatingai gard\u0173 skon\u012f ir aromat\u0105. Idealiai papildo saus\u0105 maist\u0105, padeda pagerinti jo suvartojim\u0105 bei suteikia reikiamus skys\u010dius. Lin\u0173 s\u0117men\u0173 aliejus prisideda&#8230;<\/p>","protected":false},"featured_media":20835,"comment_status":"closed","ping_status":"closed","template":"","meta":{"_acf_changed":false,"slim_seo":{"title":"Fitmin Nutritional Programme Adult Beef Pate konservai \u0161unims - Zooprekes24","description":"Fitmin Nutritional Programme Adult Beef Pate ir mitr\u0101 bar\u012bba visu \u0161\u0137ir\u0146u pieaugu\u0161iem su\u0146iem ar augstu svaigas liellopu ga\u013cas saturu. Bag\u0101tin\u0101ta ar lins\u0113kl\u0101m"},"iawp_total_views":43},"product_brand":[],"product_cat":[9001,9044,9004,8999,29,31],"product_tag":[418],"class_list":{"0":"post-24744","1":"product","2":"type-product","3":"status-publish","4":"has-post-thumbnail","6":"product_cat-begrudis-maistas","7":"product_cat-fitmin-nutritional-programme","8":"product_cat-slapias-maistas","9":"product_cat-sunims","10":"product_cat-sunu-maistas","11":"product_cat-sunu-prekiu-gamintojai","12":"product_tag-konservuotas-maistas-sunims","13":"pa_pasaro-sudetis-jautiena","14":"pa_pasaro-sudetis-kepeneles","15":"pa_pasaro-sudetis-sirdys","16":"pa_prekiu-zenklai-fitmin-nutritional-programme","17":"pa_suns-amzius-suaugusiems","18":"pa_veisles-dydis-didelems-veislems","19":"pa_veisles-dydis-mazoms-veislems","20":"pa_veisles-dydis-vidutinems-veislems","21":"pa_veisles-dydis-visu-dydziu-veislems","23":"first","24":"outofstock","25":"featured","26":"taxable","27":"shipping-taxable","28":"purchasable","29":"product-type-variable"},"acf":[],"_links":{"self":[{"href":"https:\/\/zooprekes24.lt\/lv\/wp-json\/wp\/v2\/product\/24744","targetHints":{"allow":["GET"]}}],"collection":[{"href":"https:\/\/zooprekes24.lt\/lv\/wp-json\/wp\/v2\/product"}],"about":[{"href":"https:\/\/zooprekes24.lt\/lv\/wp-json\/wp\/v2\/types\/product"}],"replies":[{"embeddable":true,"href":"https:\/\/zooprekes24.lt\/lv\/wp-json\/wp\/v2\/comments?post=24744"}],"wp:featuredmedia":[{"embeddable":true,"href":"https:\/\/zooprekes24.lt\/lv\/wp-json\/wp\/v2\/media\/20835"}],"wp:attachment":[{"href":"https:\/\/zooprekes24.lt\/lv\/wp-json\/wp\/v2\/media?parent=24744"}],"wp:term":[{"taxonomy":"product_brand","embeddable":true,"href":"https:\/\/zooprekes24.lt\/lv\/wp-json\/wp\/v2\/product_brand?post=24744"},{"taxonomy":"product_cat","embeddable":true,"href":"https:\/\/zooprekes24.lt\/lv\/wp-json\/wp\/v2\/product_cat?post=24744"},{"taxonomy":"product_tag","embeddable":true,"href":"https:\/\/zooprekes24.lt\/lv\/wp-json\/wp\/v2\/product_tag?post=24744"}],"curies":[{"name":"wp","href":"https:\/\/api.w.org\/{rel}","templated":true}]}}