{"id":24727,"date":"2024-04-19T13:44:39","date_gmt":"2024-04-19T10:44:39","guid":{"rendered":"https:\/\/zooprekes24.lt\/produktas\/josera-fillet-chicken-with-salmon-cat-wet\/"},"modified":"2026-03-02T15:06:40","modified_gmt":"2026-03-02T13:06:40","slug":"josera-fileja-vistas-fileja-ar-lasi-kakiem-mitra","status":"publish","type":"product","link":"https:\/\/zooprekes24.lt\/lv\/produktas\/josera-fillet-chicken-with-salmon-cat-wet\/","title":{"rendered":"Josera Fileja vistas fileja ar lasi konserv\u0113ta ka\u0137iem"},"content":{"rendered":"<h3>Josera Fillet Chicken with Salmon &#8211; visavertis, \u0161lapias maistas su sultingais vi\u0161tienos ir la\u0161i\u0161os gabaliukais suaugusioms kat\u0117ms. Pritaikytas sveikiems ir jautri\u0105 vir\u0161kinimo sistem\u0105 turintiems augintiniams. Be gr\u016bd\u0173.<\/h3>\n<ul>\n<li>Vienkartin\u0117 porcija pakuot\u0117je u\u017etikrina nepriekai\u0161ting\u0105 skon\u012f.<\/li>\n<li>Sultingi vi\u0161tienos ir la\u0161i\u0161os gabal\u0117liai patiks kiekvienam gurmanui.<\/li>\n<li>Optimalus mineralini\u0173 med\u017eiag\u0173 kiekis palaiko \u0161lapimo pH, apsaugo \u0161lapimo takus nuo struvitini\u0173 akmen\u0173 formavimosi.<\/li>\n<li><a href=\"https:\/\/www.josera.lt\/\">Josera Fillet Chicken with Salmon<\/a>\u00a0sukurtas atsi\u017evelgiant \u012f <a href=\"https:\/\/zooprekes24.lt\/kategorija\/prekes-katems\/kaciu-maistas\/slapias-kaciu-maistas\/?filters=kates-amzius[381]\">suaugusi\u0173 ka\u010di\u0173<\/a> poreikius tad ne tik apr\u016bpina kat\u0117s organizm\u0105 reikalingais mineralais ir vitaminais, bet ir yra optimalus kasdien\u0117s dietos be gr\u016bd\u0173 pasirinkimas sveikoms ir jautrioms kat\u0117ms.<\/li>\n<\/ul>\n","protected":false},"excerpt":{"rendered":"<p>Josera Fillet Chicken with Salmon &#8211; visavertis, \u0161lapias maistas su sultingais vi\u0161tienos ir la\u0161i\u0161os gabaliukais suaugusioms kat\u0117ms. Pritaikytas sveikiems ir jautri\u0105 vir\u0161kinimo sistem\u0105 turintiems augintiniams. Be gr\u016bd\u0173. Vienkartin\u0117 porcija pakuot\u0117je u\u017etikrina nepriekai\u0161ting\u0105 skon\u012f. Sultingi vi\u0161tienos ir la\u0161i\u0161os gabal\u0117liai patiks kiekvienam gurmanui. Optimalus mineralini\u0173 med\u017eiag\u0173 kiekis palaiko \u0161lapimo pH, apsaugo \u0161lapimo takus nuo struvitini\u0173 akmen\u0173 formavimosi&#8230;.<\/p>","protected":false},"featured_media":20830,"comment_status":"closed","ping_status":"closed","template":"","meta":{"_acf_changed":false,"slim_seo":{"title":"Josera Fillet Chicken with Salmon konservai kat\u0117ms - Zooprekes24","description":"Josera Fillet Chicken with Salmon ir pilnv\u0113rt\u012bga mitr\u0101 bar\u012bba ar sul\u012bgiem vistas ga\u013cas un la\u0161a gabali\u0146iem pieaugu\u0161iem ka\u0137iem. Piel\u0101gota veseliem un jut\u012bgiem ka\u0137iem"},"iawp_total_views":15},"product_brand":[],"product_cat":[9027,9081,72,83,25,9020],"product_tag":[6851,6883],"class_list":{"0":"post-24727","1":"product","2":"type-product","3":"status-publish","4":"has-post-thumbnail","6":"product_cat-begrudis-maistas-kaciu-maistas","7":"product_cat-josera-kaciu-prekiu-gamintojai","8":"product_cat-kaciu-maistas","9":"product_cat-kaciu-prekiu-gamintojai","10":"product_cat-katems","11":"product_cat-slapias-maistas-kaciu-maistas","12":"product_tag-josera-pasaras-katems","13":"product_tag-josera-slapias-edalas-katems","14":"pa_pasaro-sudetis-kepeneles","15":"pa_pasaro-sudetis-lasisa","16":"pa_pasaro-sudetis-vistiena","17":"pa_pasaro-sudetis-zuvis","18":"pa_prekiu-zenklai-josera","20":"first","21":"instock","22":"featured","23":"taxable","24":"shipping-taxable","25":"purchasable","26":"product-type-variable"},"acf":[],"_links":{"self":[{"href":"https:\/\/zooprekes24.lt\/lv\/wp-json\/wp\/v2\/product\/24727","targetHints":{"allow":["GET"]}}],"collection":[{"href":"https:\/\/zooprekes24.lt\/lv\/wp-json\/wp\/v2\/product"}],"about":[{"href":"https:\/\/zooprekes24.lt\/lv\/wp-json\/wp\/v2\/types\/product"}],"replies":[{"embeddable":true,"href":"https:\/\/zooprekes24.lt\/lv\/wp-json\/wp\/v2\/comments?post=24727"}],"wp:featuredmedia":[{"embeddable":true,"href":"https:\/\/zooprekes24.lt\/lv\/wp-json\/wp\/v2\/media\/20830"}],"wp:attachment":[{"href":"https:\/\/zooprekes24.lt\/lv\/wp-json\/wp\/v2\/media?parent=24727"}],"wp:term":[{"taxonomy":"product_brand","embeddable":true,"href":"https:\/\/zooprekes24.lt\/lv\/wp-json\/wp\/v2\/product_brand?post=24727"},{"taxonomy":"product_cat","embeddable":true,"href":"https:\/\/zooprekes24.lt\/lv\/wp-json\/wp\/v2\/product_cat?post=24727"},{"taxonomy":"product_tag","embeddable":true,"href":"https:\/\/zooprekes24.lt\/lv\/wp-json\/wp\/v2\/product_tag?post=24727"}],"curies":[{"name":"wp","href":"https:\/\/api.w.org\/{rel}","templated":true}]}}