{"id":24723,"date":"2024-04-19T13:44:39","date_gmt":"2024-04-19T10:44:39","guid":{"rendered":"https:\/\/zooprekes24.lt\/produktas\/josera-soup-chicken-sriuba-katems\/"},"modified":"2026-03-02T15:06:37","modified_gmt":"2026-03-02T13:06:37","slug":"vinasera-zupa-vistas-zupa-katems","status":"publish","type":"product","link":"https:\/\/zooprekes24.lt\/lv\/produktas\/josera-soup-chicken-sriuba-katems\/","title":{"rendered":"Josera zupa Vistas zupa ar burk\u0101niem un spin\u0101tiem zupas dz\u0113riens ka\u0137iem"},"content":{"rendered":"<h3>Josera Soup Chicken with Carrots &amp; Spinach &#8211; sriuba su skania vi\u0161tiena, morkomis ir \u0161pinatais suaugusioms kat\u0117ms. Puikiai tinka kaip sauso \u0117dalo papildymas augintiniams, kurie pamir\u0161ta, jog reikia gerti. Be gr\u016bd\u0173.<\/h3>\n<ul>\n<li>Puikus sauso \u0117dalo papildas.<\/li>\n<li>Suteikia skys\u010di\u0173 ma\u017eai vandens lakan\u010dioms kat\u0117ms.<\/li>\n<li>Puikiai tinka norint pa\u012fvairinti sveik\u0173 ir jautri\u0173 ka\u010di\u0173 mityb\u0105.<\/li>\n<li>Vienkartin\u0117 porcija pakuot\u0117je u\u017etikrina nepriekai\u0161ting\u0105 skon\u012f.<\/li>\n<li>Reguliarus ir pakankamas skys\u010di\u0173 suvartojimas gali pad\u0117ti palengvinti \u0161lapimo tak\u0173 veikl\u0105.<\/li>\n<li><a href=\"https:\/\/www.josera.lt\/\">Josera Soup Chicken with Carrots &amp; Spinach<\/a>\u00a0sukurtas atsi\u017evelgiant \u012f <a href=\"https:\/\/zooprekes24.lt\/kategorija\/prekes-katems\/kaciu-maistas\/slapias-kaciu-maistas\/?filters=kates-amzius[381]\">suaugusi\u0173 ka\u010di\u0173<\/a> poreikius ir yra optimalus kasdien\u0117s dietos be gr\u016bd\u0173 pasirinkimas sveikoms ir jautrioms kat\u0117ms.<\/li>\n<\/ul>\n","protected":false},"excerpt":{"rendered":"<p>Josera Soup Chicken with Carrots &amp; Spinach &#8211; sriuba su skania vi\u0161tiena, morkomis ir \u0161pinatais suaugusioms kat\u0117ms. Puikiai tinka kaip sauso \u0117dalo papildymas augintiniams, kurie pamir\u0161ta, jog reikia gerti. Be gr\u016bd\u0173. Puikus sauso \u0117dalo papildas. Suteikia skys\u010di\u0173 ma\u017eai vandens lakan\u010dioms kat\u0117ms. Puikiai tinka norint pa\u012fvairinti sveik\u0173 ir jautri\u0173 ka\u010di\u0173 mityb\u0105. Vienkartin\u0117 porcija pakuot\u0117je u\u017etikrina nepriekai\u0161ting\u0105&#8230;<\/p>","protected":false},"featured_media":20822,"comment_status":"closed","ping_status":"closed","template":"","meta":{"_acf_changed":false,"slim_seo":{"title":"Josera Soup Chicken with Carrots & Spinach sriubos g\u0117rimas kat\u0117ms - Zooprekes24","description":"Josera zupa vistas ga\u013ca ar burk\u0101niem un spin\u0101tiem - zupa ar gardu vistas ga\u013cu, burk\u0101niem un spin\u0101tiem pieaugu\u0161iem ka\u0137iem. Ide\u0101li piem\u0113rota k\u0101 papildin\u0101jums sausajai bar\u012bbai"},"iawp_total_views":121},"product_brand":[],"product_cat":[9027,9081,72,83,25,9020],"product_tag":[6851,6883,6919],"class_list":{"0":"post-24723","1":"product","2":"type-product","3":"status-publish","4":"has-post-thumbnail","6":"product_cat-begrudis-maistas-kaciu-maistas","7":"product_cat-josera-kaciu-prekiu-gamintojai","8":"product_cat-kaciu-maistas","9":"product_cat-kaciu-prekiu-gamintojai","10":"product_cat-katems","11":"product_cat-slapias-maistas-kaciu-maistas","12":"product_tag-josera-pasaras-katems","13":"product_tag-josera-slapias-edalas-katems","14":"product_tag-sriuba-katems","15":"pa_pasaro-sudetis-darzoves","16":"pa_pasaro-sudetis-kepeneles","17":"pa_pasaro-sudetis-vistiena","18":"pa_prekiu-zenklai-josera","20":"first","21":"instock","22":"featured","23":"taxable","24":"shipping-taxable","25":"purchasable","26":"product-type-variable"},"acf":[],"_links":{"self":[{"href":"https:\/\/zooprekes24.lt\/lv\/wp-json\/wp\/v2\/product\/24723","targetHints":{"allow":["GET"]}}],"collection":[{"href":"https:\/\/zooprekes24.lt\/lv\/wp-json\/wp\/v2\/product"}],"about":[{"href":"https:\/\/zooprekes24.lt\/lv\/wp-json\/wp\/v2\/types\/product"}],"replies":[{"embeddable":true,"href":"https:\/\/zooprekes24.lt\/lv\/wp-json\/wp\/v2\/comments?post=24723"}],"wp:featuredmedia":[{"embeddable":true,"href":"https:\/\/zooprekes24.lt\/lv\/wp-json\/wp\/v2\/media\/20822"}],"wp:attachment":[{"href":"https:\/\/zooprekes24.lt\/lv\/wp-json\/wp\/v2\/media?parent=24723"}],"wp:term":[{"taxonomy":"product_brand","embeddable":true,"href":"https:\/\/zooprekes24.lt\/lv\/wp-json\/wp\/v2\/product_brand?post=24723"},{"taxonomy":"product_cat","embeddable":true,"href":"https:\/\/zooprekes24.lt\/lv\/wp-json\/wp\/v2\/product_cat?post=24723"},{"taxonomy":"product_tag","embeddable":true,"href":"https:\/\/zooprekes24.lt\/lv\/wp-json\/wp\/v2\/product_tag?post=24723"}],"curies":[{"name":"wp","href":"https:\/\/api.w.org\/{rel}","templated":true}]}}