{"id":24721,"date":"2024-04-19T13:44:39","date_gmt":"2024-04-19T10:44:39","guid":{"rendered":"https:\/\/zooprekes24.lt\/produktas\/josera-pate-kitten-konservai-kaciukams\/"},"modified":"2026-03-02T15:06:35","modified_gmt":"2026-03-02T13:06:35","slug":"tas-nosaukums-ir-kakenu-konservu-bariba-kakiem","status":"publish","type":"product","link":"https:\/\/zooprekes24.lt\/lv\/produktas\/josera-pate-kitten-konservai-kaciukams\/","title":{"rendered":"Josera Pate Kitten Konservi ka\u0137\u0113niem"},"content":{"rendered":"<h3>Josera Pate Kitten &#8211; visavertis, \u0161lapias maistas su vi\u0161tiena ir morkomis augantiems ka\u010diukams iki 1 met\u0173. Pritaikytas sveikiems ir jautri\u0105 vir\u0161kinimo sistem\u0105 turintiems augintiniams. Be gr\u016bd\u0173.<\/h3>\n<ul>\n<li>Sud\u0117tyje yra ypa\u010d daug m\u0117sos (70%).<\/li>\n<li>Vienkartin\u0117 porcija pakuot\u0117je u\u017etikrina nepriekai\u0161ting\u0105 skon\u012f.<\/li>\n<li>La\u0161i\u0161\u0173 aliejus suteikia verting\u0173 Omega-3 ir Omega-6 riebal\u0173 r\u016bg\u0161\u010di\u0173.<\/li>\n<li>Nepriekai\u0161tingai subalansuota maistini\u0173 med\u017eiag\u0173 formul\u0117 sveikam augimui.<\/li>\n<li>Su specialiomis augalin\u0117mis skaidulomis i\u0161 gyslo\u010dio s\u0117kl\u0173, padedan\u010diomis i\u0161vengti plauk\u0173 kamuoliuk\u0173 susidarymo.<\/li>\n<li><a href=\"https:\/\/www.josera.lt\/\">Josera Pate Kitten<\/a> sukurtas atsi\u017evelgiant \u012f <a href=\"https:\/\/zooprekes24.lt\/kategorija\/prekes-katems\/kaciu-maistas\/slapias-kaciu-maistas\/?filters=kates-amzius[384]\">augan\u010di\u0173 ka\u010diuk\u0173<\/a> poreikius tad ne tik apr\u016bpina augintinio organizm\u0105 reikalingais mineralais ir vitaminais, bet ir yra optimalus kasdien\u0117s dietos be gr\u016bd\u0173 pasirinkimas sveikoms ir jautrioms kat\u0117ms.<\/li>\n<\/ul>\n","protected":false},"excerpt":{"rendered":"<p>Josera Pate Kitten &#8211; visavertis, \u0161lapias maistas su vi\u0161tiena ir morkomis augantiems ka\u010diukams iki 1 met\u0173. Pritaikytas sveikiems ir jautri\u0105 vir\u0161kinimo sistem\u0105 turintiems augintiniams. Be gr\u016bd\u0173. Sud\u0117tyje yra ypa\u010d daug m\u0117sos (70%). Vienkartin\u0117 porcija pakuot\u0117je u\u017etikrina nepriekai\u0161ting\u0105 skon\u012f. La\u0161i\u0161\u0173 aliejus suteikia verting\u0173 Omega-3 ir Omega-6 riebal\u0173 r\u016bg\u0161\u010di\u0173. Nepriekai\u0161tingai subalansuota maistini\u0173 med\u017eiag\u0173 formul\u0117 sveikam augimui. Su&#8230;<\/p>","protected":false},"featured_media":20818,"comment_status":"closed","ping_status":"closed","template":"","meta":{"_acf_changed":false,"slim_seo":{"title":"Josera Pate Kitten konservai ka\u010diukams - Zooprekes24","description":"Josera Pate Kitten ir pilnv\u0113rt\u012bga mitr\u0101 bar\u012bba ar vistas ga\u013cu un burk\u0101niem ka\u0137\u0113niem l\u012bdz 1 gada vecumam. Piel\u0101gota veseliem ka\u0137\u0113niem ar jut\u012bgu gremo\u0161anas sist\u0113mu."},"iawp_total_views":247},"product_brand":[],"product_cat":[9027,9081,72,83,25,9020],"product_tag":[6883],"class_list":{"0":"post-24721","1":"product","2":"type-product","3":"status-publish","4":"has-post-thumbnail","6":"product_cat-begrudis-maistas-kaciu-maistas","7":"product_cat-josera-kaciu-prekiu-gamintojai","8":"product_cat-kaciu-maistas","9":"product_cat-kaciu-prekiu-gamintojai","10":"product_cat-katems","11":"product_cat-slapias-maistas-kaciu-maistas","12":"product_tag-josera-slapias-edalas-katems","13":"pa_pasaro-sudetis-darzoves","14":"pa_pasaro-sudetis-kepeneles","15":"pa_pasaro-sudetis-sirdys","16":"pa_pasaro-sudetis-vistiena","17":"pa_prekiu-zenklai-josera","19":"first","20":"instock","21":"featured","22":"taxable","23":"shipping-taxable","24":"purchasable","25":"product-type-variable"},"acf":[],"_links":{"self":[{"href":"https:\/\/zooprekes24.lt\/lv\/wp-json\/wp\/v2\/product\/24721","targetHints":{"allow":["GET"]}}],"collection":[{"href":"https:\/\/zooprekes24.lt\/lv\/wp-json\/wp\/v2\/product"}],"about":[{"href":"https:\/\/zooprekes24.lt\/lv\/wp-json\/wp\/v2\/types\/product"}],"replies":[{"embeddable":true,"href":"https:\/\/zooprekes24.lt\/lv\/wp-json\/wp\/v2\/comments?post=24721"}],"wp:featuredmedia":[{"embeddable":true,"href":"https:\/\/zooprekes24.lt\/lv\/wp-json\/wp\/v2\/media\/20818"}],"wp:attachment":[{"href":"https:\/\/zooprekes24.lt\/lv\/wp-json\/wp\/v2\/media?parent=24721"}],"wp:term":[{"taxonomy":"product_brand","embeddable":true,"href":"https:\/\/zooprekes24.lt\/lv\/wp-json\/wp\/v2\/product_brand?post=24721"},{"taxonomy":"product_cat","embeddable":true,"href":"https:\/\/zooprekes24.lt\/lv\/wp-json\/wp\/v2\/product_cat?post=24721"},{"taxonomy":"product_tag","embeddable":true,"href":"https:\/\/zooprekes24.lt\/lv\/wp-json\/wp\/v2\/product_tag?post=24721"}],"curies":[{"name":"wp","href":"https:\/\/api.w.org\/{rel}","templated":true}]}}