{"id":24720,"date":"2024-04-19T13:44:39","date_gmt":"2024-04-19T10:44:39","guid":{"rendered":"https:\/\/zooprekes24.lt\/produktas\/josera-pate-turkey-konservai-katems\/"},"modified":"2026-03-02T15:06:34","modified_gmt":"2026-03-02T13:06:34","slug":"josera-pastete-titara-galas-konservi-kakiem","status":"publish","type":"product","link":"https:\/\/zooprekes24.lt\/lv\/produktas\/josera-pate-turkey-konservai-katems\/","title":{"rendered":"Josera past\u0113te Turcija ar cukini Konservi ka\u0137iem"},"content":{"rendered":"<h3>Josera Pate Turkey with Zucchini &#8211; visavertis, \u0161lapias maistas su kalakutiena ir cukinijomis suaugusioms kat\u0117ms. Pritaikytas sveikiems ir jautri\u0105 vir\u0161kinimo sistem\u0105 turintiems augintiniams. Be gr\u016bd\u0173.<\/h3>\n<ul>\n<li>Sud\u0117tyje yra ypa\u010d daug m\u0117sos (70%).<\/li>\n<li>Vienkartin\u0117 porcija pakuot\u0117je u\u017etikrina nepriekai\u0161ting\u0105 skon\u012f.<\/li>\n<li>La\u0161i\u0161\u0173 aliejus suteikia verting\u0173 Omega-3 ir Omega-6 riebal\u0173 r\u016bg\u0161\u010di\u0173.<\/li>\n<li>Su specialiomis augalin\u0117mis skaidulomis i\u0161 gyslo\u010dio s\u0117kl\u0173, padedan\u010diomis i\u0161vengti plauk\u0173 kamuoliuk\u0173 susidarymo.<\/li>\n<li>Optimalus mineralini\u0173 med\u017eiag\u0173 kiekis palaiko \u0161lapimo pH, apsaugo \u0161lapimo takus nuo struvitini\u0173 akmen\u0173 formavimosi.<\/li>\n<li><a href=\"https:\/\/www.josera.lt\/\">Josera Pate Turkey with Zucchini<\/a>\u00a0sukurtas atsi\u017evelgiant \u012f <a href=\"https:\/\/zooprekes24.lt\/kategorija\/prekes-katems\/kaciu-maistas\/slapias-kaciu-maistas\/?filters=kates-amzius[381]\">suaugusi\u0173 ka\u010di\u0173<\/a> poreikius tad ne tik apr\u016bpina kat\u0117s organizm\u0105 reikalingais mineralais ir vitaminais, bet ir yra optimalus kasdien\u0117s dietos be gr\u016bd\u0173 pasirinkimas sveikoms ir jautrioms kat\u0117ms.<\/li>\n<\/ul>\n","protected":false},"excerpt":{"rendered":"<p>Josera Pate Turkey with Zucchini &#8211; visavertis, \u0161lapias maistas su kalakutiena ir cukinijomis suaugusioms kat\u0117ms. Pritaikytas sveikiems ir jautri\u0105 vir\u0161kinimo sistem\u0105 turintiems augintiniams. Be gr\u016bd\u0173. Sud\u0117tyje yra ypa\u010d daug m\u0117sos (70%). Vienkartin\u0117 porcija pakuot\u0117je u\u017etikrina nepriekai\u0161ting\u0105 skon\u012f. La\u0161i\u0161\u0173 aliejus suteikia verting\u0173 Omega-3 ir Omega-6 riebal\u0173 r\u016bg\u0161\u010di\u0173. Su specialiomis augalin\u0117mis skaidulomis i\u0161 gyslo\u010dio s\u0117kl\u0173, padedan\u010diomis i\u0161vengti&#8230;<\/p>","protected":false},"featured_media":20816,"comment_status":"closed","ping_status":"closed","template":"","meta":{"_acf_changed":false,"slim_seo":{"title":"Josera Pate Turkey with Zucchini konservai kat\u0117ms - Zooprekes24","description":"Josera Pate Turkey with Zucchini ir pilnv\u0113rt\u012bga mitr\u0101 bar\u012bba ar t\u012btaru un kaba\u010diem pieaugu\u0161iem ka\u0137iem. Piel\u0101gota vesel\u012bgai un jut\u012bgai gremo\u0161anas sist\u0113mai."},"iawp_total_views":17},"product_brand":[],"product_cat":[9027,9081,72,83,25,9020],"product_tag":[6851,6883],"class_list":{"0":"post-24720","1":"product","2":"type-product","3":"status-publish","4":"has-post-thumbnail","6":"product_cat-begrudis-maistas-kaciu-maistas","7":"product_cat-josera-kaciu-prekiu-gamintojai","8":"product_cat-kaciu-maistas","9":"product_cat-kaciu-prekiu-gamintojai","10":"product_cat-katems","11":"product_cat-slapias-maistas-kaciu-maistas","12":"product_tag-josera-pasaras-katems","13":"product_tag-josera-slapias-edalas-katems","14":"pa_pasaro-sudetis-darzoves","15":"pa_pasaro-sudetis-kalakutiena","16":"pa_pasaro-sudetis-kepeneles","17":"pa_pasaro-sudetis-sirdys","18":"pa_prekiu-zenklai-josera","20":"first","21":"instock","22":"featured","23":"taxable","24":"shipping-taxable","25":"purchasable","26":"product-type-variable"},"acf":[],"_links":{"self":[{"href":"https:\/\/zooprekes24.lt\/lv\/wp-json\/wp\/v2\/product\/24720","targetHints":{"allow":["GET"]}}],"collection":[{"href":"https:\/\/zooprekes24.lt\/lv\/wp-json\/wp\/v2\/product"}],"about":[{"href":"https:\/\/zooprekes24.lt\/lv\/wp-json\/wp\/v2\/types\/product"}],"replies":[{"embeddable":true,"href":"https:\/\/zooprekes24.lt\/lv\/wp-json\/wp\/v2\/comments?post=24720"}],"wp:featuredmedia":[{"embeddable":true,"href":"https:\/\/zooprekes24.lt\/lv\/wp-json\/wp\/v2\/media\/20816"}],"wp:attachment":[{"href":"https:\/\/zooprekes24.lt\/lv\/wp-json\/wp\/v2\/media?parent=24720"}],"wp:term":[{"taxonomy":"product_brand","embeddable":true,"href":"https:\/\/zooprekes24.lt\/lv\/wp-json\/wp\/v2\/product_brand?post=24720"},{"taxonomy":"product_cat","embeddable":true,"href":"https:\/\/zooprekes24.lt\/lv\/wp-json\/wp\/v2\/product_cat?post=24720"},{"taxonomy":"product_tag","embeddable":true,"href":"https:\/\/zooprekes24.lt\/lv\/wp-json\/wp\/v2\/product_tag?post=24720"}],"curies":[{"name":"wp","href":"https:\/\/api.w.org\/{rel}","templated":true}]}}