{"id":24710,"date":"2024-04-19T13:44:30","date_gmt":"2024-04-19T10:44:30","guid":{"rendered":"https:\/\/zooprekes24.lt\/produktas\/josera-meat-lovers-pure-turkey-dog-wet\/"},"modified":"2026-03-02T15:06:45","modified_gmt":"2026-03-02T13:06:45","slug":"josera-meat-lovers-tira-titara-gala-suniem-mitrs","status":"publish","type":"product","link":"https:\/\/zooprekes24.lt\/lv\/produktas\/josera-meat-lovers-pure-turkey-dog-wet\/","title":{"rendered":"Josera Meat Lovers Pure Turkey konservi su\u0146iem"},"content":{"rendered":"<h3>Josera Meat Lovers Pure Turkey &#8211; visavertis, \u0161lapias maistas su kalakutiena vis\u0173 veisli\u0173 suaugusiems \u0161unims. Pritaikytas jautri\u0105 vir\u0161kinimo sistem\u0105 turintiems gyv\u016bnams. Puikus vieno baltymo \u0161altinis. Be cukraus, gr\u016bd\u0173, da\u017eikli\u0173 ir konservant\u0173.<\/h3>\n<ul>\n<li>100% klimatui neutrali produkcija.<\/li>\n<li>Sud\u0117tyje yra ypa\u010d daug m\u0117sos (68%).<\/li>\n<li>Be dirbtini\u0173 produkt\u0173:\u00a0da\u017eikli\u0173, kvapi\u0173j\u0173 med\u017eiag\u0173 ar konservant\u0173.<\/li>\n<li>Idealiai tinka \u0161unims, kurie turi jautr\u0173 vir\u0161kinim\u0105, yra alergi\u0161ki ar netoleruojantys tam tikro maisto.<\/li>\n<li><a href=\"https:\/\/www.josera.lt\/\">Josera Meat Lovers Pure Turkey<\/a>\u00a0sukurtas atsi\u017evelgiant \u012f <a href=\"https:\/\/zooprekes24.lt\/kategorija\/prekes-sunims\/sunu-maistas\/sausas-maistas-sunims\/?filters=suns-amzius[236]\">suaugusi\u0173 \u0161un\u0173<\/a> poreikius tad ne tik apr\u016bpina \u0161uns organizm\u0105 reikalingais mineralais ir vitaminais, bet ir yra be cukraus, gr\u016bd\u0173, da\u017eikli\u0173 ir konservant\u0173.<\/li>\n<\/ul>\n","protected":false},"excerpt":{"rendered":"<p>Josera Meat Lovers Pure Turkey ir pilnv\u0113rt\u012bga mitr\u0101 bar\u012bba ar t\u012btaru ga\u013cas piedevu pieaugu\u0161iem visu \u0161\u0137ir\u0146u su\u0146iem. Piem\u0113rots dz\u012bvniekiem ar jut\u012bgu gremo\u0161anas sist\u0113mu. Lielisks olbaltumvielu avots. Nesatur cukuru, graudaugus, kr\u0101svielas un konservantus. 100% klimatiski neitr\u0101la. Satur \u012bpa\u0161i augstu ga\u013cas saturu (68%). Bez m\u0101ksl\u012bgiem produktiem: kr\u0101sviel\u0101m, aromatiz\u0113t\u0101jiem un konservantiem. Ide\u0101li piem\u0113rots su\u0146iem ar jut\u012bgu gremo\u0161anu,...<\/p>","protected":false},"featured_media":20804,"comment_status":"closed","ping_status":"closed","template":"","meta":{"_acf_changed":false,"slim_seo":{"title":"Josera Meat Lovers Pure Turkey konservai \u0161unims - Zooprekes24","description":"Josera Meat Lovers Pure Turkey ir pilnv\u0113rt\u012bga mitr\u0101 bar\u012bba ar t\u012btaru ga\u013cas piedevu pieaugu\u0161iem visu \u0161\u0137ir\u0146u su\u0146iem. Piem\u0113rota su\u0146iem ar jut\u012bgu gremo\u0161anas sist\u0113mu"},"iawp_total_views":18},"product_brand":[],"product_cat":[9001,9063,9004,8999,29,31],"product_tag":[6815,6704],"class_list":{"0":"post-24710","1":"product","2":"type-product","3":"status-publish","4":"has-post-thumbnail","6":"product_cat-begrudis-maistas","7":"product_cat-josera","8":"product_cat-slapias-maistas","9":"product_cat-sunims","10":"product_cat-sunu-maistas","11":"product_cat-sunu-prekiu-gamintojai","12":"product_tag-josera-meatlovers","13":"product_tag-josera-pasaras-sunims","14":"pa_pasaro-sudetis-kalakutiena","15":"pa_pasaro-sudetis-kepeneles","16":"pa_pasaro-sudetis-sirdys","17":"pa_prekiu-zenklai-josera","18":"pa_suns-amzius-suaugusiems","19":"pa_veisles-dydis-didelems-veislems","20":"pa_veisles-dydis-mazoms-veislems","21":"pa_veisles-dydis-vidutinems-veislems","22":"pa_veisles-dydis-visu-dydziu-veislems","24":"first","25":"instock","26":"featured","27":"taxable","28":"shipping-taxable","29":"purchasable","30":"product-type-variable"},"acf":[],"_links":{"self":[{"href":"https:\/\/zooprekes24.lt\/lv\/wp-json\/wp\/v2\/product\/24710","targetHints":{"allow":["GET"]}}],"collection":[{"href":"https:\/\/zooprekes24.lt\/lv\/wp-json\/wp\/v2\/product"}],"about":[{"href":"https:\/\/zooprekes24.lt\/lv\/wp-json\/wp\/v2\/types\/product"}],"replies":[{"embeddable":true,"href":"https:\/\/zooprekes24.lt\/lv\/wp-json\/wp\/v2\/comments?post=24710"}],"wp:featuredmedia":[{"embeddable":true,"href":"https:\/\/zooprekes24.lt\/lv\/wp-json\/wp\/v2\/media\/20804"}],"wp:attachment":[{"href":"https:\/\/zooprekes24.lt\/lv\/wp-json\/wp\/v2\/media?parent=24710"}],"wp:term":[{"taxonomy":"product_brand","embeddable":true,"href":"https:\/\/zooprekes24.lt\/lv\/wp-json\/wp\/v2\/product_brand?post=24710"},{"taxonomy":"product_cat","embeddable":true,"href":"https:\/\/zooprekes24.lt\/lv\/wp-json\/wp\/v2\/product_cat?post=24710"},{"taxonomy":"product_tag","embeddable":true,"href":"https:\/\/zooprekes24.lt\/lv\/wp-json\/wp\/v2\/product_tag?post=24710"}],"curies":[{"name":"wp","href":"https:\/\/api.w.org\/{rel}","templated":true}]}}