{"id":24698,"date":"2024-04-19T13:44:30","date_gmt":"2024-04-19T10:44:30","guid":{"rendered":"https:\/\/zooprekes24.lt\/produktas\/josera-meat-lovers-chicken-sunims\/"},"modified":"2026-03-02T15:06:41","modified_gmt":"2026-03-02T13:06:41","slug":"josera-galas-milotajiem-vistas-galas-sunims","status":"publish","type":"product","link":"https:\/\/zooprekes24.lt\/lv\/produktas\/josera-meat-lovers-chicken-sunims\/","title":{"rendered":"Josera Meat Lovers Vistas ga\u013ca ar burk\u0101niem Konservi su\u0146iem"},"content":{"rendered":"<h3>Josera Meat Lovers Chicken with Carrot &#8211; visavertis \u0161lapias maistas vis\u0173 veisli\u0173 suaugusiems \u0161unims su vi\u0161tiena ir morkomis. Be cukraus, gr\u016bd\u0173, da\u017eikli\u0173 ir konservant\u0173.<\/h3>\n<ul>\n<li>100% klimatui neutrali produkcija.<\/li>\n<li>Sud\u0117tyje yra ypa\u010d daug m\u0117sos (65%).<\/li>\n<li>Morkos ir ry\u017eiai praturtina pa\u0161ar\u0105 naudingomis med\u017eiagomis.<\/li>\n<li>Be dirbtini\u0173 produkt\u0173:\u00a0da\u017eikli\u0173, kvapi\u0173j\u0173 med\u017eiag\u0173 ar konservant\u0173.<\/li>\n<li>Skardin\u0117je J\u016bs\u0173 augintinio laukia sultingos vi\u0161tienos, jautienos ir kiaulienos derinys.<\/li>\n<li><a href=\"https:\/\/www.josera.lt\/\">Josera Meat Lovers Chicken with Carrot<\/a> sukurtas atsi\u017evelgiant \u012f <a href=\"https:\/\/zooprekes24.lt\/kategorija\/prekes-sunims\/sunu-maistas\/sausas-maistas-sunims\/?filters=suns-amzius[236]\">suaugusi\u0173 \u0161un\u0173<\/a> poreikius tad ne tik apr\u016bpina \u0161uns organizm\u0105 reikalingais mineralais ir vitaminais, bet ir yra be cukraus, gr\u016bd\u0173, da\u017eikli\u0173 ir konservant\u0173.<\/li>\n<\/ul>\n","protected":false},"excerpt":{"rendered":"<p>Josera Meat Lovers Chicken with Carrot &#8211; visavertis \u0161lapias maistas vis\u0173 veisli\u0173 suaugusiems \u0161unims su vi\u0161tiena ir morkomis. Be cukraus, gr\u016bd\u0173, da\u017eikli\u0173 ir konservant\u0173. 100% klimatui neutrali produkcija. Sud\u0117tyje yra ypa\u010d daug m\u0117sos (65%). Morkos ir ry\u017eiai praturtina pa\u0161ar\u0105 naudingomis med\u017eiagomis. Be dirbtini\u0173 produkt\u0173:\u00a0da\u017eikli\u0173, kvapi\u0173j\u0173 med\u017eiag\u0173 ar konservant\u0173. Skardin\u0117je J\u016bs\u0173 augintinio laukia sultingos vi\u0161tienos, jautienos&#8230;<\/p>","protected":false},"featured_media":20796,"comment_status":"closed","ping_status":"closed","template":"","meta":{"_acf_changed":false,"slim_seo":{"title":"Josera Meat Lovers Chicken with Carrot konservai \u0161unims - Zooprekes24","description":"Josera Meat Lovers Chicken with Carrot - visavertis \u0161lapias maistas vis\u0173 veisli\u0173 suaugusiems \u0161unims su vi\u0161tiena ir morkomis. Be cukraus, gr\u016bd\u0173, da\u017eikli\u0173 ir kons"},"iawp_total_views":17},"product_brand":[],"product_cat":[9063,9004,8999,29,31],"product_tag":[6815,6704],"class_list":{"0":"post-24698","1":"product","2":"type-product","3":"status-publish","4":"has-post-thumbnail","6":"product_cat-josera","7":"product_cat-slapias-maistas","8":"product_cat-sunims","9":"product_cat-sunu-maistas","10":"product_cat-sunu-prekiu-gamintojai","11":"product_tag-josera-meatlovers","12":"product_tag-josera-pasaras-sunims","13":"pa_pasaro-sudetis-darzoves","14":"pa_pasaro-sudetis-jautiena","15":"pa_pasaro-sudetis-kepeneles","16":"pa_pasaro-sudetis-kiauliena","17":"pa_pasaro-sudetis-ryziai","18":"pa_pasaro-sudetis-sirdys","19":"pa_pasaro-sudetis-vistiena","20":"pa_prekiu-zenklai-josera","21":"pa_suns-amzius-suaugusiems","22":"pa_veisles-dydis-didelems-veislems","23":"pa_veisles-dydis-mazoms-veislems","24":"pa_veisles-dydis-vidutinems-veislems","25":"pa_veisles-dydis-visu-dydziu-veislems","27":"first","28":"instock","29":"featured","30":"taxable","31":"shipping-taxable","32":"purchasable","33":"product-type-variable"},"acf":[],"_links":{"self":[{"href":"https:\/\/zooprekes24.lt\/lv\/wp-json\/wp\/v2\/product\/24698","targetHints":{"allow":["GET"]}}],"collection":[{"href":"https:\/\/zooprekes24.lt\/lv\/wp-json\/wp\/v2\/product"}],"about":[{"href":"https:\/\/zooprekes24.lt\/lv\/wp-json\/wp\/v2\/types\/product"}],"replies":[{"embeddable":true,"href":"https:\/\/zooprekes24.lt\/lv\/wp-json\/wp\/v2\/comments?post=24698"}],"wp:featuredmedia":[{"embeddable":true,"href":"https:\/\/zooprekes24.lt\/lv\/wp-json\/wp\/v2\/media\/20796"}],"wp:attachment":[{"href":"https:\/\/zooprekes24.lt\/lv\/wp-json\/wp\/v2\/media?parent=24698"}],"wp:term":[{"taxonomy":"product_brand","embeddable":true,"href":"https:\/\/zooprekes24.lt\/lv\/wp-json\/wp\/v2\/product_brand?post=24698"},{"taxonomy":"product_cat","embeddable":true,"href":"https:\/\/zooprekes24.lt\/lv\/wp-json\/wp\/v2\/product_cat?post=24698"},{"taxonomy":"product_tag","embeddable":true,"href":"https:\/\/zooprekes24.lt\/lv\/wp-json\/wp\/v2\/product_tag?post=24698"}],"curies":[{"name":"wp","href":"https:\/\/api.w.org\/{rel}","templated":true}]}}