{"id":24609,"date":"2024-04-19T13:39:58","date_gmt":"2024-04-19T10:39:58","guid":{"rendered":"https:\/\/zooprekes24.lt\/produktas\/advance-veterinary-diets-urinary-dog-dry\/"},"modified":"2026-01-30T14:57:54","modified_gmt":"2026-01-30T12:57:54","slug":"iepriekseja-veterinara-dieta-urina-sunu-sausa","status":"publish","type":"product","link":"https:\/\/zooprekes24.lt\/lv\/produktas\/advance-veterinary-diets-urinary-dog-dry\/","title":{"rendered":"Advance Veterinary Diets Urinary saus\u0101 bar\u012bba su\u0146iem"},"content":{"rendered":"<h3>Advance Veterinary Diets Urinary &#8211; visavertis, veterinarinis sausas maistas, skirtas suaugusiems \u0161unims sergantiems \u0161lapimo ligomis. Speciali formul\u0117 su suma\u017eintu magnio ir \u0161lapim\u0105 r\u016bg\u0161tinan\u010di\u0173 med\u017eiag\u0173 kiekiu. Rekomenduojamas siekiant suma\u017einti rizik\u0105 pasikartojan\u010diam struvitini\u0173 akmen\u0173 atsiradimui.<\/h3>\n<ul>\n<li>Puikus skonis ilgalaikei kasdienei dietai.<\/li>\n<li>Suma\u017eintas fosforo kiekis palaiko tinkam\u0105 inkst\u0173 funkcij\u0105.<\/li>\n<li>\u0160lapim\u0105 r\u016bg\u0161tinan\u010dios savyb\u0117s ir ma\u017eas magnio kiekis padeda tirpdyti struvitinius akmenis ir stabdo struvitini\u0173 akmen\u0173 atsinaujinim\u0105.<\/li>\n<li><a href=\"https:\/\/www.advance-affinity.com\/en\/dog\/food-dog\/veterinary-diet-urinary-58.html\" target=\"_blank\" rel=\"noopener\">Advance Veterinary Diets Urinary<\/a> sukurtas atsi\u017evelgiant \u012f specifinius <a href=\"https:\/\/zooprekes24.lt\/kategorija\/prekes-sunims\/sunu-maistas\/sausas-maistas-sunims\/?filters=suns-amzius[236]\" target=\"_blank\" rel=\"noopener\">suaugusio \u0161uns<\/a> poreikius tad ne tik stiprina nat\u016brali\u0105 \u0161uns organizmo apsaug\u0105 bet ir padeda palaikyti sveik\u0105 raumen\u0173 mas\u0119, gerina dant\u0173 ir \u017earnyno sveikat\u0105 bei puosel\u0117ja odos ir kailio kokyb\u0119.<\/li>\n<\/ul>\n","protected":false},"excerpt":{"rendered":"<p>Advance Veterinary Diets Urinary &#8211; visavertis, veterinarinis sausas maistas, skirtas suaugusiems \u0161unims sergantiems \u0161lapimo ligomis. Speciali formul\u0117 su suma\u017eintu magnio ir \u0161lapim\u0105 r\u016bg\u0161tinan\u010di\u0173 med\u017eiag\u0173 kiekiu. Rekomenduojamas siekiant suma\u017einti rizik\u0105 pasikartojan\u010diam struvitini\u0173 akmen\u0173 atsiradimui. Puikus skonis ilgalaikei kasdienei dietai. Suma\u017eintas fosforo kiekis palaiko tinkam\u0105 inkst\u0173 funkcij\u0105. \u0160lapim\u0105 r\u016bg\u0161tinan\u010dios savyb\u0117s ir ma\u017eas magnio kiekis padeda tirpdyti struvitinius&#8230;<\/p>","protected":false},"featured_media":42221,"comment_status":"closed","ping_status":"closed","template":"","meta":{"_acf_changed":false,"slim_seo":{"title":"Advance Veterinary Diets Urinary sausas maistas \u0161unims - Zooprekes24","description":"Advance Veterinary Diets Urinary ir pilnv\u0113rt\u012bga saus\u0101 bar\u012bba pieaugu\u0161iem su\u0146iem ar ur\u012bnce\u013cu slim\u012bb\u0101m. \u012apa\u0161a formula ar samazin\u0101tu"},"iawp_total_views":159},"product_brand":[],"product_cat":[9062,9002,8999,29,31,9035],"product_tag":[177],"class_list":{"0":"post-24609","1":"product","2":"type-product","3":"status-publish","4":"has-post-thumbnail","6":"product_cat-advance-veterinary-diets-sunims","7":"product_cat-sausas-maistas","8":"product_cat-sunims","9":"product_cat-sunu-maistas","10":"product_cat-sunu-prekiu-gamintojai","11":"product_cat-veterinarine-dieta","12":"product_tag-edalas-sunims","13":"pa_pasaro-sudetis-kiausiniai","14":"pa_pasaro-sudetis-paukstiena","15":"pa_pasaro-sudetis-ryziai","16":"pa_prekiu-zenklai-advance-veterinary-diets","17":"pa_suns-amzius-suaugusiems","18":"pa_veisles-dydis-didelems-veislems","19":"pa_veisles-dydis-mazoms-veislems","20":"pa_veisles-dydis-vidutinems-veislems","21":"pa_veisles-dydis-visu-dydziu-veislems","23":"first","24":"instock","25":"featured","26":"taxable","27":"shipping-taxable","28":"purchasable","29":"product-type-variable"},"acf":[],"_links":{"self":[{"href":"https:\/\/zooprekes24.lt\/lv\/wp-json\/wp\/v2\/product\/24609","targetHints":{"allow":["GET"]}}],"collection":[{"href":"https:\/\/zooprekes24.lt\/lv\/wp-json\/wp\/v2\/product"}],"about":[{"href":"https:\/\/zooprekes24.lt\/lv\/wp-json\/wp\/v2\/types\/product"}],"replies":[{"embeddable":true,"href":"https:\/\/zooprekes24.lt\/lv\/wp-json\/wp\/v2\/comments?post=24609"}],"wp:featuredmedia":[{"embeddable":true,"href":"https:\/\/zooprekes24.lt\/lv\/wp-json\/wp\/v2\/media\/42221"}],"wp:attachment":[{"href":"https:\/\/zooprekes24.lt\/lv\/wp-json\/wp\/v2\/media?parent=24609"}],"wp:term":[{"taxonomy":"product_brand","embeddable":true,"href":"https:\/\/zooprekes24.lt\/lv\/wp-json\/wp\/v2\/product_brand?post=24609"},{"taxonomy":"product_cat","embeddable":true,"href":"https:\/\/zooprekes24.lt\/lv\/wp-json\/wp\/v2\/product_cat?post=24609"},{"taxonomy":"product_tag","embeddable":true,"href":"https:\/\/zooprekes24.lt\/lv\/wp-json\/wp\/v2\/product_tag?post=24609"}],"curies":[{"name":"wp","href":"https:\/\/api.w.org\/{rel}","templated":true}]}}