{"id":24511,"date":"2024-04-19T13:37:39","date_gmt":"2024-04-19T10:37:39","guid":{"rendered":"https:\/\/zooprekes24.lt\/produktas\/advance-adult-sensitive-sterilized-katems\/"},"modified":"2025-01-20T16:53:21","modified_gmt":"2025-01-20T14:53:21","slug":"ieprieksejas-pieauguso-jutigas-sterilizetas-katemas","status":"publish","type":"product","link":"https:\/\/zooprekes24.lt\/lv\/produktas\/advance-adult-sensitive-sterilized-katems\/","title":{"rendered":"Advance Adult Sensitive Steriliz\u0113ta saus\u0101 ka\u0137u bar\u012bba"},"content":{"rendered":"<h3>Advance Adult Sensitive Sterilized &#8211; visavertis, subalansuotas ka\u010di\u0173 maistas, specialiai sukurtas suaugusioms, sterilizuotoms kat\u0117ms turin\u010dioms jautr\u0173 \u017earnyn\u0105.<\/h3>\n<ul>\n<li>Omega 3 ir Omega 6 riebal\u0173 r\u016bg\u0161tys padeda i\u0161laikyti sveik\u0105 od\u0105 ir blizgant\u012f kail\u012f.<\/li>\n<li>La\u0161i\u0161a ir ry\u017eiai &#8211; pagrindiniai lengvai vir\u0161kinam\u0173 baltym\u0173 ir angliavandeni\u0173 \u0161altiniai.<\/li>\n<li>Mineral\u0173 ir specifini\u0173 ingredient\u0173 derinys palaiko optimal\u0173 \u0161lapimo pH, ma\u017eina struvit\u0173 susidarymo rizik\u0105.<\/li>\n<li>I\u0161skirtin\u0117 vieno baltymo formul\u0117 pritaikyta sterilizuotoms kat\u0117ms, padeda i\u0161vengti ne tik vir\u0161kinimo problem\u0173 bet ir maisto netoleravimo b\u0117d\u0173.<\/li>\n<li><a href=\"https:\/\/www.advancepetfood.com\/en\/dog\/product-feature\/\" target=\"_blank\" rel=\"noopener\">Advance Adult Sensitive Sterilized<\/a> sukurtas atsi\u017evelgiant \u012f specifinius <a href=\"https:\/\/zooprekes24.lt\/kategorija\/prekes-katems\/kaciu-maistas\/sausas-kaciu-maistas\/?filters=kates-amzius[381]\" target=\"_blank\" rel=\"noopener\">suaugusi\u0173, jautri\u0173 ka\u010di\u0173<\/a> poreikius tad ne tik stiprina nat\u016brali\u0105 kat\u0117s organizmo apsaug\u0105 bet ir padeda palaikyti sveik\u0105 raumen\u0173 mas\u0119, gerina dant\u0173 ir \u017earnyno sveikat\u0105 bei puosel\u0117ja odos ir kailio kokyb\u0119.<\/li>\n<\/ul>\n","protected":false},"excerpt":{"rendered":"<p>Advance Adult Sensitive Sterilized &#8211; visavertis, subalansuotas ka\u010di\u0173 maistas, specialiai sukurtas suaugusioms, sterilizuotoms kat\u0117ms turin\u010dioms jautr\u0173 \u017earnyn\u0105. Omega 3 ir Omega 6 riebal\u0173 r\u016bg\u0161tys padeda i\u0161laikyti sveik\u0105 od\u0105 ir blizgant\u012f kail\u012f. La\u0161i\u0161a ir ry\u017eiai &#8211; pagrindiniai lengvai vir\u0161kinam\u0173 baltym\u0173 ir angliavandeni\u0173 \u0161altiniai. Mineral\u0173 ir specifini\u0173 ingredient\u0173 derinys palaiko optimal\u0173 \u0161lapimo pH, ma\u017eina struvit\u0173 susidarymo rizik\u0105&#8230;.<\/p>","protected":false},"featured_media":34322,"comment_status":"closed","ping_status":"closed","template":"","meta":{"_acf_changed":false,"slim_seo":{"title":"Advance Adult Sensitive Sterilized sausas maistas kat\u0117ms - Zooprekes24","description":"Advance Adult Sensitive Sterilized ir pilnv\u0113rt\u012bga, sabalans\u0113ta ka\u0137u bar\u012bba, kas \u012bpa\u0161i izstr\u0101d\u0101ta pieaugu\u0161\u0101m steriliz\u0113t\u0101m ka\u0137en\u0113m ar jut\u012bgu zarnu traktu."},"iawp_total_views":152},"product_brand":[],"product_cat":[9060,72,83,25,9016],"product_tag":[6505],"class_list":{"0":"post-24511","1":"product","2":"type-product","3":"status-publish","4":"has-post-thumbnail","6":"product_cat-advance-kaciu-prekiu-gamintojai","7":"product_cat-kaciu-maistas","8":"product_cat-kaciu-prekiu-gamintojai","9":"product_cat-katems","10":"product_cat-sausas-maistas-kaciu-maistas","11":"product_tag-advance-edalas-sterilizuotoms-jautrioms-katems","12":"pa_pasaro-sudetis-lasisa","13":"pa_pasaro-sudetis-ryziai","14":"pa_prekiu-zenklai-advance","16":"first","17":"instock","18":"featured","19":"taxable","20":"shipping-taxable","21":"purchasable","22":"product-type-variable"},"acf":[],"_links":{"self":[{"href":"https:\/\/zooprekes24.lt\/lv\/wp-json\/wp\/v2\/product\/24511","targetHints":{"allow":["GET"]}}],"collection":[{"href":"https:\/\/zooprekes24.lt\/lv\/wp-json\/wp\/v2\/product"}],"about":[{"href":"https:\/\/zooprekes24.lt\/lv\/wp-json\/wp\/v2\/types\/product"}],"replies":[{"embeddable":true,"href":"https:\/\/zooprekes24.lt\/lv\/wp-json\/wp\/v2\/comments?post=24511"}],"wp:featuredmedia":[{"embeddable":true,"href":"https:\/\/zooprekes24.lt\/lv\/wp-json\/wp\/v2\/media\/34322"}],"wp:attachment":[{"href":"https:\/\/zooprekes24.lt\/lv\/wp-json\/wp\/v2\/media?parent=24511"}],"wp:term":[{"taxonomy":"product_brand","embeddable":true,"href":"https:\/\/zooprekes24.lt\/lv\/wp-json\/wp\/v2\/product_brand?post=24511"},{"taxonomy":"product_cat","embeddable":true,"href":"https:\/\/zooprekes24.lt\/lv\/wp-json\/wp\/v2\/product_cat?post=24511"},{"taxonomy":"product_tag","embeddable":true,"href":"https:\/\/zooprekes24.lt\/lv\/wp-json\/wp\/v2\/product_tag?post=24511"}],"curies":[{"name":"wp","href":"https:\/\/api.w.org\/{rel}","templated":true}]}}