{"id":24501,"date":"2024-04-19T13:36:28","date_gmt":"2024-04-19T10:36:28","guid":{"rendered":"https:\/\/zooprekes24.lt\/produktas\/advance-sterilized-senior-maistas-katems\/"},"modified":"2025-01-20T16:26:48","modified_gmt":"2025-01-20T14:26:48","slug":"advance-sterilized-senior-vitality-sausas-maistas-katems","status":"publish","type":"product","link":"https:\/\/zooprekes24.lt\/lv\/produktas\/advance-sterilized-senior-vitality-sausas-maistas-katems\/","title":{"rendered":"Advance Steriliz\u0113ta saus\u0101 ka\u0137u bar\u012bba Senior Vitality"},"content":{"rendered":"<h3>Advance Sterilized Senior Vitality &#8211; visavertis, subalansuotas ka\u010di\u0173 pa\u0161aras, specialiai sukurtas vyresn\u0117ms nei 10 met\u0173 am\u017eiaus, sterilizuotoms kat\u0117ms.<\/h3>\n<ul>\n<li>Vi\u0161tiena &#8211; lengvai vir\u0161kinamas baltym\u0173 \u0161altinis.<\/li>\n<li>Mineralai ir ma\u017eas fosforo kiekis prisideda prie optimalaus inkst\u0173 funkcionavimo.<\/li>\n<li>Pa\u0161aras padeda suma\u017einti am\u017eiaus poveik\u012f, kontroliuoti svor\u012f ir r\u016bpintis inkst\u0173 sveikata.<\/li>\n<li>Skaidulos ir L-karnitinas padeda metabolizuoti riebalus ir kontroliuoti <a href=\"https:\/\/zooprekes24.lt\/kategorija\/prekes-katems\/kaciu-maistas\/sausas-kaciu-maistas\/?filters=paskirtis[607]\" target=\"_blank\" rel=\"noopener\">sterilizuotos kat\u0117s<\/a> k\u016bno svor\u012f.<\/li>\n<li>Sud\u0117tyje esantys pirofosfatai ma\u017eina dant\u0173 akmen\u0173 kaupimosi rizik\u0105 ir u\u017etikrina normal\u0173 burnos ertm\u0117s kvap\u0105.<\/li>\n<li>Chondroitinas, gliukozaminas ir optimalus baltym\u0173 kiekis padeda i\u0161laikyti sveikas s\u0105nari\u0173 kremzles ir optimali\u0105 raumen\u0173 mas\u0119.<\/li>\n<li><a href=\"https:\/\/www.advancepetfood.com\/en\/dog\/product-feature\/\" target=\"_blank\" rel=\"noopener\">Advance Sterilized Senior Vitality<\/a> sukurtas atsi\u017evelgiant \u012f specifinius <a href=\"https:\/\/zooprekes24.lt\/kategorija\/prekes-katems\/kaciu-maistas\/sausas-kaciu-maistas\/?filters=kates-amzius[382]\" target=\"_blank\" rel=\"noopener\">senjori\u0173 ka\u010di\u0173<\/a> poreikius tad ne tik stiprina nat\u016brali\u0105 kat\u0117s organizmo apsaug\u0105 bet ir padeda palaikyti sveik\u0105 raumen\u0173 mas\u0119, gerina dant\u0173 ir \u017earnyno sveikat\u0105 bei puosel\u0117ja odos ir kailio kokyb\u0119.<\/li>\n<\/ul>\n","protected":false},"excerpt":{"rendered":"<p>Advance Sterilized Senior Vitality &#8211; visavertis, subalansuotas ka\u010di\u0173 pa\u0161aras, specialiai sukurtas vyresn\u0117ms nei 10 met\u0173 am\u017eiaus, sterilizuotoms kat\u0117ms. Vi\u0161tiena &#8211; lengvai vir\u0161kinamas baltym\u0173 \u0161altinis. Mineralai ir ma\u017eas fosforo kiekis prisideda prie optimalaus inkst\u0173 funkcionavimo. Pa\u0161aras padeda suma\u017einti am\u017eiaus poveik\u012f, kontroliuoti svor\u012f ir r\u016bpintis inkst\u0173 sveikata. Skaidulos ir L-karnitinas padeda metabolizuoti riebalus ir kontroliuoti sterilizuotos kat\u0117s&#8230;<\/p>","protected":false},"featured_media":34309,"comment_status":"closed","ping_status":"closed","template":"","meta":{"_acf_changed":false,"slim_seo":{"title":"Advance Sterilized Senior Vitality sausas maistas kat\u0117ms - Zooprekes24","description":"Advance Sterilized Senior Vitality - visavertis, subalansuotas ka\u010di\u0173 pa\u0161aras, specialiai sukurtas vyresn\u0117ms nei 10 met\u0173 am\u017eiaus, sterilizuotoms kat\u0117ms. Vi\u0161tiena"},"iawp_total_views":143},"product_brand":[],"product_cat":[9060,72,83,25,9016],"product_tag":[6500,1966,1928],"class_list":{"0":"post-24501","1":"product","2":"type-product","3":"status-publish","4":"has-post-thumbnail","6":"product_cat-advance-kaciu-prekiu-gamintojai","7":"product_cat-kaciu-maistas","8":"product_cat-kaciu-prekiu-gamintojai","9":"product_cat-katems","10":"product_cat-sausas-maistas-kaciu-maistas","11":"product_tag-advance-maistas-senai-katei","12":"product_tag-maistas-kastruotam-katinui","13":"product_tag-maistas-sterilizuotai-katei","14":"pa_pasaro-sudetis-darzoves","15":"pa_pasaro-sudetis-vistiena","16":"pa_prekiu-zenklai-advance","18":"first","19":"instock","20":"featured","21":"taxable","22":"shipping-taxable","23":"purchasable","24":"product-type-variable"},"acf":[],"_links":{"self":[{"href":"https:\/\/zooprekes24.lt\/lv\/wp-json\/wp\/v2\/product\/24501","targetHints":{"allow":["GET"]}}],"collection":[{"href":"https:\/\/zooprekes24.lt\/lv\/wp-json\/wp\/v2\/product"}],"about":[{"href":"https:\/\/zooprekes24.lt\/lv\/wp-json\/wp\/v2\/types\/product"}],"replies":[{"embeddable":true,"href":"https:\/\/zooprekes24.lt\/lv\/wp-json\/wp\/v2\/comments?post=24501"}],"wp:featuredmedia":[{"embeddable":true,"href":"https:\/\/zooprekes24.lt\/lv\/wp-json\/wp\/v2\/media\/34309"}],"wp:attachment":[{"href":"https:\/\/zooprekes24.lt\/lv\/wp-json\/wp\/v2\/media?parent=24501"}],"wp:term":[{"taxonomy":"product_brand","embeddable":true,"href":"https:\/\/zooprekes24.lt\/lv\/wp-json\/wp\/v2\/product_brand?post=24501"},{"taxonomy":"product_cat","embeddable":true,"href":"https:\/\/zooprekes24.lt\/lv\/wp-json\/wp\/v2\/product_cat?post=24501"},{"taxonomy":"product_tag","embeddable":true,"href":"https:\/\/zooprekes24.lt\/lv\/wp-json\/wp\/v2\/product_tag?post=24501"}],"curies":[{"name":"wp","href":"https:\/\/api.w.org\/{rel}","templated":true}]}}