{"id":24467,"date":"2024-04-19T13:34:30","date_gmt":"2024-04-19T10:34:30","guid":{"rendered":"https:\/\/zooprekes24.lt\/produktas\/advance-medium-light-sausas-maistas\/"},"modified":"2026-01-30T14:36:30","modified_gmt":"2026-01-30T12:36:30","slug":"ieprieks-videji-viegla-sausa-bariba","status":"publish","type":"product","link":"https:\/\/zooprekes24.lt\/lv\/produktas\/advance-medium-light-sausas-maistas\/","title":{"rendered":"Advance Medium Light sausas maistas \u0161unims 12 kg"},"content":{"rendered":"<h3>Advance Medium Light &#8211; visavertis, subalansuotas \u0161un\u0173 pa\u0161aras, specialiai sukurtas vidutini\u0173 veisli\u0173 suaugusiems \u0161unims, turintiems nepageidaujamo antsvorio bei tiems, kurie susiduria su nutukimo rizika.<\/h3>\n<ul>\n<li>Sud\u0117tyje esantis L-karnitinas skatina med\u017eiag\u0173 apykait\u0105 ir padeda deginti riebalus.<\/li>\n<li>Vi\u0161tiena ir ry\u017eiai &#8211; pagrindiniai lengvai vir\u0161kinam\u0173 baltym\u0173 ir angliavandeni\u0173 \u0161altiniai.<\/li>\n<li>Sud\u0117tyje esantis didelis l\u0105stelienos kiekis u\u017etikrina sotumo jausm\u0105, o \u017eemas riebal\u0173 kiekis kontroliuoja svor\u012f ir <a href=\"https:\/\/zooprekes24.lt\/kategorija\/prekes-sunims\/sunu-maistas\/sausas-maistas-sunims\/?filters=veisles-dydis[238]|suns-amzius[236]|paskirtis[642]\" target=\"_blank\" rel=\"noopener\">padeda i\u0161vengti antsvorio ir nutukimo problem\u0173<\/a>.<\/li>\n<li><a href=\"https:\/\/www.advancepetfood.com\/en\/dog\/product-feature\/\" target=\"_blank\" rel=\"noopener\">Advance Medium Light<\/a> sukurtas atsi\u017evelgiant \u012f specifinius vidutini\u0173 veisli\u0173 \u0161un\u0173 poreikius tad ne tik apr\u016bpina \u0161uns organizm\u0105 reikalingais mineralais ir vitaminais bet ir padeda palaikyti sveik\u0105 svor\u012f tuo pa\u010diu u\u017etikrinant augintinio sotumo jausm\u0105, jog svorio metimas b\u016bt\u0173 kuo \u012fmanoma lengvesnis ir sklandesnis.<\/li>\n<\/ul>\n","protected":false},"excerpt":{"rendered":"<p>Advance Medium Light &#8211; visavertis, subalansuotas \u0161un\u0173 pa\u0161aras, specialiai sukurtas vidutini\u0173 veisli\u0173 suaugusiems \u0161unims, turintiems nepageidaujamo antsvorio bei tiems, kurie susiduria su nutukimo rizika. Sud\u0117tyje esantis L-karnitinas skatina med\u017eiag\u0173 apykait\u0105 ir padeda deginti riebalus. Vi\u0161tiena ir ry\u017eiai &#8211; pagrindiniai lengvai vir\u0161kinam\u0173 baltym\u0173 ir angliavandeni\u0173 \u0161altiniai. Sud\u0117tyje esantis didelis l\u0105stelienos kiekis u\u017etikrina sotumo jausm\u0105, o \u017eemas&#8230;<\/p>","protected":false},"featured_media":27192,"comment_status":"closed","ping_status":"closed","template":"","meta":{"_acf_changed":false,"slim_seo":{"title":"Advance Medium Light sausas maistas \u0161unims 12 kg - Zooprekes24","description":"Advance Medium Light - visavertis, subalansuotas \u0161un\u0173 pa\u0161aras, specialiai sukurtas vidutini\u0173 veisli\u0173 suaugusiems \u0161unims, turintiems nepageidaujamo antsvorio bei"},"iawp_total_views":41},"product_brand":[],"product_cat":[9059,9002,8999,29,31],"product_tag":[6477,4414],"class_list":{"0":"post-24467","1":"product","2":"type-product","3":"status-publish","4":"has-post-thumbnail","6":"product_cat-advance","7":"product_cat-sausas-maistas","8":"product_cat-sunims","9":"product_cat-sunu-maistas","10":"product_cat-sunu-prekiu-gamintojai","11":"product_tag-advance-maistas-anstvorio-turinciam-suniui","12":"product_tag-maistas-nutukusiam-suniui","13":"pa_pasaro-sudetis-ryziai","14":"pa_pasaro-sudetis-vistiena","15":"pa_prekiu-zenklai-advance","16":"pa_suns-amzius-suaugusiems","17":"pa_veisles-dydis-vidutinems-veislems","19":"first","20":"instock","21":"featured","22":"taxable","23":"shipping-taxable","24":"purchasable","25":"product-type-simple"},"acf":[],"_links":{"self":[{"href":"https:\/\/zooprekes24.lt\/lv\/wp-json\/wp\/v2\/product\/24467","targetHints":{"allow":["GET"]}}],"collection":[{"href":"https:\/\/zooprekes24.lt\/lv\/wp-json\/wp\/v2\/product"}],"about":[{"href":"https:\/\/zooprekes24.lt\/lv\/wp-json\/wp\/v2\/types\/product"}],"replies":[{"embeddable":true,"href":"https:\/\/zooprekes24.lt\/lv\/wp-json\/wp\/v2\/comments?post=24467"}],"wp:featuredmedia":[{"embeddable":true,"href":"https:\/\/zooprekes24.lt\/lv\/wp-json\/wp\/v2\/media\/27192"}],"wp:attachment":[{"href":"https:\/\/zooprekes24.lt\/lv\/wp-json\/wp\/v2\/media?parent=24467"}],"wp:term":[{"taxonomy":"product_brand","embeddable":true,"href":"https:\/\/zooprekes24.lt\/lv\/wp-json\/wp\/v2\/product_brand?post=24467"},{"taxonomy":"product_cat","embeddable":true,"href":"https:\/\/zooprekes24.lt\/lv\/wp-json\/wp\/v2\/product_cat?post=24467"},{"taxonomy":"product_tag","embeddable":true,"href":"https:\/\/zooprekes24.lt\/lv\/wp-json\/wp\/v2\/product_tag?post=24467"}],"curies":[{"name":"wp","href":"https:\/\/api.w.org\/{rel}","templated":true}]}}