{"id":24447,"date":"2024-04-19T13:34:30","date_gmt":"2024-04-19T10:34:30","guid":{"rendered":"https:\/\/zooprekes24.lt\/produktas\/advance-mini-sensitive-sausas-maistas\/"},"modified":"2026-01-30T13:25:43","modified_gmt":"2026-01-30T11:25:43","slug":"advance-mini-sensitive-sausa-bariba","status":"publish","type":"product","link":"https:\/\/zooprekes24.lt\/lv\/produktas\/advance-mini-sensitive-sausas-maistas\/","title":{"rendered":"Advance Mini Sensitive saus\u0101 bar\u012bba su\u0146iem"},"content":{"rendered":"<h3>Advance Mini Sensitive &#8211; visavertis, subalansuotas \u0161un\u0173 pa\u0161aras, specialiai sukurtas ma\u017e\u0173 veisli\u0173 suaugusiems \u0161unims, turintiems jautri\u0105 vir\u0161kinimo sistem\u0105.<\/h3>\n<ul>\n<li>La\u0161i\u0161a ir ry\u017eiai &#8211; pagrindiniai lengvai vir\u0161kinam\u0173 baltym\u0173 ir angliavandeni\u0173 \u0161altiniai.<\/li>\n<li>Omega 3 ir Omega 6 kartu su biotinu ir cinku padeda i\u0161laikyti sveik\u0105 od\u0105 ir blizgant\u012f kail\u012f.<\/li>\n<li><a href=\"https:\/\/www.advancepetfood.com\/en\/dog\/product-feature\/\" target=\"_blank\" rel=\"noopener\">Advance Mini Sensitive<\/a> sud\u0117tyje esantis optimalus baltym\u0173 kiekis padeda i\u0161laikyti ideali\u0105 \u0161uns raumen\u0173 mas\u0119.<\/li>\n<li>Vieno baltymo formul\u0117 idealiai tiks <a href=\"https:\/\/zooprekes24.lt\/kategorija\/prekes-sunims\/sunu-maistas\/sausas-maistas-sunims\/?filters=veisles-dydis[238]|suns-amzius[236]|paskirtis[672]\" target=\"_blank\" rel=\"noopener\">jautr\u0173 skrand\u012f turintiems \u0161unims<\/a> taip pat ir alergi\u0161kiems augintiniams susiduriantiems su odos problemomis.<\/li>\n<\/ul>\n","protected":false},"excerpt":{"rendered":"<p>Advance Mini Sensitive &#8211; visavertis, subalansuotas \u0161un\u0173 pa\u0161aras, specialiai sukurtas ma\u017e\u0173 veisli\u0173 suaugusiems \u0161unims, turintiems jautri\u0105 vir\u0161kinimo sistem\u0105. La\u0161i\u0161a ir ry\u017eiai &#8211; pagrindiniai lengvai vir\u0161kinam\u0173 baltym\u0173 ir angliavandeni\u0173 \u0161altiniai. Omega 3 ir Omega 6 kartu su biotinu ir cinku padeda i\u0161laikyti sveik\u0105 od\u0105 ir blizgant\u012f kail\u012f. Advance Mini Sensitive sud\u0117tyje esantis optimalus baltym\u0173 kiekis padeda&#8230;<\/p>","protected":false},"featured_media":27199,"comment_status":"closed","ping_status":"closed","template":"","meta":{"_acf_changed":false,"slim_seo":{"title":"Advance Mini Sensitive sausas maistas \u0161unims - Zooprekes24","description":"Advance Mini Sensitive ir pilnv\u0113rt\u012bga, sabalans\u0113ta bar\u012bba, kas \u012bpa\u0161i izstr\u0101d\u0101ta mazo \u0161\u0137ir\u0146u pieaugu\u0161iem su\u0146iem ar jut\u012bgu gremo\u0161anas sist\u0113mu. Las\u012bt vair\u0101k"},"iawp_total_views":130},"product_brand":[],"product_cat":[9059,9002,8999,29,31],"product_tag":[6466,6330],"class_list":{"0":"post-24447","1":"product","2":"type-product","3":"status-publish","4":"has-post-thumbnail","6":"product_cat-advance","7":"product_cat-sausas-maistas","8":"product_cat-sunims","9":"product_cat-sunu-maistas","10":"product_cat-sunu-prekiu-gamintojai","11":"product_tag-advance-sausas-maistas-su-lasisa-jautriems-sunims","12":"product_tag-edalas-jautru-virskinima-turintiems-sunims","13":"pa_pasaro-sudetis-lasisa","14":"pa_pasaro-sudetis-ryziai","15":"pa_prekiu-zenklai-advance","16":"pa_suns-amzius-suaugusiems","17":"pa_veisles-dydis-mazoms-veislems","19":"first","20":"instock","21":"featured","22":"taxable","23":"shipping-taxable","24":"purchasable","25":"product-type-variable"},"acf":[],"_links":{"self":[{"href":"https:\/\/zooprekes24.lt\/lv\/wp-json\/wp\/v2\/product\/24447","targetHints":{"allow":["GET"]}}],"collection":[{"href":"https:\/\/zooprekes24.lt\/lv\/wp-json\/wp\/v2\/product"}],"about":[{"href":"https:\/\/zooprekes24.lt\/lv\/wp-json\/wp\/v2\/types\/product"}],"replies":[{"embeddable":true,"href":"https:\/\/zooprekes24.lt\/lv\/wp-json\/wp\/v2\/comments?post=24447"}],"wp:featuredmedia":[{"embeddable":true,"href":"https:\/\/zooprekes24.lt\/lv\/wp-json\/wp\/v2\/media\/27199"}],"wp:attachment":[{"href":"https:\/\/zooprekes24.lt\/lv\/wp-json\/wp\/v2\/media?parent=24447"}],"wp:term":[{"taxonomy":"product_brand","embeddable":true,"href":"https:\/\/zooprekes24.lt\/lv\/wp-json\/wp\/v2\/product_brand?post=24447"},{"taxonomy":"product_cat","embeddable":true,"href":"https:\/\/zooprekes24.lt\/lv\/wp-json\/wp\/v2\/product_cat?post=24447"},{"taxonomy":"product_tag","embeddable":true,"href":"https:\/\/zooprekes24.lt\/lv\/wp-json\/wp\/v2\/product_tag?post=24447"}],"curies":[{"name":"wp","href":"https:\/\/api.w.org\/{rel}","templated":true}]}}