{"id":24438,"date":"2024-04-19T13:34:30","date_gmt":"2024-04-19T10:34:30","guid":{"rendered":"https:\/\/zooprekes24.lt\/produktas\/advance-puppy-sensitive-sausas-maistas\/"},"modified":"2026-01-30T14:31:16","modified_gmt":"2026-01-30T12:31:16","slug":"advance-puppy-sensitive-sausa-bariba","status":"publish","type":"product","link":"https:\/\/zooprekes24.lt\/lv\/produktas\/advance-puppy-sensitive-sausas-maistas\/","title":{"rendered":"Advance Puppy Sensitive saus\u0101 bar\u012bba kuc\u0113niem"},"content":{"rendered":"<h3>Advance Puppy Sensitive &#8211; visavertis, subalansuotas \u0161un\u0173 pa\u0161aras, specialiai sukurtas vis\u0173 veisli\u0173 \u0161uniukams (nuo 2 iki 12 m\u0117nesi\u0173 am\u017eiaus), turintiems jautri\u0105 vir\u0161kinimo sistem\u0105 ir odos problem\u0173.<\/h3>\n<ul>\n<li>La\u0161i\u0161a ir ry\u017eiai &#8211; pagrindiniai lengvai vir\u0161kinam\u0173 baltym\u0173 ir angliavandeni\u0173 \u0161altiniai.<\/li>\n<li>Omega 3 riebal\u0173 r\u016bg\u0161tys padeda tinkamai vystytis \u0161uniuk\u0173 nervinei sistemai bei reg\u0117jimui.<\/li>\n<li><a href=\"https:\/\/www.advancepetfood.com\/en\/dog\/product-feature\/\" target=\"_blank\" rel=\"noopener\">Advance Puppy Sensitive<\/a> sud\u0117tyje esantis kalcis, fosforas bei vitaminas D u\u017etikrina tinkam\u0105 augintinio kaul\u0173 augim\u0105 ir vystym\u0105si.<\/li>\n<li>Vieno baltymo formul\u0117 idealiai tiks <a href=\"https:\/\/zooprekes24.lt\/kategorija\/prekes-sunims\/sunu-maistas\/sausas-maistas-sunims\/?filters=suns-amzius[235]|paskirtis[672]\">jautr\u0173 skrand\u012f turintiems \u0161uniukams<\/a> taip pat ir alergi\u0161kiems \u0161unims susiduriantiems su odos problemomis.<\/li>\n<\/ul>\n","protected":false},"excerpt":{"rendered":"<p>Advance Puppy Sensitive &#8211; visavertis, subalansuotas \u0161un\u0173 pa\u0161aras, specialiai sukurtas vis\u0173 veisli\u0173 \u0161uniukams (nuo 2 iki 12 m\u0117nesi\u0173 am\u017eiaus), turintiems jautri\u0105 vir\u0161kinimo sistem\u0105 ir odos problem\u0173. La\u0161i\u0161a ir ry\u017eiai &#8211; pagrindiniai lengvai vir\u0161kinam\u0173 baltym\u0173 ir angliavandeni\u0173 \u0161altiniai. Omega 3 riebal\u0173 r\u016bg\u0161tys padeda tinkamai vystytis \u0161uniuk\u0173 nervinei sistemai bei reg\u0117jimui. Advance Puppy Sensitive sud\u0117tyje esantis kalcis,&#8230;<\/p>","protected":false},"featured_media":27174,"comment_status":"closed","ping_status":"closed","template":"","meta":{"_acf_changed":false,"slim_seo":{"title":"Advance Puppy Sensitive sausas maistas \u0161uniukams - Zooprekes24","description":"Advance Puppy Sensitive - visavertis, subalansuotas \u0161un\u0173 pa\u0161aras, specialiai sukurtas vis\u0173 veisli\u0173 \u0161uniukams (nuo 2 iki 12 m\u0117nesi\u0173 am\u017eiaus), turintiems jautri\u0105"},"iawp_total_views":296},"product_brand":[],"product_cat":[9059,9002,8999,29,31],"product_tag":[6463,6464],"class_list":{"0":"post-24438","1":"product","2":"type-product","3":"status-publish","4":"has-post-thumbnail","6":"product_cat-advance","7":"product_cat-sausas-maistas","8":"product_cat-sunims","9":"product_cat-sunu-maistas","10":"product_cat-sunu-prekiu-gamintojai","11":"product_tag-advance-maistas-jautriems-sunims","12":"product_tag-advance-sausas-maistas-alergiskam-suniui","13":"pa_pasaro-sudetis-lasisa","14":"pa_pasaro-sudetis-ryziai","15":"pa_prekiu-zenklai-advance","16":"pa_suns-amzius-jauniems","17":"pa_veisles-dydis-didelems-veislems","18":"pa_veisles-dydis-mazoms-veislems","19":"pa_veisles-dydis-vidutinems-veislems","20":"pa_veisles-dydis-visu-dydziu-veislems","22":"first","23":"instock","24":"featured","25":"taxable","26":"shipping-taxable","27":"purchasable","28":"product-type-variable"},"acf":[],"_links":{"self":[{"href":"https:\/\/zooprekes24.lt\/lv\/wp-json\/wp\/v2\/product\/24438","targetHints":{"allow":["GET"]}}],"collection":[{"href":"https:\/\/zooprekes24.lt\/lv\/wp-json\/wp\/v2\/product"}],"about":[{"href":"https:\/\/zooprekes24.lt\/lv\/wp-json\/wp\/v2\/types\/product"}],"replies":[{"embeddable":true,"href":"https:\/\/zooprekes24.lt\/lv\/wp-json\/wp\/v2\/comments?post=24438"}],"wp:featuredmedia":[{"embeddable":true,"href":"https:\/\/zooprekes24.lt\/lv\/wp-json\/wp\/v2\/media\/27174"}],"wp:attachment":[{"href":"https:\/\/zooprekes24.lt\/lv\/wp-json\/wp\/v2\/media?parent=24438"}],"wp:term":[{"taxonomy":"product_brand","embeddable":true,"href":"https:\/\/zooprekes24.lt\/lv\/wp-json\/wp\/v2\/product_brand?post=24438"},{"taxonomy":"product_cat","embeddable":true,"href":"https:\/\/zooprekes24.lt\/lv\/wp-json\/wp\/v2\/product_cat?post=24438"},{"taxonomy":"product_tag","embeddable":true,"href":"https:\/\/zooprekes24.lt\/lv\/wp-json\/wp\/v2\/product_tag?post=24438"}],"curies":[{"name":"wp","href":"https:\/\/api.w.org\/{rel}","templated":true}]}}