{"id":24417,"date":"2024-04-19T13:33:17","date_gmt":"2024-04-19T10:33:17","guid":{"rendered":"https:\/\/zooprekes24.lt\/produktas\/advance-puppy-maxi-sausas-maistas\/"},"modified":"2025-01-20T16:37:50","modified_gmt":"2025-01-20T14:37:50","slug":"advance-puppy-maxi-sausas-maistas","status":"publish","type":"product","link":"https:\/\/zooprekes24.lt\/lv\/produktas\/advance-puppy-maxi-sausas-maistas\/","title":{"rendered":"Advance Puppy Maxi saus\u0101 bar\u012bba kuc\u0113niem"},"content":{"rendered":"<h3>Advance Puppy Maxi &#8211; visavertis, subalansuotas \u0161un\u0173 pa\u0161aras, specialiai sukurtas dideli\u0173 veisli\u0173 \u0161uniukams (nuo 2 iki 15 m\u0117nesi\u0173 am\u017eiaus, vir\u0161 30 kg suaugusio svorio) ir laktuojan\u010dioms kal\u0117ms.<\/h3>\n<ul>\n<li>Vi\u0161tiena ir ry\u017eiai &#8211; pagrindiniai lengvai vir\u0161kinam\u0173 baltym\u0173 ir angliavandeni\u0173 \u0161altiniai.<\/li>\n<li>Omega 3 riebal\u0173 r\u016bg\u0161tys padeda tinkamai vystytis \u0161uniuk\u0173 nervinei sistemai bei reg\u0117jimui.<\/li>\n<li>Imunoglobulinai, nukleotidai ir didelis kiekis baltym\u0173 palaiko nat\u016brali\u0105 <a href=\"https:\/\/zooprekes24.lt\/kategorija\/prekes-sunims\/sunu-maistas\/sausas-maistas-sunims\/?filters=suns-amzius[235]\">\u0161uniuko<\/a> organizmo apsaug\u0105.<\/li>\n<li><a href=\"https:\/\/www.advancepetfood.com\/en\/dog\/product-feature\/\" target=\"_blank\" rel=\"noopener\">Advance Puppy Maxi<\/a> maisto granul\u0117s dydis specialiai pritaikytas dideli\u0173 veisli\u0173 \u0161uniuk\u0173 \u017eandikauliams.<\/li>\n<li>Sud\u0117tyje esantis kalcis, fosforas bei vitaminas D u\u017etikrina tinkam\u0105 augintinio kaul\u0173 augim\u0105 ir vystym\u0105si.<\/li>\n<li>Auk\u0161\u010diausios klas\u0117s produktas, sukurtas siekiant patenkinti specifinius dideli\u0173 veisli\u0173 \u0161un\u0173 mitybos poreikius, skatinti j\u0173 vir\u0161kinimo ir imunin\u0117s sistemos vystym\u0105si, stiprinti nat\u016brali\u0105 organizmo apsaug\u0105 bei u\u017etrikrinti tinkam\u0105 kaul\u0173 augim\u0105.<\/li>\n<\/ul>\n","protected":false},"excerpt":{"rendered":"<p>Advance Puppy Maxi &#8211; visavertis, subalansuotas \u0161un\u0173 pa\u0161aras, specialiai sukurtas dideli\u0173 veisli\u0173 \u0161uniukams (nuo 2 iki 15 m\u0117nesi\u0173 am\u017eiaus, vir\u0161 30 kg suaugusio svorio) ir laktuojan\u010dioms kal\u0117ms. Vi\u0161tiena ir ry\u017eiai &#8211; pagrindiniai lengvai vir\u0161kinam\u0173 baltym\u0173 ir angliavandeni\u0173 \u0161altiniai. Omega 3 riebal\u0173 r\u016bg\u0161tys padeda tinkamai vystytis \u0161uniuk\u0173 nervinei sistemai bei reg\u0117jimui. Imunoglobulinai, nukleotidai ir didelis kiekis&#8230;<\/p>","protected":false},"featured_media":34314,"comment_status":"closed","ping_status":"closed","template":"","meta":{"_acf_changed":false,"slim_seo":{"title":"Advance Puppy Maxi sausas maistas \u0161uniukams - Zooprekes24","description":"Advance Puppy Maxi - visavertis, subalansuotas \u0161un\u0173 pa\u0161aras, specialiai sukurtas dideli\u0173 veisli\u0173 \u0161uniukams (nuo 2 iki 15 m\u0117nesi\u0173 am\u017eiaus, vir\u0161 30 kg suaugusio s"},"iawp_total_views":44},"product_brand":[],"product_cat":[9059,9002,8999,29,31],"product_tag":[6321,6312],"class_list":{"0":"post-24417","1":"product","2":"type-product","3":"status-publish","4":"has-post-thumbnail","6":"product_cat-advance","7":"product_cat-sausas-maistas","8":"product_cat-sunims","9":"product_cat-sunu-maistas","10":"product_cat-sunu-prekiu-gamintojai","11":"product_tag-advance-maistas-dideliu-veisliu-suniukams","12":"product_tag-maistas-laktuojancioms-kalems","13":"pa_pasaro-sudetis-ryziai","14":"pa_pasaro-sudetis-vistiena","15":"pa_prekiu-zenklai-advance","16":"pa_suns-amzius-jauniems","17":"pa_veisles-dydis-didelems-veislems","19":"first","20":"instock","21":"featured","22":"taxable","23":"shipping-taxable","24":"purchasable","25":"product-type-variable"},"acf":[],"_links":{"self":[{"href":"https:\/\/zooprekes24.lt\/lv\/wp-json\/wp\/v2\/product\/24417","targetHints":{"allow":["GET"]}}],"collection":[{"href":"https:\/\/zooprekes24.lt\/lv\/wp-json\/wp\/v2\/product"}],"about":[{"href":"https:\/\/zooprekes24.lt\/lv\/wp-json\/wp\/v2\/types\/product"}],"replies":[{"embeddable":true,"href":"https:\/\/zooprekes24.lt\/lv\/wp-json\/wp\/v2\/comments?post=24417"}],"wp:featuredmedia":[{"embeddable":true,"href":"https:\/\/zooprekes24.lt\/lv\/wp-json\/wp\/v2\/media\/34314"}],"wp:attachment":[{"href":"https:\/\/zooprekes24.lt\/lv\/wp-json\/wp\/v2\/media?parent=24417"}],"wp:term":[{"taxonomy":"product_brand","embeddable":true,"href":"https:\/\/zooprekes24.lt\/lv\/wp-json\/wp\/v2\/product_brand?post=24417"},{"taxonomy":"product_cat","embeddable":true,"href":"https:\/\/zooprekes24.lt\/lv\/wp-json\/wp\/v2\/product_cat?post=24417"},{"taxonomy":"product_tag","embeddable":true,"href":"https:\/\/zooprekes24.lt\/lv\/wp-json\/wp\/v2\/product_tag?post=24417"}],"curies":[{"name":"wp","href":"https:\/\/api.w.org\/{rel}","templated":true}]}}