{"id":24352,"date":"2024-04-19T13:32:41","date_gmt":"2024-04-19T10:32:41","guid":{"rendered":"https:\/\/zooprekes24.lt\/produktas\/canvit-multi-sunims\/"},"modified":"2026-03-31T17:14:07","modified_gmt":"2026-03-31T15:14:07","slug":"canvit-multi-sunims","status":"publish","type":"product","link":"https:\/\/zooprekes24.lt\/lv\/produktas\/canvit-multi-sunims\/","title":{"rendered":"Canvit Multi maisto papildas \u0161unims, bendram organizmo stiprinimui 100 g"},"content":{"rendered":"<h3>Canvit Multi - vitam\u012bni nodro\u0161ina ikdienas labv\u0113l\u012bgu ietekmi uz j\u016bsu su\u0146a vesel\u012bbu. Komplekss satur sabalans\u0113tu 13 svar\u012bg\u0101ko vitam\u012bnu kombin\u0101ciju, kas veicina visp\u0101r\u0113jo labsaj\u016btu, im\u016bnsist\u0113mu, atmi\u0146u un sirds un asinsvadu sist\u0113mu.<\/h3>\n<ul>\n<li>Atbalsta su\u0146u atmi\u0146as funkciju.<\/li>\n<li><a href=\"https:\/\/zooprekes24.lt\/lv\/products\/fitmin-purity-multivitaminu-sunims\/\" target=\"_blank\" rel=\"noopener\">Pal\u012bdz uztur\u0113t m\u0101jdz\u012bvnieka labsaj\u016btu.<\/a><\/li>\n<li>Stiprina sirds, im\u016bnsist\u0113mu un asinsvadu sist\u0113mu.<\/li>\n<li>Papildin\u0101jumi table\u0161u veid\u0101 (100 g - 100 tabletes, 500 g - 500 tabletes).<\/li>\n<li><a href=\"https:\/\/www.canvit.cz\/en\/\" target=\"_blank\" rel=\"noopener\">Canvit<\/a> Sast\u0101vu papildina sabalans\u0113ta 13 svar\u012bg\u0101ko vitam\u012bnu kombin\u0101cija.<\/li>\n<li>Piem\u0113rots pieaugu\u0161iem su\u0146iem un gr\u016bsn\u0101m un lakt\u0113jo\u0161\u0101m kuc\u0113m.<\/li>\n<\/ul>","protected":false},"excerpt":{"rendered":"<p>Canvit Multi &#8211; vitaminai\u00a0teikia kasdien\u0119 naud\u0105 J\u016bs\u0173 \u0161uns sveikatai.\u00a0Komplekso\u00a0sud\u0117tyje yra subalansuotas 13 b\u016btin\u0173 vitamin\u0173 derinys, palaikantis ger\u0105 bendr\u0105 savijaut\u0105, imunin\u0119 sistem\u0105, atmint\u012f ir \u0161irdies kraujagysli\u0173 sistem\u0105. Palaiko \u0161uns atminties funkcij\u0105. Padeda palaikyti ger\u0105 augintinio savijaut\u0105. Stiprina \u0161ird\u012f, imunin\u0119 ir kraujagysli\u0173 sistem\u0105. Papild\u0173 forma &#8211; tablet\u0117s (100 g &#8211; 100 tabl., 500 g &#8211; 500 tabl.)&#8230;.<\/p>","protected":false},"featured_media":20575,"comment_status":"closed","ping_status":"closed","template":"","meta":{"_acf_changed":false,"slim_seo":{"title":"Canvit Multi maisto papildas \u0161unims, bendram organizmo stiprinimui 100 g - Zooprekes24","description":"Canvit Multi - vitam\u012bni nodro\u0161ina ikdienas labv\u0113l\u012bgu ietekmi uz j\u016bsu su\u0146a vesel\u012bbu. Komplekss satur sabalans\u0113tu 13 svar\u012bg\u0101ko vitam\u012bnu kombin\u0101ciju, lai uztur\u0113tu labu visp\u0101r\u0113jo vesel\u012bbu."},"iawp_total_views":116},"product_brand":[],"product_cat":[9021,32,8999,31,9022],"product_tag":[3332,2441],"class_list":{"0":"post-24352","1":"product","2":"type-product","3":"status-publish","4":"has-post-thumbnail","6":"product_cat-canvit-sunims","7":"product_cat-kitos-sunu-prekes","8":"product_cat-sunims","9":"product_cat-sunu-prekiu-gamintojai","10":"product_cat-vitaminai-ir-papildai-sunims","11":"product_tag-canvit-vitaminai-suniui","12":"product_tag-vitaminai","13":"pa_prekiu-zenklai-canvit","14":"pa_suns-amzius-suaugusiems","15":"pa_veisles-dydis-didelems-veislems","16":"pa_veisles-dydis-mazoms-veislems","17":"pa_veisles-dydis-vidutinems-veislems","18":"pa_veisles-dydis-visu-dydziu-veislems","20":"first","21":"instock","22":"featured","23":"taxable","24":"shipping-taxable","25":"purchasable","26":"product-type-simple"},"acf":[],"_links":{"self":[{"href":"https:\/\/zooprekes24.lt\/lv\/wp-json\/wp\/v2\/product\/24352","targetHints":{"allow":["GET"]}}],"collection":[{"href":"https:\/\/zooprekes24.lt\/lv\/wp-json\/wp\/v2\/product"}],"about":[{"href":"https:\/\/zooprekes24.lt\/lv\/wp-json\/wp\/v2\/types\/product"}],"replies":[{"embeddable":true,"href":"https:\/\/zooprekes24.lt\/lv\/wp-json\/wp\/v2\/comments?post=24352"}],"wp:featuredmedia":[{"embeddable":true,"href":"https:\/\/zooprekes24.lt\/lv\/wp-json\/wp\/v2\/media\/20575"}],"wp:attachment":[{"href":"https:\/\/zooprekes24.lt\/lv\/wp-json\/wp\/v2\/media?parent=24352"}],"wp:term":[{"taxonomy":"product_brand","embeddable":true,"href":"https:\/\/zooprekes24.lt\/lv\/wp-json\/wp\/v2\/product_brand?post=24352"},{"taxonomy":"product_cat","embeddable":true,"href":"https:\/\/zooprekes24.lt\/lv\/wp-json\/wp\/v2\/product_cat?post=24352"},{"taxonomy":"product_tag","embeddable":true,"href":"https:\/\/zooprekes24.lt\/lv\/wp-json\/wp\/v2\/product_tag?post=24352"}],"curies":[{"name":"wp","href":"https:\/\/api.w.org\/{rel}","templated":true}]}}