{"id":24334,"date":"2024-04-19T13:32:41","date_gmt":"2024-04-19T10:32:41","guid":{"rendered":"https:\/\/zooprekes24.lt\/produktas\/brit-veterinary-diets-struvite-dog-dry\/"},"modified":"2025-07-28T14:35:34","modified_gmt":"2025-07-28T12:35:34","slug":"brit-veterinarais-uzturs-struvits-sunu-sausais","status":"publish","type":"product","link":"https:\/\/zooprekes24.lt\/lv\/produktas\/brit-veterinary-diets-struvite-dog-dry\/","title":{"rendered":"Brit Veterinary Diets Struvite saus\u0101 bar\u012bba su\u0146iem"},"content":{"rendered":"<h3>Brit Veterinary Diets Struvite ir pilnv\u0113rt\u012bgs un sabalans\u0113ts uzturs su\u0146iem ar ur\u012bnce\u013cu darb\u012bbas trauc\u0113jumiem.<\/h3>\n<h3><span style=\"color: #a8cfca;\">Lieto\u0161anai piem\u0113rota saus\u0101 bar\u012bba:<\/span><\/h3>\n<ul>\n<li>Struv\u012bta krist\u0101lu un akme\u0146u \u0161\u0137\u012bdin\u0101\u0161anai un profilaksei.<\/li>\n<li>K\u0101 da\u013ca no su\u0146u ur\u012bnce\u013cu bakteri\u0101lo infekciju terapijas.<\/li>\n<li>M\u0101jdz\u012bvniekiem krist\u0101l\u016brijas profilaksei.<\/li>\n<li><a href=\"https:\/\/zooprekes24.lt\/lv\/kategorija\/prekes-sunims\/sunu-bariba\/sausas-maistas-sunims\/\" target=\"_blank\" rel=\"noopener\">Saus\u0101 p\u0101rtika<\/a> piem\u0113rots visu vecumu un \u0161\u0137ir\u0146u su\u0146iem.<\/li>\n<li>Brit Veterinary Diets Struvite neizmanto lipekli, soju vai \u0122MO.<\/li>\n<li>Lai sasniegtu vislab\u0101ko un efekt\u012bv\u0101ko rezult\u0101tu, ieteicams lietot kop\u0101 ar <a href=\"https:\/\/britvetdiets.com\/\" target=\"_blank\" rel=\"noopener\">Brit veterin\u0101r\u0101s di\u0113tas<\/a> mitr\u0101 p\u0101rtika.<\/li>\n<\/ul>\n<p><a ref=\"magnificPopup\" href=\"https:\/\/zooprekes24.lt\/wp-content\/uploads\/Brit-Veterinary-Diets-Grain-free-logo.png\"><img loading=\"lazy\" decoding=\"async\" class=\"alignnone wp-image-16429\" src=\"https:\/\/zooprekes24.lt\/wp-content\/uploads\/Brit-Veterinary-Diets-Grain-free-logo.png\" alt=\"Brit Veterinary Diets Grain-free logo\" width=\"150\" height=\"151\" \/><\/a><\/p>","protected":false},"excerpt":{"rendered":"<p>Brit Veterinary Diets Struvite &#8211; visavertis ir subalansuotas dietinis pa\u0161aras skirtas \u0161unims su \u0161lapimo tak\u0173 susirgimais. Sausas maistas tinkamas naudojimui: Siekiant i\u0161tirpinti struvito kristalus ir akmenis bei j\u0173 profilaktikai. Kaip terapijos dalis esant \u0161un\u0173 \u0161lapimo tak\u0173 bakterin\u0117ms infekcijoms. Augintinio kristalurijos profilaktikai. Sausas maistas tinkamas vis\u0173 am\u017eiaus grupi\u0173 ir veisli\u0173 \u0161unims. Brit Veterinary Diets Struvite sud\u0117tyje&#8230;<\/p>","protected":false},"featured_media":20571,"comment_status":"closed","ping_status":"closed","template":"","meta":{"_acf_changed":false,"slim_seo":{"title":"Brit Veterinary Diets Struvite sausas maistas \u0161unims - Zooprekes24","description":"Brit Veterinary Diets Struvite - visavertis ir subalansuotas dietinis pa\u0161aras skirtas \u0161unims su \u0161lapimo tak\u0173 susirgimais. Sausas maistas tinkamas naudojimui: Si"},"iawp_total_views":120},"product_brand":[],"product_cat":[9232,8999,29,31,9035],"product_tag":[4805],"class_list":{"0":"post-24334","1":"product","2":"type-product","3":"status-publish","4":"has-post-thumbnail","6":"product_cat-brit-veterinary-diets-sunims","7":"product_cat-sunims","8":"product_cat-sunu-maistas","9":"product_cat-sunu-prekiu-gamintojai","10":"product_cat-veterinarine-dieta","11":"product_tag-brit-veterinarinis-maistas-sunims","12":"pa_pasaro-sudetis-darzoves","13":"pa_pasaro-sudetis-kalakutiena","14":"pa_pasaro-sudetis-vaisiai","15":"pa_prekiu-zenklai-brit-veterinary-diets","16":"pa_suns-amzius-jauniems","17":"pa_suns-amzius-senjorams","18":"pa_suns-amzius-suaugusiems","19":"pa_suns-amzius-visiems-amziams","20":"pa_veisles-dydis-didelems-veislems","21":"pa_veisles-dydis-mazoms-veislems","22":"pa_veisles-dydis-vidutinems-veislems","23":"pa_veisles-dydis-visu-dydziu-veislems","25":"first","26":"instock","27":"featured","28":"taxable","29":"shipping-taxable","30":"purchasable","31":"product-type-variable"},"acf":[],"_links":{"self":[{"href":"https:\/\/zooprekes24.lt\/lv\/wp-json\/wp\/v2\/product\/24334","targetHints":{"allow":["GET"]}}],"collection":[{"href":"https:\/\/zooprekes24.lt\/lv\/wp-json\/wp\/v2\/product"}],"about":[{"href":"https:\/\/zooprekes24.lt\/lv\/wp-json\/wp\/v2\/types\/product"}],"replies":[{"embeddable":true,"href":"https:\/\/zooprekes24.lt\/lv\/wp-json\/wp\/v2\/comments?post=24334"}],"wp:featuredmedia":[{"embeddable":true,"href":"https:\/\/zooprekes24.lt\/lv\/wp-json\/wp\/v2\/media\/20571"}],"wp:attachment":[{"href":"https:\/\/zooprekes24.lt\/lv\/wp-json\/wp\/v2\/media?parent=24334"}],"wp:term":[{"taxonomy":"product_brand","embeddable":true,"href":"https:\/\/zooprekes24.lt\/lv\/wp-json\/wp\/v2\/product_brand?post=24334"},{"taxonomy":"product_cat","embeddable":true,"href":"https:\/\/zooprekes24.lt\/lv\/wp-json\/wp\/v2\/product_cat?post=24334"},{"taxonomy":"product_tag","embeddable":true,"href":"https:\/\/zooprekes24.lt\/lv\/wp-json\/wp\/v2\/product_tag?post=24334"}],"curies":[{"name":"wp","href":"https:\/\/api.w.org\/{rel}","templated":true}]}}