{"id":24325,"date":"2024-04-19T13:32:32","date_gmt":"2024-04-19T10:32:32","guid":{"rendered":"https:\/\/zooprekes24.lt\/produktas\/brit-veterinary-diets-hypo-dog-dry\/"},"modified":"2025-07-28T14:38:02","modified_gmt":"2025-07-28T12:38:02","slug":"brit-veterinarais-uzturs-hipo-sunu-sausais","status":"publish","type":"product","link":"https:\/\/zooprekes24.lt\/lv\/produktas\/brit-veterinary-diets-hypo-dog-dry\/","title":{"rendered":"Brit Veterinary Diets Hipoaler\u0123iska saus\u0101 bar\u012bba su\u0146iem"},"content":{"rendered":"<h3>Brit Veterinary Diets Hypoallergenic ir pilnv\u0113rt\u012bgs un sabalans\u0113ts hipoaler\u0123isks uzturs su\u0146iem ar dermatolo\u0123isk\u0101m un gremo\u0161anas probl\u0113m\u0101m, ko izraisa nev\u0113lama reakcija uz bar\u012bbu.<\/h3>\n<h3><span style=\"color: #e8c0c8;\">Lieto\u0161anai piem\u0113rota saus\u0101 bar\u012bba:<\/span><\/h3>\n<ul>\n<li>Ja rodas nev\u0113lama reakcija uz p\u0101rtiku ar dermatolo\u0123iskiem simptomiem.<\/li>\n<li>Dermatolo\u0123isko trauc\u0113jumu (aler\u0123iju, atopisk\u0101 dermat\u012bta un ot\u012bta) terapeitisk\u0101s \u0101rst\u0113\u0161anas ietvaros.<\/li>\n<li>Ja nov\u0113rojat, ka j\u016bsu m\u0101jdz\u012bvniekam ir nev\u0113lamas reakcijas uz bar\u012bbu ar ku\u0146\u0123a un zarnu trakta darb\u012bbas trauc\u0113jumu simptomiem.<\/li>\n<li>Ku\u0146\u0123a un zarnu trakta trauc\u0113jumu (hroniskas caurejas, zarnu iekaisuma slim\u012bbu) terapeitisk\u0101s \u0101rst\u0113\u0161anas ietvaros.<\/li>\n<li><a href=\"https:\/\/zooprekes24.lt\/lv\/kategorija\/prekes-sunims\/sunu-bariba\/sausas-maistas-sunims\/\" target=\"_blank\" rel=\"noopener\">Saus\u0101 p\u0101rtika<\/a> piem\u0113rots visu vecumu un \u0161\u0137ir\u0146u su\u0146iem.<\/li>\n<li>Brit Veterinary Diets Hypoallergenic neizmanto lipekli, soju vai \u0122MO.<\/li>\n<li>Lai sasniegtu vislab\u0101ko un efekt\u012bv\u0101ko rezult\u0101tu, ieteicams lietot kop\u0101 ar <a href=\"https:\/\/britvetdiets.com\/\" target=\"_blank\" rel=\"noopener\">Brit veterin\u0101r\u0101s di\u0113tas<\/a> mitr\u0101 p\u0101rtika.<\/li>\n<\/ul>\n<p><a ref=\"magnificPopup\" href=\"https:\/\/zooprekes24.lt\/wp-content\/uploads\/Brit-Veterinary-Diets-Grain-free-logo.png\"><img loading=\"lazy\" decoding=\"async\" class=\"alignnone wp-image-16429\" src=\"https:\/\/zooprekes24.lt\/wp-content\/uploads\/Brit-Veterinary-Diets-Grain-free-logo.png\" alt=\"Brit Veterinary Diets Grain-free logo\" width=\"150\" height=\"151\" \/><\/a><\/p>","protected":false},"excerpt":{"rendered":"<p>Brit Veterinary Diets Hypoallergenic &#8211; visavertis ir subalansuotas hipoalerginis dietinis pa\u0161aras skirtas \u0161unims su dermatologin\u0117mis ir vir\u0161kinimo problemomis, atsiradusiomis d\u0117l nepageidaujam\u0173 reakcij\u0173 \u012f maist\u0105. Sausas maistas tinkamas naudojimui: Jeigu pasirei\u0161kia nepageidaujama reakcija \u012f maist\u0105 su dermatologiniais simptomais. Kaip terapinio gydymo dalis esant dermatologiniams sutrikimams (alergija, atopinis dermatitas ir otitas). Pasteb\u0117jus augintinio nepageidaujamas reakcijas \u012f maist\u0105&#8230;<\/p>","protected":false},"featured_media":20568,"comment_status":"closed","ping_status":"closed","template":"","meta":{"_acf_changed":false,"slim_seo":{"title":"Brit Veterinary Diets Hypoallergenic sausas maistas \u0161unims - Zooprekes24","description":"Brit Veterinary Diets Hypoallergenic ir pilnv\u0113rt\u012bgs un sabalans\u0113ts hipoaler\u0123isks uzturs su\u0146iem ar dermatolo\u0123isk\u0101m un gremo\u0161anas probl\u0113m\u0101m,"},"iawp_total_views":247},"product_brand":[],"product_cat":[9232,8999,29,31,9035],"product_tag":[4888,4889,4890],"class_list":{"0":"post-24325","1":"product","2":"type-product","3":"status-publish","4":"has-post-thumbnail","6":"product_cat-brit-veterinary-diets-sunims","7":"product_cat-sunims","8":"product_cat-sunu-maistas","9":"product_cat-sunu-prekiu-gamintojai","10":"product_cat-veterinarine-dieta","11":"product_tag-brit-vd-sausas-maistas-alergiskam-suniui","12":"product_tag-brit-vet-maistas-alergiskam-suniui","13":"product_tag-brit-veterinarinis-maistas-alergiskam-suniui","14":"pa_pasaro-sudetis-darzoves","15":"pa_pasaro-sudetis-lasisa","16":"pa_pasaro-sudetis-vaisiai","17":"pa_pasaro-sudetis-zuvis","18":"pa_prekiu-zenklai-brit-veterinary-diets","19":"pa_suns-amzius-jauniems","20":"pa_suns-amzius-senjorams","21":"pa_suns-amzius-suaugusiems","22":"pa_suns-amzius-visiems-amziams","23":"pa_veisles-dydis-didelems-veislems","24":"pa_veisles-dydis-mazoms-veislems","25":"pa_veisles-dydis-vidutinems-veislems","26":"pa_veisles-dydis-visu-dydziu-veislems","28":"first","29":"instock","30":"featured","31":"taxable","32":"shipping-taxable","33":"purchasable","34":"product-type-variable"},"acf":[],"_links":{"self":[{"href":"https:\/\/zooprekes24.lt\/lv\/wp-json\/wp\/v2\/product\/24325","targetHints":{"allow":["GET"]}}],"collection":[{"href":"https:\/\/zooprekes24.lt\/lv\/wp-json\/wp\/v2\/product"}],"about":[{"href":"https:\/\/zooprekes24.lt\/lv\/wp-json\/wp\/v2\/types\/product"}],"replies":[{"embeddable":true,"href":"https:\/\/zooprekes24.lt\/lv\/wp-json\/wp\/v2\/comments?post=24325"}],"wp:featuredmedia":[{"embeddable":true,"href":"https:\/\/zooprekes24.lt\/lv\/wp-json\/wp\/v2\/media\/20568"}],"wp:attachment":[{"href":"https:\/\/zooprekes24.lt\/lv\/wp-json\/wp\/v2\/media?parent=24325"}],"wp:term":[{"taxonomy":"product_brand","embeddable":true,"href":"https:\/\/zooprekes24.lt\/lv\/wp-json\/wp\/v2\/product_brand?post=24325"},{"taxonomy":"product_cat","embeddable":true,"href":"https:\/\/zooprekes24.lt\/lv\/wp-json\/wp\/v2\/product_cat?post=24325"},{"taxonomy":"product_tag","embeddable":true,"href":"https:\/\/zooprekes24.lt\/lv\/wp-json\/wp\/v2\/product_tag?post=24325"}],"curies":[{"name":"wp","href":"https:\/\/api.w.org\/{rel}","templated":true}]}}