{"id":24319,"date":"2024-04-19T13:32:32","date_gmt":"2024-04-19T10:32:32","guid":{"rendered":"https:\/\/zooprekes24.lt\/produktas\/brit-veterinary-diets-gastro-dog-dry\/"},"modified":"2025-07-28T14:39:02","modified_gmt":"2025-07-28T12:39:02","slug":"brit-veterinarais-uzturs-gastro-dog-dry","status":"publish","type":"product","link":"https:\/\/zooprekes24.lt\/lv\/produktas\/brit-veterinary-diets-gastro-dog-dry\/","title":{"rendered":"Brit Veterinary Diets Gastrointestinal saus\u0101 bar\u012bba su\u0146iem"},"content":{"rendered":"<h3>Brit Veterinary Diets Gastrointestinal ir pilnv\u0113rt\u012bgs un sabalans\u0113ts uzturs su\u0146iem ar ku\u0146\u0123a un zarnu trakta probl\u0113m\u0101m.<\/h3>\n<h3><span style=\"color: #b6b6da;\">Lieto\u0161anai piem\u0113rota saus\u0101 bar\u012bba:<\/span><\/h3>\n<ul>\n<li>pankreat\u012bta gad\u012bjum\u0101.<\/li>\n<li>Eksokr\u012bn\u0101s aizku\u0146\u0123a dziedzera mazsp\u0113jas (EPI) gad\u012bjum\u0101.<\/li>\n<li>Hronisks gastroenter\u012bts (caureja, vem\u0161ana).<\/li>\n<li>ak\u016bta gastroenter\u012bta (caureja, vem\u0161ana) gad\u012bjum\u0101.<\/li>\n<li><a href=\"https:\/\/zooprekes24.lt\/lv\/kategorija\/prekes-sunims\/sunu-bariba\/sausas-maistas-sunims\/\" target=\"_blank\" rel=\"noopener\">Saus\u0101 p\u0101rtika<\/a> piem\u0113rots visu vecumu un \u0161\u0137ir\u0146u su\u0146iem.<\/li>\n<li>Ja j\u016bsu dz\u012bvniekam ir va\u013c\u012bgi zarni un pastiprin\u0101ta g\u0101zu uzkr\u0101\u0161an\u0101s (v\u0113dera p\u016b\u0161an\u0101s).<\/li>\n<li>Brit Veterinary Diets Gastrointestinal neizmanto lipekli, soju vai \u0122MO.<\/li>\n<li>Lai sasniegtu vislab\u0101ko un efekt\u012bv\u0101ko rezult\u0101tu, ieteicams lietot kop\u0101 ar <a href=\"https:\/\/britvetdiets.com\/\" target=\"_blank\" rel=\"noopener\">Brit veterin\u0101r\u0101s di\u0113tas<\/a> mitr\u0101 p\u0101rtika.<\/li>\n<\/ul>\n<p><a ref=\"magnificPopup\" href=\"https:\/\/zooprekes24.lt\/wp-content\/uploads\/Brit-Veterinary-Diets-Grain-free-logo.png\"><img loading=\"lazy\" decoding=\"async\" class=\"alignnone wp-image-16429\" src=\"https:\/\/zooprekes24.lt\/wp-content\/uploads\/Brit-Veterinary-Diets-Grain-free-logo.png\" alt=\"Brit Veterinary Diets Grain-free logo\" width=\"150\" height=\"151\" \/><\/a><\/p>","protected":false},"excerpt":{"rendered":"<p>Brit Veterinary Diets Gastrointestinal &#8211; visavertis ir subalansuotas dietinis pa\u0161aras skirtas \u0161unims su skrand\u017eio ir \u017earnyno problemomis. Sausas maistas tinkamas naudojimui: Sergant pankreatitu. Sergant egzokrininiu kasos nepakankamumu (EPI). Sergant l\u0117tiniu gastroenteritu (viduriavimas, v\u0117mimas). Esant \u016bminiam gastroenteritui (viduriavimas, v\u0117mimas). Sausas maistas tinkamas vis\u0173 am\u017eiaus grupi\u0173 ir veisli\u0173 \u0161unims. Jeigu augintinio viduriai laisvi ir yra padid\u0117j\u0119s duj\u0173&#8230;<\/p>","protected":false},"featured_media":20566,"comment_status":"closed","ping_status":"closed","template":"","meta":{"_acf_changed":false,"slim_seo":{"title":"Brit Veterinary Diets Gastrointestinal sausas maistas \u0161unims - Zooprekes24","description":"Brit Veterinary Diets Gastrointestinal ir pilnv\u0113rt\u012bgs un sabalans\u0113ts uzturs su\u0146iem ar ku\u0146\u0123a un zarnu trakta probl\u0113m\u0101m. Saus\u0101 bar\u012bba piem\u0113rota"},"iawp_total_views":528},"product_brand":[],"product_cat":[9232,8999,29,31,9035],"product_tag":[],"class_list":{"0":"post-24319","1":"product","2":"type-product","3":"status-publish","4":"has-post-thumbnail","6":"product_cat-brit-veterinary-diets-sunims","7":"product_cat-sunims","8":"product_cat-sunu-maistas","9":"product_cat-sunu-prekiu-gamintojai","10":"product_cat-veterinarine-dieta","11":"pa_pasaro-sudetis-darzoves","12":"pa_pasaro-sudetis-vaisiai","13":"pa_pasaro-sudetis-zuvis","14":"pa_prekiu-zenklai-brit-veterinary-diets","15":"pa_suns-amzius-jauniems","16":"pa_suns-amzius-senjorams","17":"pa_suns-amzius-suaugusiems","18":"pa_suns-amzius-visiems-amziams","19":"pa_veisles-dydis-didelems-veislems","20":"pa_veisles-dydis-mazoms-veislems","21":"pa_veisles-dydis-vidutinems-veislems","22":"pa_veisles-dydis-visu-dydziu-veislems","24":"first","25":"instock","26":"featured","27":"taxable","28":"shipping-taxable","29":"purchasable","30":"product-type-variable"},"acf":[],"_links":{"self":[{"href":"https:\/\/zooprekes24.lt\/lv\/wp-json\/wp\/v2\/product\/24319","targetHints":{"allow":["GET"]}}],"collection":[{"href":"https:\/\/zooprekes24.lt\/lv\/wp-json\/wp\/v2\/product"}],"about":[{"href":"https:\/\/zooprekes24.lt\/lv\/wp-json\/wp\/v2\/types\/product"}],"replies":[{"embeddable":true,"href":"https:\/\/zooprekes24.lt\/lv\/wp-json\/wp\/v2\/comments?post=24319"}],"wp:featuredmedia":[{"embeddable":true,"href":"https:\/\/zooprekes24.lt\/lv\/wp-json\/wp\/v2\/media\/20566"}],"wp:attachment":[{"href":"https:\/\/zooprekes24.lt\/lv\/wp-json\/wp\/v2\/media?parent=24319"}],"wp:term":[{"taxonomy":"product_brand","embeddable":true,"href":"https:\/\/zooprekes24.lt\/lv\/wp-json\/wp\/v2\/product_brand?post=24319"},{"taxonomy":"product_cat","embeddable":true,"href":"https:\/\/zooprekes24.lt\/lv\/wp-json\/wp\/v2\/product_cat?post=24319"},{"taxonomy":"product_tag","embeddable":true,"href":"https:\/\/zooprekes24.lt\/lv\/wp-json\/wp\/v2\/product_tag?post=24319"}],"curies":[{"name":"wp","href":"https:\/\/api.w.org\/{rel}","templated":true}]}}