{"id":24316,"date":"2024-04-19T13:32:32","date_gmt":"2024-04-19T10:32:32","guid":{"rendered":"https:\/\/zooprekes24.lt\/produktas\/brit-veterinary-diets-diabetes-dog-dry\/"},"modified":"2026-03-09T12:48:33","modified_gmt":"2026-03-09T10:48:33","slug":"brit-veterinarais-uzturs-diabeta-diabets-sunu-sausais","status":"publish","type":"product","link":"https:\/\/zooprekes24.lt\/lv\/produktas\/brit-veterinary-diets-diabetes-dog-dry\/","title":{"rendered":"Brit Veterinary Diets Diabetes saus\u0101 bar\u012bba su\u0146iem"},"content":{"rendered":"<h3>Brit Veterinary Diets Diabetes ir pilnv\u0113rt\u012bga un sabalans\u0113ta di\u0113ta su\u0146iem diab\u0113ta \u0101rst\u0113\u0161anai.<\/h3>\n<h3><span style=\"color: #c1cd9e;\"><span style=\"vertical-align: inherit;\"><span style=\"vertical-align: inherit;\">Lieto\u0161anai piem\u0113rota saus\u0101 bar\u012bba:<\/span><\/span><\/span><\/h3>\n<ul>\n<li>Lai uztur\u0113tu optim\u0101lu su\u0146a svaru.<\/li>\n<li>Ja j\u016bsu dz\u012bvniekam ir cukura diab\u0113ts.<\/li>\n<li><span class=\"JLqJ4b\" data-language-for-alternatives=\"lt\" data-language-to-translate-into=\"en\" data-phrase-index=\"1\"><span class=\"JLqJ4b ChMk0b\" data-language-for-alternatives=\"lt\" data-language-to-translate-into=\"en\" data-phrase-index=\"2\">Ar papildu \u0161\u0137iedrviel\u0101m s\u0101ta saj\u016btai.<\/span><\/span><\/li>\n<li><a href=\"https:\/\/zooprekes24.lt\/lv\/kategorija\/prekes-sunims\/sunu-bariba\/sausas-maistas-sunims\/\" target=\"_blank\" rel=\"noopener\">Saus\u0101 p\u0101rtika<\/a> piem\u0113rots visu vecumu un \u0161\u0137ir\u0146u su\u0146iem.<\/li>\n<li>Brit Veterinary Diets nesatur lipekli, soju un \u0122MO.<\/li>\n<li>Lai sasniegtu vislab\u0101ko un efekt\u012bv\u0101ko rezult\u0101tu, ieteicams lietot kop\u0101 ar <a href=\"https:\/\/britvetdiets.com\/\" target=\"_blank\" rel=\"noopener\">Brit veterin\u0101r\u0101s di\u0113tas<\/a> mitr\u0101 p\u0101rtika.<\/li>\n<\/ul>\n<p><a ref=\"magnificPopup\" href=\"https:\/\/zooprekes24.lt\/wp-content\/uploads\/Brit-Veterinary-Diets-Grain-free-logo.png\"><img loading=\"lazy\" decoding=\"async\" class=\"alignnone wp-image-16429\" src=\"https:\/\/zooprekes24.lt\/wp-content\/uploads\/Brit-Veterinary-Diets-Grain-free-logo.png\" alt=\"Brit Veterinary Diets Grain-free logo\" width=\"150\" height=\"151\" \/><\/a><\/p>","protected":false},"excerpt":{"rendered":"<p>Brit Veterinary Diets Diabetes &#8211; visavertis ir subalansuotas dietinis pa\u0161aras \u0161unims skirtas palaikyti cukrinio diabeto gydym\u0105. Sausas maistas tinkamas naudojimui: Norint palaikyti optimal\u0173 \u0161uns svor\u012f. Jeigu augintinis serga cukriniu diabetu. Su papildomomis skaidulomis sotumui u\u017etikrinti. Sausas maistas tinkamas vis\u0173 am\u017eiaus grupi\u0173 ir veisli\u0173 \u0161unims. Brit Veterinary Diets sud\u0117tyje n\u0117ra naudojamas glitimas, sojos ir GMO. Siekiant&#8230;<\/p>","protected":false},"featured_media":20565,"comment_status":"closed","ping_status":"closed","template":"","meta":{"_acf_changed":false,"slim_seo":{"title":"Brit Veterinary Diets Diabetes sausas maistas \u0161unims - Zooprekes24","description":"Brit Veterinary Diets Diabetes ir pilnv\u0113rt\u012bga un sabalans\u0113ta di\u0113ta su\u0146iem diab\u0113ta \u0101rst\u0113\u0161anai. Saus\u0101 bar\u012bba ir piem\u0113rota lieto\u0161anai"},"iawp_total_views":147},"product_brand":[],"product_cat":[9232,8999,29,31,9035],"product_tag":[4805],"class_list":{"0":"post-24316","1":"product","2":"type-product","3":"status-publish","4":"has-post-thumbnail","6":"product_cat-brit-veterinary-diets-sunims","7":"product_cat-sunims","8":"product_cat-sunu-maistas","9":"product_cat-sunu-prekiu-gamintojai","10":"product_cat-veterinarine-dieta","11":"product_tag-brit-veterinarinis-maistas-sunims","12":"pa_pasaro-sudetis-darzoves","13":"pa_pasaro-sudetis-kalakutiena","14":"pa_pasaro-sudetis-kepeneles","15":"pa_pasaro-sudetis-vaisiai","16":"pa_prekiu-zenklai-brit-veterinary-diets","17":"pa_suns-amzius-jauniems","18":"pa_suns-amzius-senjorams","19":"pa_suns-amzius-suaugusiems","20":"pa_suns-amzius-visiems-amziams","21":"pa_veisles-dydis-didelems-veislems","22":"pa_veisles-dydis-mazoms-veislems","23":"pa_veisles-dydis-vidutinems-veislems","24":"pa_veisles-dydis-visu-dydziu-veislems","26":"first","27":"instock","28":"featured","29":"taxable","30":"shipping-taxable","31":"purchasable","32":"product-type-variable"},"acf":[],"_links":{"self":[{"href":"https:\/\/zooprekes24.lt\/lv\/wp-json\/wp\/v2\/product\/24316","targetHints":{"allow":["GET"]}}],"collection":[{"href":"https:\/\/zooprekes24.lt\/lv\/wp-json\/wp\/v2\/product"}],"about":[{"href":"https:\/\/zooprekes24.lt\/lv\/wp-json\/wp\/v2\/types\/product"}],"replies":[{"embeddable":true,"href":"https:\/\/zooprekes24.lt\/lv\/wp-json\/wp\/v2\/comments?post=24316"}],"wp:featuredmedia":[{"embeddable":true,"href":"https:\/\/zooprekes24.lt\/lv\/wp-json\/wp\/v2\/media\/20565"}],"wp:attachment":[{"href":"https:\/\/zooprekes24.lt\/lv\/wp-json\/wp\/v2\/media?parent=24316"}],"wp:term":[{"taxonomy":"product_brand","embeddable":true,"href":"https:\/\/zooprekes24.lt\/lv\/wp-json\/wp\/v2\/product_brand?post=24316"},{"taxonomy":"product_cat","embeddable":true,"href":"https:\/\/zooprekes24.lt\/lv\/wp-json\/wp\/v2\/product_cat?post=24316"},{"taxonomy":"product_tag","embeddable":true,"href":"https:\/\/zooprekes24.lt\/lv\/wp-json\/wp\/v2\/product_tag?post=24316"}],"curies":[{"name":"wp","href":"https:\/\/api.w.org\/{rel}","templated":true}]}}