{"id":24308,"date":"2024-04-19T13:32:23","date_gmt":"2024-04-19T10:32:23","guid":{"rendered":"https:\/\/zooprekes24.lt\/produktas\/brit-veterinary-diets-renal-cat-dry\/"},"modified":"2025-07-28T14:32:21","modified_gmt":"2025-07-28T12:32:21","slug":"brit-veterinaras-dietas-nieru-kakiem-sausa-veida","status":"publish","type":"product","link":"https:\/\/zooprekes24.lt\/lv\/produktas\/brit-veterinary-diets-renal-cat-dry\/","title":{"rendered":"Brit Veterinary Diets Renal saus\u0101 ka\u0137u bar\u012bba"},"content":{"rendered":"<h3>Brit Veterinary Diets Renal ir pilnv\u0113rt\u012bgs un sabalans\u0113ts uzturs ka\u0137iem ar nieru mazsp\u0113ju.<\/h3>\n<h3><span style=\"color: #f0a794;\">Lieto\u0161anai piem\u0113rota saus\u0101 bar\u012bba:<\/span><\/h3>\n<ul>\n<li>Hroniska nieru mazsp\u0113ja (viens no \u0101rst\u0113\u0161anas un terapijas atbalsta pas\u0101kumiem).<\/li>\n<li>Uroliti\u0101ze (akme\u0146u zarn\u0101s un ur\u012bnce\u013cos gad\u012bjumos).<\/li>\n<li><a href=\"https:\/\/zooprekes24.lt\/lv\/kategorija\/prekes-katems\/ciema-partika\/sausas-kaciu-maistas\/\" target=\"_blank\" rel=\"noopener\">Saus\u0101 p\u0101rtika<\/a> piem\u0113rots jebkura vecuma ka\u0137iem.<\/li>\n<li>Brit Veterinary Diets Renal neizmanto lipekli, soju vai \u0122MO.<\/li>\n<li>Lai sasniegtu vislab\u0101ko un efekt\u012bv\u0101ko rezult\u0101tu, ieteicams lietot kop\u0101 ar <a href=\"https:\/\/britvetdiets.com\/\" target=\"_blank\" rel=\"noopener\">Brit veterin\u0101r\u0101s di\u0113tas<\/a> mitr\u0101 p\u0101rtika.<\/li>\n<\/ul>\n<p><a ref=\"magnificPopup\" href=\"https:\/\/zooprekes24.lt\/wp-content\/uploads\/Brit-Veterinary-Diets-Grain-free-logo.png\"><img loading=\"lazy\" decoding=\"async\" class=\"alignnone wp-image-16429\" src=\"https:\/\/zooprekes24.lt\/wp-content\/uploads\/Brit-Veterinary-Diets-Grain-free-logo.png\" alt=\"Brit Veterinary Diets Grain-free logo\" width=\"150\" height=\"151\" \/><\/a><\/p>","protected":false},"excerpt":{"rendered":"<p>Brit Veterinary Diets Renal &#8211; visavertis ir subalansuotas dietinis pa\u0161aras skirtas kat\u0117ms sergan\u010dioms inkst\u0173 nepakankamumu. Sausas maistas tinkamas naudojimui: Turint l\u0117tin\u012f inkst\u0173 nepakankamum\u0105 (viena i\u0161 palaikom\u0173j\u0173 priemoni\u0173 gydyme ir terapijoje). Urolitiazei gydyti (inskt\u0173 ir \u0161lapimo tak\u0173 akmenlig\u0117s atvejais). Sausas maistas tinkamas vis\u0173 am\u017eiaus grupi\u0173 kat\u0117ms. Brit Veterinary Diets Renal sud\u0117tyje n\u0117ra naudojamas glitimas, sojos ir&#8230;<\/p>","protected":false},"featured_media":20563,"comment_status":"closed","ping_status":"closed","template":"","meta":{"_acf_changed":false,"slim_seo":{"title":"Brit Veterinary Diets Renal sausas maistas kat\u0117ms - Zooprekes24","description":"Brit Veterinary Diets Renal ir pilnv\u0113rt\u012bgs un sabalans\u0113ts uzturs ka\u0137iem ar nieru mazsp\u0113ju. Saus\u0101 bar\u012bba piem\u0113rota lieto\u0161anai:"},"iawp_total_views":231},"product_brand":[],"product_cat":[9234,72,83,25,9037],"product_tag":[5004,2173],"class_list":{"0":"post-24308","1":"product","2":"type-product","3":"status-publish","4":"has-post-thumbnail","6":"product_cat-brit-veterinary-diets-katems","7":"product_cat-kaciu-maistas","8":"product_cat-kaciu-prekiu-gamintojai","9":"product_cat-katems","10":"product_cat-veterinarine-dieta-kaciu-maistas","11":"product_tag-kaciu-inkstu-nepakankamumas","12":"product_tag-konservuotas-maistas-katems","13":"pa_pasaro-sudetis-darzoves","14":"pa_pasaro-sudetis-vaisiai","15":"pa_prekiu-zenklai-brit-veterinary-diets","17":"first","18":"instock","19":"featured","20":"taxable","21":"shipping-taxable","22":"purchasable","23":"product-type-variable"},"acf":[],"_links":{"self":[{"href":"https:\/\/zooprekes24.lt\/lv\/wp-json\/wp\/v2\/product\/24308","targetHints":{"allow":["GET"]}}],"collection":[{"href":"https:\/\/zooprekes24.lt\/lv\/wp-json\/wp\/v2\/product"}],"about":[{"href":"https:\/\/zooprekes24.lt\/lv\/wp-json\/wp\/v2\/types\/product"}],"replies":[{"embeddable":true,"href":"https:\/\/zooprekes24.lt\/lv\/wp-json\/wp\/v2\/comments?post=24308"}],"wp:featuredmedia":[{"embeddable":true,"href":"https:\/\/zooprekes24.lt\/lv\/wp-json\/wp\/v2\/media\/20563"}],"wp:attachment":[{"href":"https:\/\/zooprekes24.lt\/lv\/wp-json\/wp\/v2\/media?parent=24308"}],"wp:term":[{"taxonomy":"product_brand","embeddable":true,"href":"https:\/\/zooprekes24.lt\/lv\/wp-json\/wp\/v2\/product_brand?post=24308"},{"taxonomy":"product_cat","embeddable":true,"href":"https:\/\/zooprekes24.lt\/lv\/wp-json\/wp\/v2\/product_cat?post=24308"},{"taxonomy":"product_tag","embeddable":true,"href":"https:\/\/zooprekes24.lt\/lv\/wp-json\/wp\/v2\/product_tag?post=24308"}],"curies":[{"name":"wp","href":"https:\/\/api.w.org\/{rel}","templated":true}]}}