{"id":24304,"date":"2024-04-19T13:32:23","date_gmt":"2024-04-19T10:32:23","guid":{"rendered":"https:\/\/zooprekes24.lt\/produktas\/brit-veterinary-diets-obesity-cat-dry\/"},"modified":"2025-07-28T14:33:23","modified_gmt":"2025-07-28T12:33:23","slug":"brit-veterinarais-uzturs-kakiem-sausa-veida-pret-aptaukosanos","status":"publish","type":"product","link":"https:\/\/zooprekes24.lt\/lv\/produktas\/brit-veterinary-diets-obesity-cat-dry\/","title":{"rendered":"Brit Veterinary Diets Saus\u0101 ka\u0137u bar\u012bba Obesity"},"content":{"rendered":"<h3>Brit Veterinary Diets Obesity ir pilnv\u0113rt\u012bga un sabalans\u0113ta di\u0113tisk\u0101 bar\u012bba ka\u0137iem liek\u0101 \u0137erme\u0146a svara samazin\u0101\u0161anai un svara kontrolei.<\/h3>\n<h3><span style=\"color: #9ecde1;\">Lieto\u0161anai piem\u0113rota saus\u0101 bar\u012bba:<\/span><\/h3>\n<ul>\n<li>Svara uztur\u0113\u0161anai p\u0113c steriliz\u0101cijas\/kastr\u0101cijas.<\/li>\n<li>Ka\u0137iem ar lieko svaru vai aptauko\u0161anos.<\/li>\n<li>Lai uztur\u0113tu optim\u0101lu \u0137erme\u0146a svaru un samazin\u0101tu m\u0101jdz\u012bvnieka svaru.<\/li>\n<li><a href=\"https:\/\/zooprekes24.lt\/lv\/kategorija\/prekes-katems\/ciema-partika\/sausas-kaciu-maistas\/\" target=\"_blank\" rel=\"noopener\">Saus\u0101 p\u0101rtika<\/a> piem\u0113rots jebkura vecuma ka\u0137iem.<\/li>\n<li>Brit Veterinary Diets Obesity neizmanto lipekli, soju vai \u0122MO.<\/li>\n<li>Lai sasniegtu vislab\u0101ko un efekt\u012bv\u0101ko rezult\u0101tu, ieteicams lietot kop\u0101 ar <a href=\"https:\/\/britvetdiets.com\/\" target=\"_blank\" rel=\"noopener\">Brit veterin\u0101r\u0101s di\u0113tas<\/a> mitr\u0101 p\u0101rtika.<\/li>\n<\/ul>\n<p><a ref=\"magnificPopup\" href=\"https:\/\/zooprekes24.lt\/wp-content\/uploads\/Brit-Veterinary-Diets-Grain-free-logo.png\"><img loading=\"lazy\" decoding=\"async\" class=\"alignnone wp-image-16429\" src=\"https:\/\/zooprekes24.lt\/wp-content\/uploads\/Brit-Veterinary-Diets-Grain-free-logo.png\" alt=\"Brit Veterinary Diets Grain-free logo\" width=\"150\" height=\"151\" \/><\/a><\/p>","protected":false},"excerpt":{"rendered":"<p>Brit Veterinary Diets Obesity &#8211; visavertis ir subalansuotas dietinis pa\u0161aras skirtas ka\u010di\u0173 perteklinei k\u016bno masei ma\u017einti ir svoriui kontroliuoti. Sausas maistas tinkamas naudojimui: Svorio palaikymui po sterilizavimo\/kastravimo. Kat\u0117ms turin\u010dioms antsvorio ar nutukimo problem\u0173. Optimalios k\u016bno mas\u0117s palaikymui ir augintinio svorio ma\u017einimui. Sausas maistas tinkamas vis\u0173 am\u017eiaus grupi\u0173 kat\u0117ms. Brit Veterinary Diets Obesity sud\u0117tyje n\u0117ra naudojamas&#8230;<\/p>","protected":false},"featured_media":20562,"comment_status":"closed","ping_status":"closed","template":"","meta":{"_acf_changed":false,"slim_seo":{"title":"Brit Veterinary Diets Obesity sausas maistas kat\u0117ms - Zooprekes24","description":"Brit Veterinary Diets Obesity ir pilnv\u0113rt\u012bga un sabalans\u0113ta di\u0113tisk\u0101 bar\u012bba ka\u0137iem liek\u0101 \u0137erme\u0146a svara samazin\u0101\u0161anai un svara kontrolei. Saus\u0101 bar\u012bba"},"iawp_total_views":64},"product_brand":[],"product_cat":[9234,72,83,25,9037],"product_tag":[6078,4987,1675,2329],"class_list":{"0":"post-24304","1":"product","2":"type-product","3":"status-publish","4":"has-post-thumbnail","6":"product_cat-brit-veterinary-diets-katems","7":"product_cat-kaciu-maistas","8":"product_cat-kaciu-prekiu-gamintojai","9":"product_cat-katems","10":"product_cat-veterinarine-dieta-kaciu-maistas","11":"product_tag-brit-vet-maistas-nutukusiai-katei","12":"product_tag-brit-veterinarinis-maistas-katems","13":"product_tag-kaciu-edalas","14":"product_tag-sausas-maistas-storai-katei","15":"pa_pasaro-sudetis-darzoves","16":"pa_pasaro-sudetis-kepeneles","17":"pa_pasaro-sudetis-vaisiai","18":"pa_pasaro-sudetis-vistiena","19":"pa_prekiu-zenklai-brit-veterinary-diets","21":"first","22":"instock","23":"featured","24":"taxable","25":"shipping-taxable","26":"purchasable","27":"product-type-variable"},"acf":[],"_links":{"self":[{"href":"https:\/\/zooprekes24.lt\/lv\/wp-json\/wp\/v2\/product\/24304","targetHints":{"allow":["GET"]}}],"collection":[{"href":"https:\/\/zooprekes24.lt\/lv\/wp-json\/wp\/v2\/product"}],"about":[{"href":"https:\/\/zooprekes24.lt\/lv\/wp-json\/wp\/v2\/types\/product"}],"replies":[{"embeddable":true,"href":"https:\/\/zooprekes24.lt\/lv\/wp-json\/wp\/v2\/comments?post=24304"}],"wp:featuredmedia":[{"embeddable":true,"href":"https:\/\/zooprekes24.lt\/lv\/wp-json\/wp\/v2\/media\/20562"}],"wp:attachment":[{"href":"https:\/\/zooprekes24.lt\/lv\/wp-json\/wp\/v2\/media?parent=24304"}],"wp:term":[{"taxonomy":"product_brand","embeddable":true,"href":"https:\/\/zooprekes24.lt\/lv\/wp-json\/wp\/v2\/product_brand?post=24304"},{"taxonomy":"product_cat","embeddable":true,"href":"https:\/\/zooprekes24.lt\/lv\/wp-json\/wp\/v2\/product_cat?post=24304"},{"taxonomy":"product_tag","embeddable":true,"href":"https:\/\/zooprekes24.lt\/lv\/wp-json\/wp\/v2\/product_tag?post=24304"}],"curies":[{"name":"wp","href":"https:\/\/api.w.org\/{rel}","templated":true}]}}