{"id":24296,"date":"2024-04-19T13:32:23","date_gmt":"2024-04-19T10:32:23","guid":{"rendered":"https:\/\/zooprekes24.lt\/produktas\/brit-veterinary-diets-gastro-cat-dry\/"},"modified":"2025-07-28T14:38:49","modified_gmt":"2025-07-28T12:38:49","slug":"brit-veterinarais-uzturs-gastro-cat-dry","status":"publish","type":"product","link":"https:\/\/zooprekes24.lt\/lv\/produktas\/brit-veterinary-diets-gastro-cat-dry\/","title":{"rendered":"Brit Veterinary Diets Gastrointestinal saus\u0101 ka\u0137u bar\u012bba"},"content":{"rendered":"<h3>Brit Veterinary Diets Gastrointestinal ir pilnv\u0113rt\u012bgs un sabalans\u0113ts uzturs ka\u0137iem ar ku\u0146\u0123a un zarnu trakta probl\u0113m\u0101m.<\/h3>\n<h3><span style=\"color: #b6b6da;\">Lieto\u0161anai piem\u0113rota saus\u0101 bar\u012bba:<\/span><\/h3>\n<ul>\n<li><a href=\"https:\/\/zooprekes24.lt\/lv\/kategorija\/prekes-katems\/ciema-partika\/sausas-kaciu-maistas\/\" target=\"_blank\" rel=\"noopener\">Saus\u0101 p\u0101rtika<\/a> piem\u0113rots jebkura vecuma ka\u0137iem.<\/li>\n<li>Pankreat\u012bts vai zarnu iekaisuma slim\u012bba (IBD).<\/li>\n<li>Ku\u0146\u0123a un zarnu trakta darb\u012bbas trauc\u0113jumu (caureja, vem\u0161ana) gad\u012bjum\u0101.<\/li>\n<li>Ja dz\u012bvniekam ir gremo\u0161anas trauc\u0113jumi, malabsorbcija.<\/li>\n<li>Brit Veterinary Diets Gastrointestinal neizmanto lipekli, soju vai \u0122MO.<\/li>\n<li>Lai sasniegtu vislab\u0101ko un efekt\u012bv\u0101ko rezult\u0101tu, ieteicams lietot kop\u0101 ar <a href=\"https:\/\/britvetdiets.com\/\" target=\"_blank\" rel=\"noopener\">Brit veterin\u0101r\u0101s di\u0113tas<\/a> mitr\u0101 p\u0101rtika.<\/li>\n<\/ul>\n<p><a ref=\"magnificPopup\" href=\"https:\/\/zooprekes24.lt\/wp-content\/uploads\/Brit-Veterinary-Diets-Grain-free-logo.png\"><img loading=\"lazy\" decoding=\"async\" class=\"alignnone wp-image-16429\" src=\"https:\/\/zooprekes24.lt\/wp-content\/uploads\/Brit-Veterinary-Diets-Grain-free-logo.png\" alt=\"Brit Veterinary Diets Grain-free logo\" width=\"150\" height=\"151\" \/><\/a><\/p>","protected":false},"excerpt":{"rendered":"<p>Brit Veterinary Diets Gastrointestinal &#8211; visavertis ir subalansuotas dietinis pa\u0161aras skirtas kat\u0117ms su skrand\u017eio ir \u017earnyno problemomis. Sausas maistas tinkamas naudojimui: Sausas maistas tinkamas vis\u0173 am\u017eiaus grupi\u0173 kat\u0117ms. Sergant pankreatitu arba u\u017edegimin\u0117 \u017earnyno liga (IBD). Esant vir\u0161kinimo trakto sutrikimams (viduriavimas, v\u0117mimas). Jeigu augintiniui pasirei\u0161kia vir\u0161kinimo sutrikimai, malabsorbcija. Brit Veterinary Diets Gastrointestinal sud\u0117tyje n\u0117ra naudojamas glitimas,&#8230;<\/p>","protected":false},"featured_media":20560,"comment_status":"closed","ping_status":"closed","template":"","meta":{"_acf_changed":false,"slim_seo":{"title":"Brit Veterinary Diets Gastrointestinal sausas maistas kat\u0117ms - Zooprekes24","description":"Brit Veterinary Diets Gastrointestinal ir pilnv\u0113rt\u012bgs un sabalans\u0113ts uzturs ka\u0137iem ar ku\u0146\u0123a un zarnu trakta probl\u0113m\u0101m. Saus\u0101 bar\u012bba piem\u0113rota"},"iawp_total_views":86},"product_brand":[],"product_cat":[9234,72,83,25,9037],"product_tag":[],"class_list":{"0":"post-24296","1":"product","2":"type-product","3":"status-publish","4":"has-post-thumbnail","6":"product_cat-brit-veterinary-diets-katems","7":"product_cat-kaciu-maistas","8":"product_cat-kaciu-prekiu-gamintojai","9":"product_cat-katems","10":"product_cat-veterinarine-dieta-kaciu-maistas","11":"pa_pasaro-sudetis-darzoves","12":"pa_pasaro-sudetis-lasisa","13":"pa_pasaro-sudetis-vaisiai","14":"pa_pasaro-sudetis-zuvis","15":"pa_prekiu-zenklai-brit-veterinary-diets","17":"first","18":"instock","19":"featured","20":"taxable","21":"shipping-taxable","22":"purchasable","23":"product-type-variable"},"acf":[],"_links":{"self":[{"href":"https:\/\/zooprekes24.lt\/lv\/wp-json\/wp\/v2\/product\/24296","targetHints":{"allow":["GET"]}}],"collection":[{"href":"https:\/\/zooprekes24.lt\/lv\/wp-json\/wp\/v2\/product"}],"about":[{"href":"https:\/\/zooprekes24.lt\/lv\/wp-json\/wp\/v2\/types\/product"}],"replies":[{"embeddable":true,"href":"https:\/\/zooprekes24.lt\/lv\/wp-json\/wp\/v2\/comments?post=24296"}],"wp:featuredmedia":[{"embeddable":true,"href":"https:\/\/zooprekes24.lt\/lv\/wp-json\/wp\/v2\/media\/20560"}],"wp:attachment":[{"href":"https:\/\/zooprekes24.lt\/lv\/wp-json\/wp\/v2\/media?parent=24296"}],"wp:term":[{"taxonomy":"product_brand","embeddable":true,"href":"https:\/\/zooprekes24.lt\/lv\/wp-json\/wp\/v2\/product_brand?post=24296"},{"taxonomy":"product_cat","embeddable":true,"href":"https:\/\/zooprekes24.lt\/lv\/wp-json\/wp\/v2\/product_cat?post=24296"},{"taxonomy":"product_tag","embeddable":true,"href":"https:\/\/zooprekes24.lt\/lv\/wp-json\/wp\/v2\/product_tag?post=24296"}],"curies":[{"name":"wp","href":"https:\/\/api.w.org\/{rel}","templated":true}]}}