{"id":24292,"date":"2024-04-19T13:32:13","date_gmt":"2024-04-19T10:32:13","guid":{"rendered":"https:\/\/zooprekes24.lt\/produktas\/brit-veterinary-diets-diabetes-cat-dry\/"},"modified":"2026-03-09T12:48:25","modified_gmt":"2026-03-09T10:48:25","slug":"brit-veterinarais-uzturs-kaku-diabets-dry","status":"publish","type":"product","link":"https:\/\/zooprekes24.lt\/lv\/produktas\/brit-veterinary-diets-diabetes-cat-dry\/","title":{"rendered":"Brit Veterinary Diets Diabetes saus\u0101 bar\u012bba ka\u0137iem"},"content":{"rendered":"<h3>Brit Veterinary Diets Diabetes ir pilnv\u0113rt\u012bga un sabalans\u0113ta di\u0113ta ka\u0137iem diab\u0113ta \u0101rst\u0113\u0161anai.<\/h3>\n<h3><span style=\"color: #c1cd9e;\">Lieto\u0161anai piem\u0113rota saus\u0101 bar\u012bba:<\/span><\/h3>\n<ul>\n<li>Lai uztur\u0113tu ka\u0137a optim\u0101lo svaru.<\/li>\n<li>Ja j\u016bsu dz\u012bvniekam ir cukura diab\u0113ts.<\/li>\n<li>Ar papildu \u0161\u0137iedrviel\u0101m s\u0101ta saj\u016btas uztur\u0113\u0161anai.<\/li>\n<li><a href=\"https:\/\/zooprekes24.lt\/lv\/kategorija\/prekes-katems\/ciema-partika\/sausas-kaciu-maistas\/\" target=\"_blank\" rel=\"noopener\">Saus\u0101 p\u0101rtika<\/a> piem\u0113rots jebkura vecuma ka\u0137iem.<\/li>\n<li>Brit Veterinary Diets nesatur lipekli, soju un \u0122MO.<\/li>\n<li>Lai sasniegtu vislab\u0101ko un efekt\u012bv\u0101ko rezult\u0101tu, ieteicams lietot kop\u0101 ar <a href=\"https:\/\/britvetdiets.com\/\" target=\"_blank\" rel=\"noopener\">Brit veterin\u0101r\u0101s di\u0113tas<\/a> mitr\u0101 p\u0101rtika.<\/li>\n<\/ul>\n<p><a ref=\"magnificPopup\" href=\"https:\/\/zooprekes24.lt\/wp-content\/uploads\/Brit-Veterinary-Diets-Grain-free-logo.png\"><img loading=\"lazy\" decoding=\"async\" class=\"alignnone wp-image-16429\" src=\"https:\/\/zooprekes24.lt\/wp-content\/uploads\/Brit-Veterinary-Diets-Grain-free-logo.png\" alt=\"Brit Veterinary Diets Grain-free logo\" width=\"150\" height=\"151\" \/><\/a><\/p>","protected":false},"excerpt":{"rendered":"<p>Brit Veterinary Diets Diabetes &#8211; visavertis ir subalansuotas dietinis pa\u0161aras kat\u0117ms skirtas palaikyti cukrinio diabeto gydym\u0105. Sausas maistas tinkamas naudojimui: Norint palaikyti optimal\u0173 kat\u0117s svor\u012f. Jeigu augintinis serga cukriniu diabetu. Su papildomomis skaidulomis sotumui palaikyti. Sausas maistas tinkamas vis\u0173 am\u017eiaus grupi\u0173 kat\u0117ms. Brit Veterinary Diets sud\u0117tyje n\u0117ra naudojamas glitimas, sojos ir GMO. Siekiant geriausio ir&#8230;<\/p>","protected":false},"featured_media":20559,"comment_status":"closed","ping_status":"closed","template":"","meta":{"_acf_changed":false,"slim_seo":{"title":"Brit Veterinary Diets Diabetes sausas maistas kat\u0117ms - Zooprekes24","description":"Brit Veterinary Diets Diabetes - visavertis ir subalansuotas dietinis pa\u0161aras kat\u0117ms skirtas palaikyti cukrinio diabeto gydym\u0105. Sausas maistas tinkamas naudojim"},"iawp_total_views":81},"product_brand":[],"product_cat":[9234,72,83,25,9037],"product_tag":[4987],"class_list":{"0":"post-24292","1":"product","2":"type-product","3":"status-publish","4":"has-post-thumbnail","6":"product_cat-brit-veterinary-diets-katems","7":"product_cat-kaciu-maistas","8":"product_cat-kaciu-prekiu-gamintojai","9":"product_cat-katems","10":"product_cat-veterinarine-dieta-kaciu-maistas","11":"product_tag-brit-veterinarinis-maistas-katems","12":"pa_pasaro-sudetis-darzoves","13":"pa_pasaro-sudetis-kepeneles","14":"pa_pasaro-sudetis-vistiena","15":"pa_prekiu-zenklai-brit-veterinary-diets","17":"first","18":"instock","19":"featured","20":"taxable","21":"shipping-taxable","22":"purchasable","23":"product-type-variable"},"acf":[],"_links":{"self":[{"href":"https:\/\/zooprekes24.lt\/lv\/wp-json\/wp\/v2\/product\/24292","targetHints":{"allow":["GET"]}}],"collection":[{"href":"https:\/\/zooprekes24.lt\/lv\/wp-json\/wp\/v2\/product"}],"about":[{"href":"https:\/\/zooprekes24.lt\/lv\/wp-json\/wp\/v2\/types\/product"}],"replies":[{"embeddable":true,"href":"https:\/\/zooprekes24.lt\/lv\/wp-json\/wp\/v2\/comments?post=24292"}],"wp:featuredmedia":[{"embeddable":true,"href":"https:\/\/zooprekes24.lt\/lv\/wp-json\/wp\/v2\/media\/20559"}],"wp:attachment":[{"href":"https:\/\/zooprekes24.lt\/lv\/wp-json\/wp\/v2\/media?parent=24292"}],"wp:term":[{"taxonomy":"product_brand","embeddable":true,"href":"https:\/\/zooprekes24.lt\/lv\/wp-json\/wp\/v2\/product_brand?post=24292"},{"taxonomy":"product_cat","embeddable":true,"href":"https:\/\/zooprekes24.lt\/lv\/wp-json\/wp\/v2\/product_cat?post=24292"},{"taxonomy":"product_tag","embeddable":true,"href":"https:\/\/zooprekes24.lt\/lv\/wp-json\/wp\/v2\/product_tag?post=24292"}],"curies":[{"name":"wp","href":"https:\/\/api.w.org\/{rel}","templated":true}]}}