{"id":24289,"date":"2024-04-19T13:32:13","date_gmt":"2024-04-19T10:32:13","guid":{"rendered":"https:\/\/zooprekes24.lt\/produktas\/brit-premium-by-nature-kitten-chicken\/"},"modified":"2024-12-19T13:04:19","modified_gmt":"2024-12-19T11:04:19","slug":"brit-premium-by-nature-kitten-chicken","status":"publish","type":"product","link":"https:\/\/zooprekes24.lt\/lv\/produktas\/brit-premium-by-nature-kitten-chicken\/","title":{"rendered":"Brit Premium by Nature Kitten Chicken saus\u0101 bar\u012bba ka\u0137\u0113niem"},"content":{"rendered":"<h3>Brit Premium by Nature Kitten Chicken &#8211; visavertis <a href=\"https:\/\/zooprekes24.lt\/kategorija\/prekes-katems\/kaciu-maistas\/sausas-kaciu-maistas\/?filters=kates-amzius[384]\" target=\"_blank\" rel=\"noopener\">sausas maistas jauniems ka\u010diukams<\/a> (nuo 4 savai\u010di\u0173 iki 12 m\u0117nesi\u0173 am\u017eiaus), kuris pagamintas i\u0161 nat\u016brali\u0173 ingredient\u0173, sveikai kasdienei mitybai.<\/h3>\n<ul>\n<li>Su probiotikais.<\/li>\n<li><a href=\"https:\/\/brit-petfood.com\/en\/company-profile\" target=\"_blank\" rel=\"noopener\">Be kvie\u010di\u0173, kukur\u016bz\u0173 ir soj\u0173.<\/a><\/li>\n<li type=\"disc\">Su vi\u0161tienos kepen\u0117li\u0173 pada\u017eu.<\/li>\n<li>Tinkamas n\u0117\u0161\u010dioms ar \u017eindan\u010dioms kat\u0117ms.<\/li>\n<li type=\"disc\">Su obuoli\u0173 mink\u0161timu &#8211; nat\u016braliu l\u0105stelienos \u0161altiniu.<\/li>\n<li type=\"disc\">Su rozmarinu, gvazdik\u0117liais, ciber\u017eole ir citrusiniais vaisiais &#8211; nat\u016braliais antioksidantais.<\/li>\n<\/ul>\n","protected":false},"excerpt":{"rendered":"<p>Brit Premium by Nature Kitten Chicken &#8211; visavertis sausas maistas jauniems ka\u010diukams (nuo 4 savai\u010di\u0173 iki 12 m\u0117nesi\u0173 am\u017eiaus), kuris pagamintas i\u0161 nat\u016brali\u0173 ingredient\u0173, sveikai kasdienei mitybai. Su probiotikais. Be kvie\u010di\u0173, kukur\u016bz\u0173 ir soj\u0173. Su vi\u0161tienos kepen\u0117li\u0173 pada\u017eu. Tinkamas n\u0117\u0161\u010dioms ar \u017eindan\u010dioms kat\u0117ms. Su obuoli\u0173 mink\u0161timu &#8211; nat\u016braliu l\u0105stelienos \u0161altiniu. Su rozmarinu, gvazdik\u0117liais, ciber\u017eole ir&#8230;<\/p>","protected":false},"featured_media":20558,"comment_status":"closed","ping_status":"closed","template":"","meta":{"_acf_changed":false,"slim_seo":{"title":"Brit Premium by Nature Kitten Chicken sausas maistas ka\u010diukams - Zooprekes24","description":"Brit Premium by Nature Kitten Chicken - visavertis sausas maistas jauniems ka\u010diukams (nuo 4 savai\u010di\u0173 iki 12 m\u0117nesi\u0173 am\u017eiaus), kuris pagamintas i\u0161 nat\u016brali\u0173 ingr"},"iawp_total_views":104},"product_brand":[],"product_cat":[9048,72,83,25,9016],"product_tag":[6075,1817,1675,1682,1696],"class_list":{"0":"post-24289","1":"product","2":"type-product","3":"status-publish","4":"has-post-thumbnail","6":"product_cat-brit-premium-kaciu-prekiu-gamintojai","7":"product_cat-kaciu-maistas","8":"product_cat-kaciu-prekiu-gamintojai","9":"product_cat-katems","10":"product_cat-sausas-maistas-kaciu-maistas","11":"product_tag-brit-sausas-maistas-nesciai-katei","12":"product_tag-edalas-katems","13":"product_tag-kaciu-edalas","14":"product_tag-kaciu-maistas-super-premium-klases","15":"product_tag-super-premium-maistas-katems","16":"pa_pasaro-sudetis-darzoves","17":"pa_pasaro-sudetis-kepeneles","18":"pa_pasaro-sudetis-lasisa","19":"pa_pasaro-sudetis-ryziai","20":"pa_pasaro-sudetis-vaisiai","21":"pa_pasaro-sudetis-vistiena","22":"pa_prekiu-zenklai-brit-premium","24":"first","25":"instock","26":"featured","27":"taxable","28":"shipping-taxable","29":"purchasable","30":"product-type-variable"},"acf":[],"_links":{"self":[{"href":"https:\/\/zooprekes24.lt\/lv\/wp-json\/wp\/v2\/product\/24289","targetHints":{"allow":["GET"]}}],"collection":[{"href":"https:\/\/zooprekes24.lt\/lv\/wp-json\/wp\/v2\/product"}],"about":[{"href":"https:\/\/zooprekes24.lt\/lv\/wp-json\/wp\/v2\/types\/product"}],"replies":[{"embeddable":true,"href":"https:\/\/zooprekes24.lt\/lv\/wp-json\/wp\/v2\/comments?post=24289"}],"wp:featuredmedia":[{"embeddable":true,"href":"https:\/\/zooprekes24.lt\/lv\/wp-json\/wp\/v2\/media\/20558"}],"wp:attachment":[{"href":"https:\/\/zooprekes24.lt\/lv\/wp-json\/wp\/v2\/media?parent=24289"}],"wp:term":[{"taxonomy":"product_brand","embeddable":true,"href":"https:\/\/zooprekes24.lt\/lv\/wp-json\/wp\/v2\/product_brand?post=24289"},{"taxonomy":"product_cat","embeddable":true,"href":"https:\/\/zooprekes24.lt\/lv\/wp-json\/wp\/v2\/product_cat?post=24289"},{"taxonomy":"product_tag","embeddable":true,"href":"https:\/\/zooprekes24.lt\/lv\/wp-json\/wp\/v2\/product_tag?post=24289"}],"curies":[{"name":"wp","href":"https:\/\/api.w.org\/{rel}","templated":true}]}}