{"id":24285,"date":"2024-04-19T13:32:13","date_gmt":"2024-04-19T10:32:13","guid":{"rendered":"https:\/\/zooprekes24.lt\/produktas\/brit-premium-by-nature-adult-salmon-cat\/"},"modified":"2024-07-04T16:17:16","modified_gmt":"2024-07-04T13:17:16","slug":"brit-premium-by-nature-pieauguso-lasu-kakis","status":"publish","type":"product","link":"https:\/\/zooprekes24.lt\/lv\/produktas\/brit-premium-by-nature-adult-salmon-cat\/","title":{"rendered":"Brit Premium by Nature pieaugu\u0161o ka\u0137u saus\u0101 bar\u012bba ar la\u0161iem"},"content":{"rendered":"<h3>Brit Premium by Nature Adult la\u0161i - visavertis <a href=\"https:\/\/zooprekes24.lt\/lv\/kategorija\/prekes-katems\/ciema-partika\/sausas-kaciu-maistas\/\" target=\"_blank\" rel=\"noopener\">saus\u0101 ka\u0137u bar\u012bba<\/a>no dab\u012bg\u0101m sast\u0101vda\u013c\u0101m vesel\u012bgam ikdienas uzturam.<\/h3>\n<ul>\n<li>Ar probiotik\u0101m.<\/li>\n<li><a href=\"https:\/\/brit-petfood.com\/en\/company-profile\" target=\"_blank\" rel=\"noopener\">Nesatur kvie\u0161us, kukur\u016bzu un soju.<\/a><\/li>\n<li type=\"disc\">Ar vistas aknu m\u0113rci.<\/li>\n<li type=\"disc\">Ar \u0101bolu m\u012bkstumu - dab\u012bgu \u0161\u0137iedrvielu avotu.<\/li>\n<li type=\"disc\">Ar rozmar\u012bnu, krustnagli\u0146\u0101m, kurkumu un citrusaug\u013ciem - dab\u012bgiem antioksidantiem.<\/li>\n<\/ul>","protected":false},"excerpt":{"rendered":"<p>Brit Premium by Nature Adult Salmon ir pilnv\u0113rt\u012bga saus\u0101 bar\u012bba ka\u0137iem, kas pagatavota no dab\u012bg\u0101m sast\u0101vda\u013c\u0101m, lai nodro\u0161in\u0101tu vesel\u012bgu ikdienas uzturu. Ar probiotik\u0101m. Nesatur kvie\u0161us, kukur\u016bzu un soju. Ar vistas aknu m\u0113rci. Ar \u0101bolu m\u012bkstumu, kas ir dab\u012bgs \u0161\u0137iedrvielu avots. Ar rozmar\u012bnu, krustnagli\u0146\u0101m, kurkumu un citrusaug\u013ciem k\u0101 dab\u012bgiem antioksidantiem.<\/p>","protected":false},"featured_media":20557,"comment_status":"closed","ping_status":"closed","template":"","meta":{"_acf_changed":false,"slim_seo":{"title":"Brit Premium by Nature Adult Salmon sausas maistas kat\u0117ms - Zooprekes24","description":"Brit Premium by Nature Adult Salmon - visavertis sausas maistas kat\u0117ms , kuris pagamintas i\u0161 nat\u016brali\u0173 ingredient\u0173, sveikai kasdienei mitybai. Su probiotikais."},"iawp_total_views":76},"product_brand":[],"product_cat":[9048,72,83,25,9016],"product_tag":[1817,1675,1682,1696],"class_list":{"0":"post-24285","1":"product","2":"type-product","3":"status-publish","4":"has-post-thumbnail","6":"product_cat-brit-premium-kaciu-prekiu-gamintojai","7":"product_cat-kaciu-maistas","8":"product_cat-kaciu-prekiu-gamintojai","9":"product_cat-katems","10":"product_cat-sausas-maistas-kaciu-maistas","11":"product_tag-edalas-katems","12":"product_tag-kaciu-edalas","13":"product_tag-kaciu-maistas-super-premium-klases","14":"product_tag-super-premium-maistas-katems","15":"pa_pasaro-sudetis-darzoves","16":"pa_pasaro-sudetis-kepeneles","17":"pa_pasaro-sudetis-lasisa","18":"pa_pasaro-sudetis-ryziai","19":"pa_pasaro-sudetis-vaisiai","20":"pa_pasaro-sudetis-zuvis","21":"pa_prekiu-zenklai-brit-premium","23":"first","24":"instock","25":"featured","26":"taxable","27":"shipping-taxable","28":"purchasable","29":"product-type-variable"},"acf":[],"_links":{"self":[{"href":"https:\/\/zooprekes24.lt\/lv\/wp-json\/wp\/v2\/product\/24285","targetHints":{"allow":["GET"]}}],"collection":[{"href":"https:\/\/zooprekes24.lt\/lv\/wp-json\/wp\/v2\/product"}],"about":[{"href":"https:\/\/zooprekes24.lt\/lv\/wp-json\/wp\/v2\/types\/product"}],"replies":[{"embeddable":true,"href":"https:\/\/zooprekes24.lt\/lv\/wp-json\/wp\/v2\/comments?post=24285"}],"wp:featuredmedia":[{"embeddable":true,"href":"https:\/\/zooprekes24.lt\/lv\/wp-json\/wp\/v2\/media\/20557"}],"wp:attachment":[{"href":"https:\/\/zooprekes24.lt\/lv\/wp-json\/wp\/v2\/media?parent=24285"}],"wp:term":[{"taxonomy":"product_brand","embeddable":true,"href":"https:\/\/zooprekes24.lt\/lv\/wp-json\/wp\/v2\/product_brand?post=24285"},{"taxonomy":"product_cat","embeddable":true,"href":"https:\/\/zooprekes24.lt\/lv\/wp-json\/wp\/v2\/product_cat?post=24285"},{"taxonomy":"product_tag","embeddable":true,"href":"https:\/\/zooprekes24.lt\/lv\/wp-json\/wp\/v2\/product_tag?post=24285"}],"curies":[{"name":"wp","href":"https:\/\/api.w.org\/{rel}","templated":true}]}}