{"id":24268,"date":"2024-04-19T13:32:02","date_gmt":"2024-04-19T10:32:02","guid":{"rendered":"https:\/\/zooprekes24.lt\/produktas\/profine-lamb-konservai-katems\/"},"modified":"2026-03-02T14:46:52","modified_gmt":"2026-03-02T12:46:52","slug":"profine-jera-galas-konservu-karbas-kakiem","status":"publish","type":"product","link":"https:\/\/zooprekes24.lt\/lv\/produktas\/profine-lamb-konservai-katems\/","title":{"rendered":"Profine J\u0113ra ga\u013cas konservi ka\u0137iem \u017eelej\u0101"},"content":{"rendered":"<h3>Profine Lamb ir lieliskas gar\u0161as, sabalans\u0113ta mitr\u0101 ka\u0137u bar\u012bba maisi\u0146\u0101 pieaugu\u0161\u0101m steriliz\u0113t\u0101m ka\u0137en\u0113m no 1 gada vecuma. Lieliska izv\u0113le vesel\u012bgam J\u016bsu m\u012blu\u013ca uzturam.<\/h3>\n<ul>\n<li>Ne\u017e\u0113l\u012bgs.<\/li>\n<li>Zems tauku un kaloriju saturs.<\/li>\n<li><span style=\"vertical-align: inherit;\"><span style=\"vertical-align: inherit;\"><span style=\"vertical-align: inherit;\"><span style=\"vertical-align: inherit;\">Piel\u0101gots pieaugu\u0161ajiem <\/span><\/span><\/span><\/span><a href=\"https:\/\/zooprekes24.lt\/lv\/kategorija\/prekes-katems\/\" target=\"_blank\" rel=\"noopener\"><span style=\"vertical-align: inherit;\"><span style=\"vertical-align: inherit;\"><span style=\"vertical-align: inherit;\"><span style=\"vertical-align: inherit;\">ka\u0137iem<\/span><\/span><\/span><\/span><\/a><span style=\"vertical-align: inherit;\"><span style=\"vertical-align: inherit;\"><span style=\"vertical-align: inherit;\"><span style=\"vertical-align: inherit;\">.<\/span><\/span><\/span><\/span><\/li>\n<li><a href=\"https:\/\/www.profinepet.com\" target=\"_blank\" rel=\"noopener\"><span style=\"vertical-align: inherit;\">Konserv\u0113\u0161an\u0101 neizmanto<\/span> konservantiem vai \u0122MO.<\/a><\/li>\n<li>\u017d\u0101v\u0113tu gar\u0161augu (melisas, kumel\u012b\u0161u, ka\u0137um\u0113tras) formula pilnv\u0113rt\u012bgai un mier\u012bgai j\u016bsu m\u0101jdz\u012bvnieka dz\u012bvei.<\/li>\n<\/ul>","protected":false},"excerpt":{"rendered":"<p>Profine Lamb &#8211; puikaus skonio, subalansuotas \u0161lapias ka\u010di\u0173 pa\u0161aras mai\u0161elyje, skirtas suaugusioms, sterilizuotoms kat\u0117ms nuo 1 met\u0173 am\u017eiaus. Puikus pasirinkimas sveikai J\u016bs\u0173 augintinio mitybai. Begr\u016bd\u017eiai. Ma\u017eai riebal\u0173 ir kalorij\u0173. Pritaikyti suaugusioms kat\u0117ms. Konservuose n\u0117ra naudojami konservantai ar GMO. D\u017eiovint\u0173 \u017eoleli\u0173 formule (melisa, ramun\u0117l\u0117mis, kat\u017eol\u0117) pilnaverti\u0161kam ir ramiam augintinio gyvenimui.<\/p>","protected":false},"featured_media":20552,"comment_status":"closed","ping_status":"closed","template":"","meta":{"_acf_changed":false,"slim_seo":{"title":"Profine Lamb konservai kat\u0117ms drebu\u010diuose - Zooprekes24","description":"Profine Lamb ir lieliskas gar\u0161as, sabalans\u0113ta mitr\u0101 ka\u0137u bar\u012bba maisi\u0146\u0101 pieaugu\u0161\u0101m steriliz\u0113t\u0101m ka\u0137en\u0113m no 1 gada vecuma. Lieliska izv\u0113le"},"iawp_total_views":66},"product_brand":[],"product_cat":[9027,72,83,25,9058,9020],"product_tag":[1817,1675],"class_list":{"0":"post-24268","1":"product","2":"type-product","3":"status-publish","4":"has-post-thumbnail","6":"product_cat-begrudis-maistas-kaciu-maistas","7":"product_cat-kaciu-maistas","8":"product_cat-kaciu-prekiu-gamintojai","9":"product_cat-katems","10":"product_cat-profine-katems","11":"product_cat-slapias-maistas-kaciu-maistas","12":"product_tag-edalas-katems","13":"product_tag-kaciu-edalas","14":"pa_pasaro-sudetis-eriena","15":"pa_pasaro-sudetis-katzole","16":"pa_pasaro-sudetis-kepeneles","17":"pa_pasaro-sudetis-vistiena","18":"pa_prekiu-zenklai-profine","20":"first","21":"instock","22":"featured","23":"taxable","24":"shipping-taxable","25":"purchasable","26":"product-type-variable"},"acf":[],"_links":{"self":[{"href":"https:\/\/zooprekes24.lt\/lv\/wp-json\/wp\/v2\/product\/24268","targetHints":{"allow":["GET"]}}],"collection":[{"href":"https:\/\/zooprekes24.lt\/lv\/wp-json\/wp\/v2\/product"}],"about":[{"href":"https:\/\/zooprekes24.lt\/lv\/wp-json\/wp\/v2\/types\/product"}],"replies":[{"embeddable":true,"href":"https:\/\/zooprekes24.lt\/lv\/wp-json\/wp\/v2\/comments?post=24268"}],"wp:featuredmedia":[{"embeddable":true,"href":"https:\/\/zooprekes24.lt\/lv\/wp-json\/wp\/v2\/media\/20552"}],"wp:attachment":[{"href":"https:\/\/zooprekes24.lt\/lv\/wp-json\/wp\/v2\/media?parent=24268"}],"wp:term":[{"taxonomy":"product_brand","embeddable":true,"href":"https:\/\/zooprekes24.lt\/lv\/wp-json\/wp\/v2\/product_brand?post=24268"},{"taxonomy":"product_cat","embeddable":true,"href":"https:\/\/zooprekes24.lt\/lv\/wp-json\/wp\/v2\/product_cat?post=24268"},{"taxonomy":"product_tag","embeddable":true,"href":"https:\/\/zooprekes24.lt\/lv\/wp-json\/wp\/v2\/product_tag?post=24268"}],"curies":[{"name":"wp","href":"https:\/\/api.w.org\/{rel}","templated":true}]}}