{"id":24241,"date":"2024-04-19T13:31:53","date_gmt":"2024-04-19T10:31:53","guid":{"rendered":"https:\/\/zooprekes24.lt\/produktas\/brit-care-mini-puppy-lamb-konservai\/"},"modified":"2024-06-25T16:10:21","modified_gmt":"2024-06-25T13:10:21","slug":"brit-care-mini-kucenu-jera-galas-konservu-bariba","status":"publish","type":"product","link":"https:\/\/zooprekes24.lt\/lv\/produktas\/brit-care-mini-puppy-lamb-konservai\/","title":{"rendered":"Brit Care Mini Puppy Lamb konservas kuc\u0113niem"},"content":{"rendered":"<h3><span style=\"vertical-align: inherit;\"><span style=\"vertical-align: inherit;\"><span style=\"vertical-align: inherit;\"><span style=\"vertical-align: inherit;\">Brit Care Mini Puppy Lamb konservai &#8211; <\/span><\/span><\/span><\/span>tai subalansuotas \u0161lapias pa\u0161aras mai\u0161elyje, skirtas \u0161uniukams iki 1 met\u0173 am\u017eiaus.<\/h3>\n<ul>\n<li>Itin skanus.<\/li>\n<li>Labiausiai tinka i\u0161rankiems, <a href=\"https:\/\/zooprekes24.lt\/kategorija\/prekes-sunims\/?filters=veisles-dydis[238]\" target=\"_blank\" rel=\"noopener\">ma\u017e\u0173 veisli\u0173 \u0161uniukams<\/a>.<\/li>\n<li type=\"disc\">Praturtintas geram vir\u0161kinimui skirtais prebiotikais.<\/li>\n<li type=\"disc\">Sud\u0117tyje yra rozmarin\u0173, ciber\u017eoli\u0173, gvazdik\u0117li\u0173, citrusini\u0173 vaisi\u0173 ir m\u0117lyni\u0173.<\/li>\n<li><a href=\"https:\/\/www.youtube.com\/watch?v=CkPCkshrjQI\" target=\"_blank\" rel=\"noopener\">Brit Care Mini<\/a> konservai pagardinti \u0117rienos gabaliukais \u0161velniame pada\u017ee.<\/li>\n<\/ul>\n","protected":false},"excerpt":{"rendered":"<p>Brit Care Mini Puppy Lamb Canned ir sabalans\u0113ta mitr\u0101 bar\u012bba maisi\u0146\u0101 kuc\u0113niem l\u012bdz 1 gada vecumam. \u013boti gar\u0161\u012bga. Vispiem\u0113rot\u0101k\u0101 izv\u0113l\u012bgiem, mazu \u0161\u0137ir\u0146u kuc\u0113niem. Bag\u0101tin\u0101ta ar prebiotik\u0101m labai gremo\u0161anai. Satur rozmar\u012bnu, kurkumu, krustnagli\u0146as, citrusaug\u013cus un mellenes. Brit Care Mini konservi kuc\u0113niem ir aromatiz\u0113ti ar j\u0113ra ga\u013cas gabali\u0146iem maig\u0101 m\u0113rc\u0113.<\/p>","protected":false},"featured_media":27729,"comment_status":"closed","ping_status":"closed","template":"","meta":{"_acf_changed":false,"slim_seo":{"title":"Brit Care Mini Puppy Lamb konservai \u0161uniukams - Zooprekes24","description":"Brit Care Mini Puppy Lamb Canned ir sabalans\u0113ta mitr\u0101 bar\u012bba maisi\u0146\u0101 kuc\u0113niem l\u012bdz 1 gada vecumam. \u013boti gar\u0161\u012bga. Vispiem\u0113rot\u0101k\u0101 izv\u0113l\u012bgiem \u0113d\u0101jiem"},"iawp_total_views":110},"product_brand":[],"product_cat":[9029,9004,8999,29,31],"product_tag":[1257,418],"class_list":{"0":"post-24241","1":"product","2":"type-product","3":"status-publish","4":"has-post-thumbnail","6":"product_cat-brit-care","7":"product_cat-slapias-maistas","8":"product_cat-sunims","9":"product_cat-sunu-maistas","10":"product_cat-sunu-prekiu-gamintojai","11":"product_tag-brit-konservai-sunims-maiselyje","12":"product_tag-konservuotas-maistas-sunims","13":"pa_pasaro-sudetis-eriena","14":"pa_pasaro-sudetis-uogos","15":"pa_pasaro-sudetis-vaisiai","16":"pa_prekiu-zenklai-brit-care","17":"pa_suns-amzius-jauniems","18":"pa_veisles-dydis-mazoms-veislems","20":"first","21":"instock","22":"featured","23":"taxable","24":"shipping-taxable","25":"purchasable","26":"product-type-variable"},"acf":[],"_links":{"self":[{"href":"https:\/\/zooprekes24.lt\/lv\/wp-json\/wp\/v2\/product\/24241","targetHints":{"allow":["GET"]}}],"collection":[{"href":"https:\/\/zooprekes24.lt\/lv\/wp-json\/wp\/v2\/product"}],"about":[{"href":"https:\/\/zooprekes24.lt\/lv\/wp-json\/wp\/v2\/types\/product"}],"replies":[{"embeddable":true,"href":"https:\/\/zooprekes24.lt\/lv\/wp-json\/wp\/v2\/comments?post=24241"}],"wp:featuredmedia":[{"embeddable":true,"href":"https:\/\/zooprekes24.lt\/lv\/wp-json\/wp\/v2\/media\/27729"}],"wp:attachment":[{"href":"https:\/\/zooprekes24.lt\/lv\/wp-json\/wp\/v2\/media?parent=24241"}],"wp:term":[{"taxonomy":"product_brand","embeddable":true,"href":"https:\/\/zooprekes24.lt\/lv\/wp-json\/wp\/v2\/product_brand?post=24241"},{"taxonomy":"product_cat","embeddable":true,"href":"https:\/\/zooprekes24.lt\/lv\/wp-json\/wp\/v2\/product_cat?post=24241"},{"taxonomy":"product_tag","embeddable":true,"href":"https:\/\/zooprekes24.lt\/lv\/wp-json\/wp\/v2\/product_tag?post=24241"}],"curies":[{"name":"wp","href":"https:\/\/api.w.org\/{rel}","templated":true}]}}