{"id":24232,"date":"2024-04-19T13:31:43","date_gmt":"2024-04-19T10:31:43","guid":{"rendered":"https:\/\/zooprekes24.lt\/produktas\/brit-care-mini-lamb-konservai\/"},"modified":"2024-06-25T15:54:31","modified_gmt":"2024-06-25T12:54:31","slug":"brit-care-mini-jera-galas-konservi","status":"publish","type":"product","link":"https:\/\/zooprekes24.lt\/lv\/produktas\/brit-care-mini-lamb-konservai\/","title":{"rendered":"Brit Care Mini Lamb konservas su\u0146iem"},"content":{"rendered":"<h3>Brit Care Mini Lamb konservai &#8211; tai subalansuotas \u0161lapias \u0161un\u0173 pa\u0161aras mai\u0161elyje, skirtas suaugusiems \u0161unims nuo 1 met\u0173 am\u017eiaus.<\/h3>\n<ul>\n<li>Itin skanus.<\/li>\n<li>Labiausiai tinka i\u0161rankiems, <a href=\"https:\/\/zooprekes24.lt\/kategorija\/prekes-sunims\/?filters=veisles-dydis[238]\" target=\"_blank\" rel=\"noopener\">ma\u017e\u0173 veisli\u0173 \u0161unims<\/a>.<\/li>\n<li type=\"disc\">Praturtintas geram vir\u0161kinimui skirtais prebiotikais.<\/li>\n<li type=\"disc\">Sud\u0117tyje yra rozmarin\u0173, ciber\u017eoli\u0173, gvazdik\u0117li\u0173, citrusini\u0173 vaisi\u0173 ir m\u0117lyni\u0173.<\/li>\n<li><a href=\"https:\/\/www.youtube.com\/watch?v=CkPCkshrjQI\" target=\"_blank\" rel=\"noopener\">Brit Care Mini<\/a> konservai pagardinti \u0117rienos gabaliukais \u0161velniame pada\u017ee.<\/li>\n<\/ul>\n","protected":false},"excerpt":{"rendered":"<p>Brit Care Mini Lamb Canned ir sabalans\u0113ta mitr\u0101 bar\u012bba maisi\u0146\u0101 pieaugu\u0161iem su\u0146iem no 1 gada vecuma. \u013boti gar\u0161\u012bgs. Vispiem\u0113rot\u0101k\u0101 izv\u0113l\u012bgiem mazo \u0161\u0137ir\u0146u su\u0146iem. Bag\u0101tin\u0101ta ar prebiotik\u0101m labai gremo\u0161anai. Satur rozmar\u012bnu, kurkumu, krustnagli\u0146as, citrusaug\u013cus un mellenes. Brit Care Mini Canned ir aromatiz\u0113ts ar j\u0113ra ga\u013cas gabali\u0146iem maig\u0101 m\u0113rc\u0113.<\/p>","protected":false},"featured_media":27726,"comment_status":"closed","ping_status":"closed","template":"","meta":{"_acf_changed":false,"slim_seo":{"title":"Brit Care Mini Lamb konservai \u0161unims - Zooprekes24","description":"Brit Care Mini Lamb konservai - tai subalansuotas \u0161lapias \u0161un\u0173 pa\u0161aras mai\u0161elyje, skirtas suaugusiems \u0161unims nuo 1 met\u0173 am\u017eiaus. Itin skanus. Labiausiai tinka i"},"iawp_total_views":45},"product_brand":[],"product_cat":[9029,9004,8999,29,31],"product_tag":[1257,418],"class_list":{"0":"post-24232","1":"product","2":"type-product","3":"status-publish","4":"has-post-thumbnail","6":"product_cat-brit-care","7":"product_cat-slapias-maistas","8":"product_cat-sunims","9":"product_cat-sunu-maistas","10":"product_cat-sunu-prekiu-gamintojai","11":"product_tag-brit-konservai-sunims-maiselyje","12":"product_tag-konservuotas-maistas-sunims","13":"pa_pasaro-sudetis-eriena","14":"pa_pasaro-sudetis-uogos","15":"pa_pasaro-sudetis-vaisiai","16":"pa_prekiu-zenklai-brit-care","17":"pa_suns-amzius-suaugusiems","18":"pa_veisles-dydis-mazoms-veislems","20":"first","21":"instock","22":"featured","23":"taxable","24":"shipping-taxable","25":"purchasable","26":"product-type-variable"},"acf":[],"_links":{"self":[{"href":"https:\/\/zooprekes24.lt\/lv\/wp-json\/wp\/v2\/product\/24232","targetHints":{"allow":["GET"]}}],"collection":[{"href":"https:\/\/zooprekes24.lt\/lv\/wp-json\/wp\/v2\/product"}],"about":[{"href":"https:\/\/zooprekes24.lt\/lv\/wp-json\/wp\/v2\/types\/product"}],"replies":[{"embeddable":true,"href":"https:\/\/zooprekes24.lt\/lv\/wp-json\/wp\/v2\/comments?post=24232"}],"wp:featuredmedia":[{"embeddable":true,"href":"https:\/\/zooprekes24.lt\/lv\/wp-json\/wp\/v2\/media\/27726"}],"wp:attachment":[{"href":"https:\/\/zooprekes24.lt\/lv\/wp-json\/wp\/v2\/media?parent=24232"}],"wp:term":[{"taxonomy":"product_brand","embeddable":true,"href":"https:\/\/zooprekes24.lt\/lv\/wp-json\/wp\/v2\/product_brand?post=24232"},{"taxonomy":"product_cat","embeddable":true,"href":"https:\/\/zooprekes24.lt\/lv\/wp-json\/wp\/v2\/product_cat?post=24232"},{"taxonomy":"product_tag","embeddable":true,"href":"https:\/\/zooprekes24.lt\/lv\/wp-json\/wp\/v2\/product_tag?post=24232"}],"curies":[{"name":"wp","href":"https:\/\/api.w.org\/{rel}","templated":true}]}}