{"id":24222,"date":"2024-04-19T13:31:43","date_gmt":"2024-04-19T10:31:43","guid":{"rendered":"https:\/\/zooprekes24.lt\/produktas\/brit-care-sterilized-immunity-support\/"},"modified":"2024-06-27T13:59:49","modified_gmt":"2024-06-27T10:59:49","slug":"brit-care-sterilizets-imunitates-atbalsts","status":"publish","type":"product","link":"https:\/\/zooprekes24.lt\/lv\/produktas\/brit-care-sterilized-immunity-support\/","title":{"rendered":"Brit Care Steriliz\u0113ta saus\u0101 ka\u0137u bar\u012bba Immunity Support"},"content":{"rendered":"<h3>Brit Care Sterilized Immunity Support - sausa ka\u0137u bar\u012bba ar hipoaler\u0123isku bar\u012bbu, <a href=\"https:\/\/www.youtube.com\/watch?v=cYtKN_XLHH0\" target=\"_blank\" rel=\"noopener\">hipokampa sast\u0101vs<\/a>T\u0101 sast\u0101v\u0101 ir aug\u013ci, d\u0101rze\u0146i un gar\u0161augi, kas bag\u0101ti ar dab\u012bgiem antioksidantiem un vitam\u012bniem, kuri pal\u012bdz uztur\u0113t sp\u0113c\u012bgu im\u016bnsist\u0113mu, un probiotikas, kas pal\u012bdz nodro\u0161in\u0101t optim\u0101lu gremo\u0161anas sist\u0113mu.<\/h3>\n<ul>\n<li>Smilts\u0113rk\u0161\u0137i un pienene pal\u012bdz uztur\u0113t nieru un ur\u012bnce\u013cu vesel\u012bbu.<\/li>\n<li type=\"disc\">Probiotikas un prebiotikas pal\u012bdz uztur\u0113t vesel\u012bgu zarnu un im\u016bnsist\u0113mu.<\/li>\n<li type=\"disc\">Brit Care Steriliz\u0113ts Imunit\u0101tes atbalsts - bez graudaugiem, kr\u0101sviel\u0101m, konservantiem, \u0122MO un sojas.<\/li>\n<li>Augsts olbaltumvielu saturs ar c\u016bkga\u013cu ir viegli sagremojams un pal\u012bdz uzlabot imunit\u0101ti.<\/li>\n<li>Zems magnija un l-metion\u012bna saturs nodro\u0161ina optim\u0101lu pH 6,0-6,5.<a href=\"https:\/\/zooprekes24.lt\/lv\/?s=sterilizuotoms&amp;post_type=product&amp;product_cat=0\" target=\"_blank\" rel=\"noopener\"> ur\u012bnce\u013cu infekciju un oksal\u0101tu akme\u0146u profilakse.<\/a><\/li>\n<\/ul>","protected":false},"excerpt":{"rendered":"<p>Brit Care Sterilized Immunity Support &#8211; sausas maistas kat\u0117ms su hipoalergin\u0117, begr\u016bde sud\u0117timi, skirta imuniteto stiprinimui: joje yra vaisi\u0173, dar\u017eovi\u0173 ir \u017eoleli\u0173, kuriuose gausu nat\u016brali\u0173 antioksidant\u0173 ir vitamin\u0173, kurie padeda palaikyti stipri\u0105 imunin\u0119 sistem\u0105, ir probiotik\u0173, padedan\u010di\u0173 u\u017etikrinti optimali\u0105 vir\u0161kinimo sistemos sveikat\u0105. \u0160altalankiai ir kiaulpien\u0117s padeda palaikyti inkst\u0173 ir \u0161lapimo tak\u0173 sveikat\u0105. Probiotikai ir Prebiotikai&#8230;<\/p>","protected":false},"featured_media":27822,"comment_status":"closed","ping_status":"closed","template":"","meta":{"_acf_changed":false,"slim_seo":{"title":"Brit Care Sterilized Immunity Support sausas maistas kat\u0117ms - Zooprekes24","description":"Brit Care Sterilized Immunity Support ir sausa ka\u0137u bar\u012bba ar hipoaler\u0123isku, bez graudaugu formulu imunit\u0101tes atbalstam: t\u0101 satur aug\u013cus, d\u0101rze\u0146us un gar\u0161augus."},"iawp_total_views":274},"product_brand":[],"product_cat":[9027,9047,72,83,25,9016],"product_tag":[1671,1845,1926,1817,1675,1682,1850,1928,1696],"class_list":{"0":"post-24222","1":"product","2":"type-product","3":"status-publish","4":"has-post-thumbnail","6":"product_cat-begrudis-maistas-kaciu-maistas","7":"product_cat-brit-care-kaciu-prekiu-gamintojai","8":"product_cat-kaciu-maistas","9":"product_cat-kaciu-prekiu-gamintojai","10":"product_cat-katems","11":"product_cat-sausas-maistas-kaciu-maistas","12":"product_tag-begrudis-kaciu-maistas","13":"product_tag-brit-care-sterilizuotoms-katems","14":"product_tag-brit-sterilizuotiems","15":"product_tag-edalas-katems","16":"product_tag-kaciu-edalas","17":"product_tag-kaciu-maistas-super-premium-klases","18":"product_tag-kates-slapimo-takams","19":"product_tag-maistas-sterilizuotai-katei","20":"product_tag-super-premium-maistas-katems","21":"pa_pasaro-sudetis-darzoves","22":"pa_pasaro-sudetis-kiauliena","23":"pa_pasaro-sudetis-vaisiai","24":"pa_prekiu-zenklai-brit-care","26":"first","27":"instock","28":"featured","29":"taxable","30":"shipping-taxable","31":"purchasable","32":"product-type-variable"},"acf":[],"_links":{"self":[{"href":"https:\/\/zooprekes24.lt\/lv\/wp-json\/wp\/v2\/product\/24222","targetHints":{"allow":["GET"]}}],"collection":[{"href":"https:\/\/zooprekes24.lt\/lv\/wp-json\/wp\/v2\/product"}],"about":[{"href":"https:\/\/zooprekes24.lt\/lv\/wp-json\/wp\/v2\/types\/product"}],"replies":[{"embeddable":true,"href":"https:\/\/zooprekes24.lt\/lv\/wp-json\/wp\/v2\/comments?post=24222"}],"wp:featuredmedia":[{"embeddable":true,"href":"https:\/\/zooprekes24.lt\/lv\/wp-json\/wp\/v2\/media\/27822"}],"wp:attachment":[{"href":"https:\/\/zooprekes24.lt\/lv\/wp-json\/wp\/v2\/media?parent=24222"}],"wp:term":[{"taxonomy":"product_brand","embeddable":true,"href":"https:\/\/zooprekes24.lt\/lv\/wp-json\/wp\/v2\/product_brand?post=24222"},{"taxonomy":"product_cat","embeddable":true,"href":"https:\/\/zooprekes24.lt\/lv\/wp-json\/wp\/v2\/product_cat?post=24222"},{"taxonomy":"product_tag","embeddable":true,"href":"https:\/\/zooprekes24.lt\/lv\/wp-json\/wp\/v2\/product_tag?post=24222"}],"curies":[{"name":"wp","href":"https:\/\/api.w.org\/{rel}","templated":true}]}}