{"id":24218,"date":"2024-04-19T13:31:43","date_gmt":"2024-04-19T10:31:43","guid":{"rendered":"https:\/\/zooprekes24.lt\/produktas\/brit-care-kitten-gentle-digestion\/"},"modified":"2024-06-21T19:44:18","modified_gmt":"2024-06-21T16:44:18","slug":"brit-aprupe-kakens-maiga-gremosana","status":"publish","type":"product","link":"https:\/\/zooprekes24.lt\/lv\/produktas\/brit-care-kitten-gentle-digestion\/","title":{"rendered":"Brit Care Kitten Gentle Digestion &amp; Strong Immunity saus\u0101 bar\u012bba ka\u0137\u0113niem"},"content":{"rendered":"<h3>Brit Care Kitten Maiga gremo\u0161ana un sp\u0113c\u012bga imunit\u0101te - hipoaler\u0123isks, <a href=\"https:\/\/www.youtube.com\/watch?v=cYtKN_XLHH0\" target=\"_blank\" rel=\"noopener\">izsl\u0113gt mikrofonu<\/a>Viegli sagremojama formula ar la\u0161iem apmierina gr\u016bsnu un lakt\u0113jo\u0161u ka\u0137u ener\u0123\u0113tisk\u0101s vajadz\u012bbas un pal\u012bdz atbalst\u012bt ka\u0137\u0113nu att\u012bst\u012bbu. Uzturviel\u0101m bag\u0101t\u0101 formula ar probiotik\u0101m pal\u012bdz uztur\u0113t vesel\u012bgu gremo\u0161anu un sp\u0113c\u012bgu imunit\u0101ti.<\/h3>\n<ul>\n<li type=\"disc\">Liels olbaltumvielu daudzums pal\u012bdz uztur\u0113t musku\u013cu aug\u0161anu un att\u012bst\u012bbu.<\/li>\n<li>Svaigs lasis, kas bag\u0101ts ar omega-3 viel\u0101m, pal\u012bdz uztur\u0113t \u0101das un ka\u017eoka st\u0101vokli.<\/li>\n<li>Probiotikas un prebiotikas pal\u012bdz uztur\u0113t vesel\u012bgu <a href=\"https:\/\/zooprekes24.lt\/lv\/?s=kitten&amp;post_type=product&amp;product_cat=0\" target=\"_blank\" rel=\"noopener\">ka\u0137\u0113ns<\/a> zarnu un im\u016bnsist\u0113mu.<\/li>\n<li type=\"disc\">Brit Care Kitten Maiga gremo\u0161ana un sp\u0113c\u012bga imunit\u0101te - bez graudaugiem, kr\u0101sviel\u0101m, konservantiem, \u0122MO un sojas.<\/li>\n<li>Omega-3 DHA un EPA kop\u0101 ar taur\u012bnu veicina smadze\u0146u un acu att\u012bst\u012bbu un pal\u012bdz pa\u0101trin\u0101t kognit\u012bvo sp\u0113ju att\u012bst\u012bbu.<\/li>\n<\/ul>","protected":false},"excerpt":{"rendered":"<p>Brit Care Kitten Gentle Digestion &amp; Strong Immunity &#8211; hipoalergin\u0117, begr\u016bd\u0117, lengvai vir\u0161kinama sud\u0117tis su la\u0161i\u0161a patenkina n\u0117\u0161\u010di\u0173 ir \u017eindan\u010di\u0173 ka\u010di\u0173 energijos poreikius ir padeda palaikyti ka\u010diuk\u0173 vystym\u0105si. Gausi maistin\u0117mis med\u017eiagomis sud\u0117tis su probiotikais padeda palaikyti sveik\u0105 vir\u0161kinim\u0105 ir stipr\u0173 imunitet\u0105. Didelis baltym\u0173 kiekis padeda palaikyti raumen\u0173 augim\u0105 ir vystym\u0105si. \u0160vie\u017eia la\u0161i\u0161a, kurioje gausu omega-3&#8230;<\/p>","protected":false},"featured_media":27641,"comment_status":"closed","ping_status":"closed","template":"","meta":{"_acf_changed":false,"slim_seo":{"title":"Brit Care Kitten Gentle Digestion & Strong Immunity sausas maistas ka\u010diukams - Zooprekes24","description":"Brit Care Kitten Gentle Digestion &amp; Strong Immunity - hipoaler\u0123iska, bez graudaugiem, viegli sagremojama bar\u012bbas formula ar la\u0161iem, lai apmierin\u0101tu gr\u016bsnu un lakt\u0113jo\u0161u ka\u0137u ener\u0123ijas vajadz\u012bbas."},"iawp_total_views":270},"product_brand":[],"product_cat":[9027,9047,72,83,25,9016],"product_tag":[1671,1817,1675,1682,1696],"class_list":{"0":"post-24218","1":"product","2":"type-product","3":"status-publish","4":"has-post-thumbnail","6":"product_cat-begrudis-maistas-kaciu-maistas","7":"product_cat-brit-care-kaciu-prekiu-gamintojai","8":"product_cat-kaciu-maistas","9":"product_cat-kaciu-prekiu-gamintojai","10":"product_cat-katems","11":"product_cat-sausas-maistas-kaciu-maistas","12":"product_tag-begrudis-kaciu-maistas","13":"product_tag-edalas-katems","14":"product_tag-kaciu-edalas","15":"product_tag-kaciu-maistas-super-premium-klases","16":"product_tag-super-premium-maistas-katems","17":"pa_pasaro-sudetis-darzoves","18":"pa_pasaro-sudetis-lasisa","19":"pa_pasaro-sudetis-vaisiai","20":"pa_pasaro-sudetis-zuvis","21":"pa_prekiu-zenklai-brit-care","23":"first","24":"instock","25":"featured","26":"taxable","27":"shipping-taxable","28":"purchasable","29":"product-type-variable"},"acf":[],"_links":{"self":[{"href":"https:\/\/zooprekes24.lt\/lv\/wp-json\/wp\/v2\/product\/24218","targetHints":{"allow":["GET"]}}],"collection":[{"href":"https:\/\/zooprekes24.lt\/lv\/wp-json\/wp\/v2\/product"}],"about":[{"href":"https:\/\/zooprekes24.lt\/lv\/wp-json\/wp\/v2\/types\/product"}],"replies":[{"embeddable":true,"href":"https:\/\/zooprekes24.lt\/lv\/wp-json\/wp\/v2\/comments?post=24218"}],"wp:featuredmedia":[{"embeddable":true,"href":"https:\/\/zooprekes24.lt\/lv\/wp-json\/wp\/v2\/media\/27641"}],"wp:attachment":[{"href":"https:\/\/zooprekes24.lt\/lv\/wp-json\/wp\/v2\/media?parent=24218"}],"wp:term":[{"taxonomy":"product_brand","embeddable":true,"href":"https:\/\/zooprekes24.lt\/lv\/wp-json\/wp\/v2\/product_brand?post=24218"},{"taxonomy":"product_cat","embeddable":true,"href":"https:\/\/zooprekes24.lt\/lv\/wp-json\/wp\/v2\/product_cat?post=24218"},{"taxonomy":"product_tag","embeddable":true,"href":"https:\/\/zooprekes24.lt\/lv\/wp-json\/wp\/v2\/product_tag?post=24218"}],"curies":[{"name":"wp","href":"https:\/\/api.w.org\/{rel}","templated":true}]}}