{"id":24173,"date":"2024-04-19T13:31:08","date_gmt":"2024-04-19T10:31:08","guid":{"rendered":"https:\/\/zooprekes24.lt\/produktas\/coolpets-premium-vesinantis-kilimelis\/"},"modified":"2024-10-01T12:57:15","modified_gmt":"2024-10-01T09:57:15","slug":"coolpets-premium-uzmundrinoss-paklajs","status":"publish","type":"product","link":"https:\/\/zooprekes24.lt\/lv\/produktas\/coolpets-premium-vesinantis-kilimelis\/","title":{"rendered":"CoolPets Premium atv\u0113sino\u0161s pakl\u0101js m\u0101jdz\u012bvniekiem, zils"},"content":{"rendered":"<h3>CoolPets Premium dzes\u0113\u0161anas pakl\u0101ji\u0146\u0161 m\u0101jdz\u012bvniekiem - ide\u0101ls <a href=\"https:\/\/zooprekes24.lt\/lv\/?s=dovana&amp;post_type=product&amp;product_cat=0\" target=\"_blank\" rel=\"noopener noreferrer\">D\u0101vana<\/a>lai karst\u0101 vasaras dien\u0101 uzmundrin\u0101tu savu m\u012b\u013coto \u010detrk\u0101jaino draugu. Pakl\u0101ji\u0146\u0161 ir par aptuveni 10-15 gr\u0101diem v\u0113s\u0101ks par apk\u0101rt\u0113j\u0101s vides temperat\u016bru un darbojas aptuveni 3-4 stundas. Kad m\u0101jdz\u012bvnieks piece\u013cas, pakl\u0101ji\u0146\u0161 ir gatavs atk\u0101rtotai lieto\u0161anai aptuveni 30 sekun\u017eu laik\u0101!<\/h3>\n<ul>\n<li>\u00a0<strong>K\u0101p\u0113c izv\u0113l\u0113ties CoolPets Premium dzes\u0113\u0161anas pakl\u0101ji\u0146u?<\/strong><br \/>\n\u0160ie ir vien\u012bgie dzes\u0113\u0161anas pakl\u0101ji\u0146i tirg\u016b ar \u0161o unik\u0101lo gelu. \u0160is gels atv\u0113sina \u0101tr\u0101k un lab\u0101k nek\u0101 jebkur\u0161 cits standarta gels, ko izmanto \u0161\u0101dos izstr\u0101d\u0101jumos. Turkl\u0101t \u0161ie pakl\u0101ji\u0146i nodro\u0161ina daudz liel\u0101ku komfortu m\u0101jdz\u012bvniekam, jo vienm\u0113r\u012bgi izl\u012bdzina spiedienu. Izstr\u0101d\u0101juma svars nor\u0101da uz \u0161\u012b pakl\u0101ji\u0146a augsto kvalit\u0101ti.<\/li>\n<li><strong>iztur\u012bgs pret UV stariem un citiem laikapst\u0101k\u013ciem<\/strong><br \/>\nPateicoties augstas kvalit\u0101tes materi\u0101liem, varat b\u016bt dro\u0161i, ka \u0161is CoolPets Premium dzes\u0113\u0161anas pakl\u0101js kalpos daudzus gadus.<\/li>\n<li><strong>Nesl\u012bdo\u0161a apak\u0161\u0113j\u0101 puse<\/strong><br \/>\nTemperat\u016bras starp\u012bba var izrais\u012bt kondens\u0101ciju. Nesl\u012bdo\u0161s sl\u0101nis spilventi\u0146a apak\u0161pus\u0113 pal\u012bdz\u0113s to notur\u0113t viet\u0101.<\/li>\n<li><strong>Izstr\u0101d\u0101juma \u0101rpus\u0113 tiek izmantots biezs poliestera sl\u0101nis.<\/strong><br \/>\nCoolPets Premium dzes\u0113\u0161anas pakl\u0101ji\u0146\u0161 <a href=\"https:\/\/www.youtube.com\/watch?v=pmwofopes_k\" target=\"_blank\" rel=\"noopener\">30% biez\u0101ks \u0101r\u0113jais sl\u0101nis, kas padara to stipr\u0101ku un iztur\u012bg\u0101ku.<\/a>.<\/li>\n<li><strong>Lieli sasald\u0113\u0161anas gela daudzumi<\/strong><br \/>\nDzes\u0113\u0161anas pakl\u0101js satur l\u012bdz pat 20% vair\u0101k dzes\u0113jo\u0161\u0101 gela nek\u0101 l\u012bdz\u012bgi produkti. Tas atspogu\u013cojas izstr\u0101d\u0101juma svar\u0101. Turkl\u0101t pakl\u0101js atv\u0113sina daudz \u0101tr\u0101k un efekt\u012bv\u0101k nek\u0101 citi tirg\u016b pieejamie dzes\u0113\u0161anas pakl\u0101ji.<\/li>\n<li><strong>Dzes\u0113\u0161anas \u017eeleja vienm\u0113r paliek pareizaj\u0101 viet\u0101<\/strong><br \/>\nAtkar\u012bb\u0101 no izm\u0113riem \u0161ie dzes\u0113\u0161anas pakl\u0101ji ir sadal\u012bti 4 l\u012bdz 24 nodal\u012bjumos. T\u0101d\u0113j\u0101di g\u0113ls tiek vienm\u0113r\u012bgi sadal\u012bts. Tas nodro\u0161ina liel\u0101ku komfortu un lab\u0101ku dzes\u0113\u0161anas efektu. Aukstuma g\u0113ls paliek tur, kur tam j\u0101b\u016bt, un m\u0101jdz\u012bvnieks var baud\u012bt optim\u0101lu dzes\u0113\u0161anu un komfortu.<\/li>\n<li><strong>Viegla apkope<\/strong><br \/>\nPateicoties bl\u012bvajam poliestera sl\u0101nim, pakl\u0101ju ir \u013coti viegli t\u012br\u012bt ar dr\u0101nu.<\/li>\n<li><strong>Kompakts izm\u0113rs<\/strong><br \/>\nPateicoties nodal\u012bjumiem, pakl\u0101ji\u0146u ir viegli saloc\u012bt un p\u0101rn\u0113s\u0101t ce\u013c\u0101. Tas \u013cauj jums pied\u0101v\u0101t savam sunim v\u0113su atp\u016btas vietu, lai kurp j\u016bs dotos :)<\/li>\n<li><strong>CoolPets Premium dzes\u0113\u0161anas pakl\u0101js ir piem\u0113rots<\/strong> <strong>da\u017e\u0101diem m\u0101jdz\u012bvnieku izm\u0113riem<\/strong><br \/>\nS - 40 x 30 cm (0,82 kg),<br \/>\nM - 50 x 40 cm (1,40 kg),<br \/>\nL - 90 x 60 cm (3,21 kg),<br \/>\nXL - 120 x 75 cm (5,40 kg).<\/li>\n<\/ul>","protected":false},"excerpt":{"rendered":"<p>CoolPets Premium atv\u0113sino\u0161ais matracis m\u0101jdz\u012bvniekiem ir lieliska d\u0101vana, kas karst\u0101 vasaras dien\u0101 uzmundrin\u0101s j\u016bsu m\u012b\u013coto \u010detrk\u0101jaino draugu. Pakl\u0101ji\u0146\u0161 ir par aptuveni 10-15 gr\u0101diem v\u0113s\u0101ks par apk\u0101rt\u0113j\u0101s vides temperat\u016bru un darbojas aptuveni 3-4 stundas. Kad m\u0101jdz\u012bvnieks piece\u013cas, pakl\u0101ji\u0146\u0161 ir gatavs atk\u0101rtotai lieto\u0161anai aptuveni 30 sekun\u017eu laik\u0101!  K\u0101d\u0113\u013c CoolPets Premium atv\u0113sino\u0161ais pakl\u0101js ir pareiz\u0101 izv\u0113le? Tas ir vien\u012bgais tirg\u016b...<\/p>","protected":false},"featured_media":29314,"comment_status":"closed","ping_status":"closed","template":"","meta":{"_acf_changed":false,"slim_seo":{"title":"CoolPets Premium v\u0117sinantis kilim\u0117lis augintiniui, m\u0117lynas - Zooprekes24","description":"CoolPets Premium atv\u0113sino\u0161ais matracis m\u0101jdz\u012bvniekiem ir lieliska d\u0101vana, kas karst\u0101 vasaras dien\u0101 uzmundrin\u0101s j\u016bsu m\u012b\u013coto \u010detrk\u0101jaino draugu. Pakl\u0101ji\u0146\u0161 ir"},"iawp_total_views":198},"product_brand":[],"product_cat":[9056,9078,32,8999,31],"product_tag":[5924,5926],"class_list":{"0":"post-24173","1":"product","2":"type-product","3":"status-publish","4":"has-post-thumbnail","6":"product_cat-coolpets","7":"product_cat-guoliai-patiesimai-transportavimo-priemones-sunims","8":"product_cat-kitos-sunu-prekes","9":"product_cat-sunims","10":"product_cat-sunu-prekiu-gamintojai","11":"product_tag-saldantis-kilimelis-sunims","12":"product_tag-vesinantis-kilimelis-sunims","13":"pa_prekiu-zenklai-coolpets","14":"pa_suns-amzius-jauniems","15":"pa_suns-amzius-senjorams","16":"pa_suns-amzius-suaugusiems","17":"pa_suns-amzius-visiems-amziams","18":"pa_veisles-dydis-didelems-veislems","19":"pa_veisles-dydis-mazoms-veislems","20":"pa_veisles-dydis-vidutinems-veislems","21":"pa_veisles-dydis-visu-dydziu-veislems","23":"first","24":"instock","25":"featured","26":"taxable","27":"shipping-taxable","28":"purchasable","29":"product-type-variable"},"acf":[],"_links":{"self":[{"href":"https:\/\/zooprekes24.lt\/lv\/wp-json\/wp\/v2\/product\/24173","targetHints":{"allow":["GET"]}}],"collection":[{"href":"https:\/\/zooprekes24.lt\/lv\/wp-json\/wp\/v2\/product"}],"about":[{"href":"https:\/\/zooprekes24.lt\/lv\/wp-json\/wp\/v2\/types\/product"}],"replies":[{"embeddable":true,"href":"https:\/\/zooprekes24.lt\/lv\/wp-json\/wp\/v2\/comments?post=24173"}],"wp:featuredmedia":[{"embeddable":true,"href":"https:\/\/zooprekes24.lt\/lv\/wp-json\/wp\/v2\/media\/29314"}],"wp:attachment":[{"href":"https:\/\/zooprekes24.lt\/lv\/wp-json\/wp\/v2\/media?parent=24173"}],"wp:term":[{"taxonomy":"product_brand","embeddable":true,"href":"https:\/\/zooprekes24.lt\/lv\/wp-json\/wp\/v2\/product_brand?post=24173"},{"taxonomy":"product_cat","embeddable":true,"href":"https:\/\/zooprekes24.lt\/lv\/wp-json\/wp\/v2\/product_cat?post=24173"},{"taxonomy":"product_tag","embeddable":true,"href":"https:\/\/zooprekes24.lt\/lv\/wp-json\/wp\/v2\/product_tag?post=24173"}],"curies":[{"name":"wp","href":"https:\/\/api.w.org\/{rel}","templated":true}]}}