{"id":24170,"date":"2024-04-19T13:31:08","date_gmt":"2024-04-19T10:31:08","guid":{"rendered":"https:\/\/zooprekes24.lt\/produktas\/fitmin-dangtelis-konservams-skardinese\/"},"modified":"2025-07-29T11:06:55","modified_gmt":"2025-07-29T09:06:55","slug":"fitmin-dangtelis-konservu-skardinems-uzdaryti-1vnt","status":"publish","type":"product","link":"https:\/\/zooprekes24.lt\/lv\/produktas\/fitmin-dangtelis-konservu-skardinems-uzdaryti-1vnt\/","title":{"rendered":"Fitmin dangtelis konserv\u0173 skardin\u0117ms u\u017edaryti, 1 vnt"},"content":{"rendered":"<h3>Fitmin dangtelis konservams pad\u0117s u\u017edaryti <a href=\"https:\/\/zooprekes24.lt\/kategorija\/prekes-sunims\/sunu-maistas\/slapias-maistas-sunims\/?filters=prekiu-zenklai[7105-7103]\" target=\"_blank\" rel=\"noopener\">\u0161lapio \u0117dalo<\/a> skardin\u0119, i\u0161saugant produkto \u0161vie\u017eum\u0105 bei gard\u0173 skon\u012f.<\/h3>\n<ul>\n<li>Pagamintas i\u0161 lankstaus plastiko.<\/li>\n<li>Dangtel\u012f galima plauti indaplov\u0117je.<\/li>\n<li>I\u0161saugo konserv\u0173 \u0161vie\u017eum\u0105 ir gard\u0173 skon\u012f.<\/li>\n<li>Neleid\u017eia sklisti konserv\u0173 kvapui J\u016bs\u0173 \u0161aldytuve.<\/li>\n<li>Apa\u010dioje atrinkome konserv\u0173 linijas, tinkamas naudoti su dangteliu :)<\/li>\n<li>74mm skersmens dangtelis tinkamas 400g skardin\u0117ms (i\u0161orinis skersmuo 76mm)<\/li>\n<li>103mm skersmens dangtelis tinkamas 800g skardin\u0117ms (i\u0161orinis skersmuo 105mm).<\/li>\n<li>Rekomenduojamas naudoti <a href=\"https:\/\/www.fitmin.cz\" target=\"_blank\" rel=\"noopener\">Fitmin<\/a> produkcijos 400g \/ 415g (ka\u010di\u0173) \/ 800g \u00a0skardini\u0173 konservams.<\/li>\n<\/ul>\n","protected":false},"excerpt":{"rendered":"<p>Fitmin dangtelis konservams pad\u0117s u\u017edaryti \u0161lapio \u0117dalo skardin\u0119, i\u0161saugant produkto \u0161vie\u017eum\u0105 bei gard\u0173 skon\u012f. Pagamintas i\u0161 lankstaus plastiko. Dangtel\u012f galima plauti indaplov\u0117je. I\u0161saugo konserv\u0173 \u0161vie\u017eum\u0105 ir gard\u0173 skon\u012f. Neleid\u017eia sklisti konserv\u0173 kvapui J\u016bs\u0173 \u0161aldytuve. Apa\u010dioje atrinkome konserv\u0173 linijas, tinkamas naudoti su dangteliu :) 74mm skersmens dangtelis tinkamas 400g skardin\u0117ms (i\u0161orinis skersmuo 76mm) 103mm skersmens dangtelis&#8230;<\/p>","protected":false},"featured_media":20525,"comment_status":"closed","ping_status":"closed","template":"","meta":{"_acf_changed":false,"slim_seo":{"title":"Fitmin dangtelis konserv\u0173 skardin\u0117ms u\u017edaryti, 1 vnt - Zooprekes24","description":"Fitmin konservu k\u0101rbas v\u0101ci\u0146\u0161 pal\u012bdz aizv\u0113rt mitras p\u0101rtikas konservu k\u0101rbu, saglab\u0101jot produkta svaigumu un gar\u0161u. Izgatavots no elast\u012bgas plastmasas. V\u0101ku var"},"iawp_total_views":250},"product_brand":[],"product_cat":[9042,9043,83,25,9221,9225,104,32,9004,9020,8999,31],"product_tag":[],"class_list":{"0":"post-24170","1":"product","2":"type-product","3":"status-publish","4":"has-post-thumbnail","6":"product_cat-fitmin-for-life-katems","7":"product_cat-fitmin-for-life-sunims","8":"product_cat-kaciu-prekiu-gamintojai","9":"product_cat-katems","10":"product_cat-kelioniu-ir-isvyku-prekes-sunims","11":"product_cat-kelioniu-ir-isvyku-prekes-katems","12":"product_cat-kitos-kaciu-prekes","13":"product_cat-kitos-sunu-prekes","14":"product_cat-slapias-maistas","15":"product_cat-slapias-maistas-kaciu-maistas","16":"product_cat-sunims","17":"product_cat-sunu-prekiu-gamintojai","18":"pa_prekiu-zenklai-fitmin-for-life","20":"first","21":"instock","22":"featured","23":"taxable","24":"shipping-taxable","25":"purchasable","26":"product-type-variable","27":"has-default-attributes"},"acf":[],"_links":{"self":[{"href":"https:\/\/zooprekes24.lt\/lv\/wp-json\/wp\/v2\/product\/24170","targetHints":{"allow":["GET"]}}],"collection":[{"href":"https:\/\/zooprekes24.lt\/lv\/wp-json\/wp\/v2\/product"}],"about":[{"href":"https:\/\/zooprekes24.lt\/lv\/wp-json\/wp\/v2\/types\/product"}],"replies":[{"embeddable":true,"href":"https:\/\/zooprekes24.lt\/lv\/wp-json\/wp\/v2\/comments?post=24170"}],"wp:featuredmedia":[{"embeddable":true,"href":"https:\/\/zooprekes24.lt\/lv\/wp-json\/wp\/v2\/media\/20525"}],"wp:attachment":[{"href":"https:\/\/zooprekes24.lt\/lv\/wp-json\/wp\/v2\/media?parent=24170"}],"wp:term":[{"taxonomy":"product_brand","embeddable":true,"href":"https:\/\/zooprekes24.lt\/lv\/wp-json\/wp\/v2\/product_brand?post=24170"},{"taxonomy":"product_cat","embeddable":true,"href":"https:\/\/zooprekes24.lt\/lv\/wp-json\/wp\/v2\/product_cat?post=24170"},{"taxonomy":"product_tag","embeddable":true,"href":"https:\/\/zooprekes24.lt\/lv\/wp-json\/wp\/v2\/product_tag?post=24170"}],"curies":[{"name":"wp","href":"https:\/\/api.w.org\/{rel}","templated":true}]}}